{"id":11384,"date":"2023-02-23T06:50:48","date_gmt":"2023-02-23T06:50:48","guid":{"rendered":"https:\/\/canapando.net\/shop\/?page_id=11384"},"modified":"2026-04-22T13:13:37","modified_gmt":"2026-04-22T11:13:37","slug":"olio-cbd-e-cosmesi","status":"publish","type":"page","link":"https:\/\/canapando.net\/shop\/olio-cbd-e-cosmesi\/","title":{"rendered":"OLI E COSMECEUTICA CBD"},"content":{"rendered":"<p><div class=\"fusion-fullwidth fullwidth-box fusion-builder-row-1 nonhundred-percent-fullwidth non-hundred-percent-height-scrolling\" style=\"background-color: rgba(255,255,255,0);background-position: center center;background-repeat: no-repeat;padding-top:0px;padding-right:0px;padding-bottom:0px;padding-left:0px;margin-bottom: 0px;margin-top: 0px;border-width: 0px 0px 0px 0px;border-color:#eae9e9;border-style:solid;\" ><div class=\"fusion-builder-row fusion-row\"><div class=\"fusion-layout-column fusion_builder_column fusion-builder-column-0 fusion_builder_column_1_1 1_1 fusion-one-full fusion-column-first fusion-column-last\" style=\"margin-top:0px;margin-bottom:20px;\"><div class=\"fusion-column-wrapper fusion-flex-column-wrapper-legacy\" style=\"background-position:left top;background-blend-mode: overlay;background-repeat:no-repeat;-webkit-background-size:cover;-moz-background-size:cover;-o-background-size:cover;background-size:cover;padding: 0px 0px 0px 0px;\"><div class=\"fusion-sep-clear\"><\/div><div class=\"fusion-separator fusion-full-width-sep\" style=\"margin-left: auto;margin-right: auto;margin-top:16px;width:100%;\"><\/div><div class=\"fusion-sep-clear\"><\/div><div class=\"imageframe-align-center\"><style>.fusion-imageframe.imageframe-1{ margin-bottom : 20px;}<\/style><span class=\" fusion-imageframe imageframe-none imageframe-1 hover-type-none\"><img decoding=\"async\" width=\"696\" height=\"102\" title=\"canapando lab\" src=\"https:\/\/canapando.net\/shop\/wp-content\/uploads\/2026\/03\/canapando-lab.jpg\" alt class=\"img-responsive wp-image-18281\" srcset=\"https:\/\/canapando.net\/shop\/wp-content\/uploads\/2026\/03\/canapando-lab-200x29.jpg 200w, https:\/\/canapando.net\/shop\/wp-content\/uploads\/2026\/03\/canapando-lab-400x59.jpg 400w, https:\/\/canapando.net\/shop\/wp-content\/uploads\/2026\/03\/canapando-lab-600x88.jpg 600w, https:\/\/canapando.net\/shop\/wp-content\/uploads\/2026\/03\/canapando-lab.jpg 696w\" sizes=\"(max-width: 800px) 100vw, 696px\" \/><\/span><\/div><div class=\"fusion-text fusion-text-1\"><p style=\"text-align: center;\"><strong>Canapando da quando ha iniziato la sua attivit\u00e0 \u00e8 sempre stata sinonimo di Passione, Ricerca e Qualit\u00e0.<\/strong><\/p>\n<\/div><div class=\"fusion-clearfix\"><\/div><\/div><\/div><\/div><\/div><div class=\"fusion-fullwidth fullwidth-box fusion-builder-row-2 fusion-flex-container has-pattern-background has-mask-background nonhundred-percent-fullwidth non-hundred-percent-height-scrolling\" style=\"background-color: rgba(255,255,255,0);background-position: center center;background-repeat: no-repeat;border-width: 0px 0px 0px 0px;border-color:#eae9e9;border-style:solid;\" ><div class=\"fusion-builder-row fusion-row fusion-flex-align-items-flex-start\" style=\"max-width:1248px;margin-left: calc(-4% \/ 2 );margin-right: calc(-4% \/ 2 );\"><div class=\"fusion-layout-column fusion_builder_column fusion-builder-column-1 fusion_builder_column_1_6 1_6 fusion-flex-column\"><div class=\"fusion-column-wrapper fusion-flex-justify-content-flex-start fusion-content-layout-column\" style=\"background-position:left top;background-repeat:no-repeat;-webkit-background-size:cover;-moz-background-size:cover;-o-background-size:cover;background-size:cover;padding: 0px 0px 0px 0px;\"><\/div><style type=\"text\/css\">.fusion-body .fusion-builder-column-1{width:16.666666666667% !important;margin-top : 0px;margin-bottom : 20px;}.fusion-builder-column-1 > .fusion-column-wrapper {padding-top : 0px !important;padding-right : 0px !important;margin-right : 11.52%;padding-bottom : 0px !important;padding-left : 0px !important;margin-left : 11.52%;}@media only screen and (max-width:1024px) {.fusion-body .fusion-builder-column-1{width:100% !important;order : 0;}.fusion-builder-column-1 > .fusion-column-wrapper {margin-right : 1.92%;margin-left : 1.92%;}}@media only screen and (max-width:640px) {.fusion-body .fusion-builder-column-1{width:100% !important;order : 0;}.fusion-builder-column-1 > .fusion-column-wrapper {margin-right : 1.92%;margin-left : 1.92%;}}<\/style><\/div><div class=\"fusion-layout-column fusion_builder_column fusion-builder-column-2 fusion_builder_column_1_3 1_3 fusion-flex-column\"><div class=\"fusion-column-wrapper fusion-flex-justify-content-flex-start fusion-content-layout-column\" style=\"background-position:left top;background-repeat:no-repeat;-webkit-background-size:cover;-moz-background-size:cover;-o-background-size:cover;background-size:cover;padding: 0px 0px 0px 0px;\"><div style=\"text-align:center;\"><span class=\" fusion-imageframe imageframe-dropshadow imageframe-2 hover-type-zoomin\" style=\"border-radius:30px;-webkit-box-shadow: 3px 3px 7px rgba(0,0,0,0.3);box-shadow: 3px 3px 7px rgba(0,0,0,0.3);\"><a class=\"fusion-no-lightbox\" href=\"https:\/\/canapando.net\/shop\/categoria-prodotto\/cbd\/\" target=\"_self\" aria-label=\"WhatsApp Image 2026-01-28 at 13.22.25\"><img decoding=\"async\" width=\"800\" height=\"800\" src=\"https:\/\/canapando.net\/shop\/wp-content\/uploads\/2026\/01\/WhatsApp-Image-2026-01-28-at-13.22.25.jpeg\" alt class=\"img-responsive wp-image-17739\" srcset=\"https:\/\/canapando.net\/shop\/wp-content\/uploads\/2026\/01\/WhatsApp-Image-2026-01-28-at-13.22.25-200x200.jpeg 200w, https:\/\/canapando.net\/shop\/wp-content\/uploads\/2026\/01\/WhatsApp-Image-2026-01-28-at-13.22.25-400x400.jpeg 400w, https:\/\/canapando.net\/shop\/wp-content\/uploads\/2026\/01\/WhatsApp-Image-2026-01-28-at-13.22.25-600x600.jpeg 600w, https:\/\/canapando.net\/shop\/wp-content\/uploads\/2026\/01\/WhatsApp-Image-2026-01-28-at-13.22.25.jpeg 800w\" sizes=\"(max-width: 1024px) 100vw, (max-width: 640px) 100vw, 400px\" \/><\/a><\/span><\/div><div class=\"fusion-separator fusion-full-width-sep\" style=\"align-self: center;margin-left: auto;margin-right: auto;margin-top:15px;width:100%;\"><\/div><div class=\"fusion-text fusion-text-2 bottonesez\" style=\"line-height:20px;font-family:&quot;Raleway&quot;;font-weight:700;\" id=\"sup1\"><h2 id=\"cbnn\" style=\"text-align: center; padding: 10px 0; margin-bottom: 0px;\"><a href=\"https:\/\/canapando.net\/shop\/categoria-prodotto\/cbd\/\"><span style=\"color: #ffffff;\"><strong>Olio CBD<\/strong><\/span><\/a><\/h2>\n<\/div><\/div><style type=\"text\/css\">.fusion-body .fusion-builder-column-2{width:33.333333333333% !important;margin-top : 0px;margin-bottom : 20px;}.fusion-builder-column-2 > .fusion-column-wrapper {padding-top : 0px !important;padding-right : 0px !important;margin-right : 5.76%;padding-bottom : 0px !important;padding-left : 0px !important;margin-left : 5.76%;}@media only screen and (max-width:1024px) {.fusion-body .fusion-builder-column-2{width:100% !important;order : 0;}.fusion-builder-column-2 > .fusion-column-wrapper {margin-right : 1.92%;margin-left : 1.92%;}}@media only screen and (max-width:640px) {.fusion-body .fusion-builder-column-2{width:100% !important;order : 0;}.fusion-builder-column-2 > .fusion-column-wrapper {margin-right : 1.92%;margin-left : 1.92%;}}<\/style><\/div><div class=\"fusion-layout-column fusion_builder_column fusion-builder-column-3 fusion_builder_column_1_3 1_3 fusion-flex-column\"><div class=\"fusion-column-wrapper fusion-flex-justify-content-flex-start fusion-content-layout-column\" style=\"background-position:left top;background-repeat:no-repeat;-webkit-background-size:cover;-moz-background-size:cover;-o-background-size:cover;background-size:cover;padding: 0px 0px 0px 0px;\"><div style=\"text-align:center;\"><span class=\" fusion-imageframe imageframe-dropshadow imageframe-3 hover-type-zoomin\" style=\"border-radius:30px;-webkit-box-shadow: 3px 3px 7px rgba(0,0,0,0.3);box-shadow: 3px 3px 7px rgba(0,0,0,0.3);\"><a class=\"fusion-no-lightbox\" href=\"https:\/\/canapando.net\/shop\/categoria-prodotto\/creme\/\" target=\"_self\" aria-label=\"cosmeceutica- -nuova\"><img decoding=\"async\" width=\"800\" height=\"800\" src=\"https:\/\/canapando.net\/shop\/wp-content\/uploads\/2025\/07\/cosmeceutica-nuova.jpeg\" alt class=\"img-responsive wp-image-16193\" srcset=\"https:\/\/canapando.net\/shop\/wp-content\/uploads\/2025\/07\/cosmeceutica-nuova-200x200.jpeg 200w, https:\/\/canapando.net\/shop\/wp-content\/uploads\/2025\/07\/cosmeceutica-nuova-400x400.jpeg 400w, https:\/\/canapando.net\/shop\/wp-content\/uploads\/2025\/07\/cosmeceutica-nuova-600x600.jpeg 600w, https:\/\/canapando.net\/shop\/wp-content\/uploads\/2025\/07\/cosmeceutica-nuova.jpeg 800w\" sizes=\"(max-width: 1024px) 100vw, (max-width: 640px) 100vw, 400px\" \/><\/a><\/span><\/div><div class=\"fusion-separator fusion-full-width-sep\" style=\"align-self: center;margin-left: auto;margin-right: auto;margin-top:15px;width:100%;\"><\/div><div class=\"fusion-text fusion-text-3 bottonesez\" style=\"line-height:20px;font-family:&quot;Raleway&quot;;font-weight:700;\" id=\"sup1\"><h2 id=\"cbnn\" style=\"text-align: center; padding: 10px 0; margin-bottom: 0px;\"><a href=\"https:\/\/canapando.net\/shop\/categoria-prodotto\/creme\/\"><span style=\"color: #ffffff;\"><strong>Cosmeceutica<\/strong><\/span><\/a><\/h2>\n<\/div><\/div><style type=\"text\/css\">.fusion-body .fusion-builder-column-3{width:33.333333333333% !important;margin-top : 0px;margin-bottom : 20px;}.fusion-builder-column-3 > .fusion-column-wrapper {padding-top : 0px !important;padding-right : 0px !important;margin-right : 5.76%;padding-bottom : 0px !important;padding-left : 0px !important;margin-left : 5.76%;}@media only screen and (max-width:1024px) {.fusion-body .fusion-builder-column-3{width:100% !important;order : 0;}.fusion-builder-column-3 > .fusion-column-wrapper {margin-right : 1.92%;margin-left : 1.92%;}}@media only screen and (max-width:640px) {.fusion-body .fusion-builder-column-3{width:100% !important;order : 0;}.fusion-builder-column-3 > .fusion-column-wrapper {margin-right : 1.92%;margin-left : 1.92%;}}<\/style><\/div><\/div><style type=\"text\/css\">.fusion-body .fusion-flex-container.fusion-builder-row-2{ padding-top : 0px;margin-top : 0px;padding-right : 0px;padding-bottom : 0px;margin-bottom : 0px;padding-left : 0px;}<\/style><\/div><\/p>\n","protected":false},"excerpt":{"rendered":"","protected":false},"author":1035,"featured_media":0,"parent":0,"menu_order":0,"comment_status":"closed","ping_status":"closed","template":"100-width.php","meta":{"_acf_changed":false,"_joinchat":[],"footnotes":""},"class_list":["post-11384","page","type-page","status-publish","hentry"],"acf":[],"yoast_head":"<!-- This site is optimized with the Yoast SEO plugin v27.5 - https:\/\/yoast.com\/product\/yoast-seo-wordpress\/ -->\n<title>Oli CBD fino al 30% &amp; Cosmesi a Base di CBD<\/title>\n<meta name=\"description\" content=\"Canapando\u00ae \u00e8 leader in Italia di prodotti a base di CBD, grazie agli olii full spectrum e alla vasta gamma di prodotti cosmetici a base di CBD.\" \/>\n<meta name=\"robots\" content=\"index, follow, max-snippet:-1, max-image-preview:large, max-video-preview:-1\" \/>\n<link rel=\"canonical\" href=\"https:\/\/canapando.net\/shop\/olio-cbd-e-cosmesi\/\" \/>\n<meta name=\"twitter:label1\" content=\"Tempo di lettura stimato\" \/>\n\t<meta name=\"twitter:data1\" content=\"9 minuti\" \/>\n<script type=\"application\/ld+json\" class=\"yoast-schema-graph\">{\"@context\":\"https:\\\/\\\/schema.org\",\"@graph\":[{\"@type\":\"WebPage\",\"@id\":\"https:\\\/\\\/canapando.net\\\/shop\\\/olio-cbd-e-cosmesi\\\/\",\"url\":\"https:\\\/\\\/canapando.net\\\/shop\\\/olio-cbd-e-cosmesi\\\/\",\"name\":\"Oli CBD fino al 30% & Cosmesi a Base di CBD\",\"isPartOf\":{\"@id\":\"https:\\\/\\\/canapando.net\\\/shop\\\/#website\"},\"datePublished\":\"2023-02-23T06:50:48+00:00\",\"dateModified\":\"2026-04-22T11:13:37+00:00\",\"description\":\"Canapando\u00ae \u00e8 leader in Italia di prodotti a base di CBD, grazie agli olii full spectrum e alla vasta gamma di prodotti cosmetici a base di CBD.\",\"breadcrumb\":{\"@id\":\"https:\\\/\\\/canapando.net\\\/shop\\\/olio-cbd-e-cosmesi\\\/#breadcrumb\"},\"inLanguage\":\"it-IT\",\"potentialAction\":[{\"@type\":\"ReadAction\",\"target\":[\"https:\\\/\\\/canapando.net\\\/shop\\\/olio-cbd-e-cosmesi\\\/\"]}]},{\"@type\":\"BreadcrumbList\",\"@id\":\"https:\\\/\\\/canapando.net\\\/shop\\\/olio-cbd-e-cosmesi\\\/#breadcrumb\",\"itemListElement\":[{\"@type\":\"ListItem\",\"position\":1,\"name\":\"Home\",\"item\":\"https:\\\/\\\/canapando.net\\\/shop\\\/\"},{\"@type\":\"ListItem\",\"position\":2,\"name\":\"OLI E COSMECEUTICA CBD\"}]},{\"@type\":\"WebSite\",\"@id\":\"https:\\\/\\\/canapando.net\\\/shop\\\/#website\",\"url\":\"https:\\\/\\\/canapando.net\\\/shop\\\/\",\"name\":\"Canapando Shop\",\"description\":\"Hemp shop Roma\",\"publisher\":{\"@id\":\"https:\\\/\\\/canapando.net\\\/shop\\\/#organization\"},\"potentialAction\":[{\"@type\":\"SearchAction\",\"target\":{\"@type\":\"EntryPoint\",\"urlTemplate\":\"https:\\\/\\\/canapando.net\\\/shop\\\/?s={search_term_string}\"},\"query-input\":{\"@type\":\"PropertyValueSpecification\",\"valueRequired\":true,\"valueName\":\"search_term_string\"}}],\"inLanguage\":\"it-IT\"},{\"@type\":\"Organization\",\"@id\":\"https:\\\/\\\/canapando.net\\\/shop\\\/#organization\",\"name\":\"Canapando\u00ae\",\"url\":\"https:\\\/\\\/canapando.net\\\/shop\\\/\",\"logo\":{\"@type\":\"ImageObject\",\"inLanguage\":\"it-IT\",\"@id\":\"https:\\\/\\\/canapando.net\\\/shop\\\/#\\\/schema\\\/logo\\\/image\\\/\",\"url\":\"https:\\\/\\\/canapando.net\\\/shop\\\/wp-content\\\/uploads\\\/2021\\\/01\\\/logocanapando.png\",\"contentUrl\":\"https:\\\/\\\/canapando.net\\\/shop\\\/wp-content\\\/uploads\\\/2021\\\/01\\\/logocanapando.png\",\"width\":197,\"height\":110,\"caption\":\"Canapando\u00ae\"},\"image\":{\"@id\":\"https:\\\/\\\/canapando.net\\\/shop\\\/#\\\/schema\\\/logo\\\/image\\\/\"},\"sameAs\":[\"https:\\\/\\\/it-it.facebook.com\\\/canapando.offical\\\/\"]}]}<\/script>\n<!-- \/ Yoast SEO plugin. -->","yoast_head_json":{"title":"Oli CBD fino al 30% & Cosmesi a Base di CBD","description":"Canapando\u00ae \u00e8 leader in Italia di prodotti a base di CBD, grazie agli olii full spectrum e alla vasta gamma di prodotti cosmetici a base di CBD.","robots":{"index":"index","follow":"follow","max-snippet":"max-snippet:-1","max-image-preview":"max-image-preview:large","max-video-preview":"max-video-preview:-1"},"canonical":"https:\/\/canapando.net\/shop\/olio-cbd-e-cosmesi\/","twitter_misc":{"Tempo di lettura stimato":"9 minuti"},"schema":{"@context":"https:\/\/schema.org","@graph":[{"@type":"WebPage","@id":"https:\/\/canapando.net\/shop\/olio-cbd-e-cosmesi\/","url":"https:\/\/canapando.net\/shop\/olio-cbd-e-cosmesi\/","name":"Oli CBD fino al 30% & Cosmesi a Base di CBD","isPartOf":{"@id":"https:\/\/canapando.net\/shop\/#website"},"datePublished":"2023-02-23T06:50:48+00:00","dateModified":"2026-04-22T11:13:37+00:00","description":"Canapando\u00ae \u00e8 leader in Italia di prodotti a base di CBD, grazie agli olii full spectrum e alla vasta gamma di prodotti cosmetici a base di CBD.","breadcrumb":{"@id":"https:\/\/canapando.net\/shop\/olio-cbd-e-cosmesi\/#breadcrumb"},"inLanguage":"it-IT","potentialAction":[{"@type":"ReadAction","target":["https:\/\/canapando.net\/shop\/olio-cbd-e-cosmesi\/"]}]},{"@type":"BreadcrumbList","@id":"https:\/\/canapando.net\/shop\/olio-cbd-e-cosmesi\/#breadcrumb","itemListElement":[{"@type":"ListItem","position":1,"name":"Home","item":"https:\/\/canapando.net\/shop\/"},{"@type":"ListItem","position":2,"name":"OLI E COSMECEUTICA CBD"}]},{"@type":"WebSite","@id":"https:\/\/canapando.net\/shop\/#website","url":"https:\/\/canapando.net\/shop\/","name":"Canapando Shop","description":"Hemp shop Roma","publisher":{"@id":"https:\/\/canapando.net\/shop\/#organization"},"potentialAction":[{"@type":"SearchAction","target":{"@type":"EntryPoint","urlTemplate":"https:\/\/canapando.net\/shop\/?s={search_term_string}"},"query-input":{"@type":"PropertyValueSpecification","valueRequired":true,"valueName":"search_term_string"}}],"inLanguage":"it-IT"},{"@type":"Organization","@id":"https:\/\/canapando.net\/shop\/#organization","name":"Canapando\u00ae","url":"https:\/\/canapando.net\/shop\/","logo":{"@type":"ImageObject","inLanguage":"it-IT","@id":"https:\/\/canapando.net\/shop\/#\/schema\/logo\/image\/","url":"https:\/\/canapando.net\/shop\/wp-content\/uploads\/2021\/01\/logocanapando.png","contentUrl":"https:\/\/canapando.net\/shop\/wp-content\/uploads\/2021\/01\/logocanapando.png","width":197,"height":110,"caption":"Canapando\u00ae"},"image":{"@id":"https:\/\/canapando.net\/shop\/#\/schema\/logo\/image\/"},"sameAs":["https:\/\/it-it.facebook.com\/canapando.offical\/"]}]}},"_links":{"self":[{"href":"https:\/\/canapando.net\/shop\/wp-json\/wp\/v2\/pages\/11384","targetHints":{"allow":["GET"]}}],"collection":[{"href":"https:\/\/canapando.net\/shop\/wp-json\/wp\/v2\/pages"}],"about":[{"href":"https:\/\/canapando.net\/shop\/wp-json\/wp\/v2\/types\/page"}],"author":[{"embeddable":true,"href":"https:\/\/canapando.net\/shop\/wp-json\/wp\/v2\/users\/1035"}],"replies":[{"embeddable":true,"href":"https:\/\/canapando.net\/shop\/wp-json\/wp\/v2\/comments?post=11384"}],"version-history":[{"count":50,"href":"https:\/\/canapando.net\/shop\/wp-json\/wp\/v2\/pages\/11384\/revisions"}],"predecessor-version":[{"id":18394,"href":"https:\/\/canapando.net\/shop\/wp-json\/wp\/v2\/pages\/11384\/revisions\/18394"}],"wp:attachment":[{"href":"https:\/\/canapando.net\/shop\/wp-json\/wp\/v2\/media?parent=11384"}],"curies":[{"name":"wp","href":"https:\/\/api.w.org\/{rel}","templated":true}]}}