{"id":152,"date":"2017-10-15T15:10:26","date_gmt":"2017-10-15T15:10:26","guid":{"rendered":"http:\/\/www.canapando.net\/?page_id=152"},"modified":"2021-02-02T15:38:03","modified_gmt":"2021-02-02T15:38:03","slug":"faq","status":"publish","type":"page","link":"https:\/\/canapando.net\/shop\/faq\/","title":{"rendered":"FAQ"},"content":{"rendered":"<div class=\"fusion-fullwidth fullwidth-box fusion-builder-row-1 nonhundred-percent-fullwidth non-hundred-percent-height-scrolling\" style=\"background-color: rgba(255,255,255,0);background-position: center center;background-repeat: no-repeat;padding-top:0px;padding-right:0px;padding-bottom:0px;padding-left:0px;margin-bottom: 0px;margin-top: 0px;border-width: 0px 0px 0px 0px;border-color:#eae9e9;border-style:solid;\" ><div class=\"fusion-builder-row fusion-row\"><div class=\"fusion-layout-column fusion_builder_column fusion-builder-column-0 fusion_builder_column_1_1 1_1 fusion-one-full fusion-column-first fusion-column-last\" style=\"margin-top:0px;margin-bottom:20px;\"><div class=\"fusion-column-wrapper fusion-flex-column-wrapper-legacy\" style=\"background-position:left top;background-repeat:no-repeat;-webkit-background-size:cover;-moz-background-size:cover;-o-background-size:cover;background-size:cover;padding: 0px 0px 0px 0px;\"><style type=\"text\/css\"><\/style><div class=\"fusion-title title fusion-title-1 fusion-title-center fusion-title-text fusion-title-size-one\" style=\"margin-top:0px;margin-right:0px;margin-bottom:31px;margin-left:0px;\"><div class=\"title-sep-container title-sep-container-left\"><div class=\"title-sep sep-double sep-solid\" style=\"border-color:#e0dede;\"><\/div><\/div><span class=\"awb-title-spacer\"><\/span><h1 class=\"title-heading-center\" style=\"margin:0;\">FAQ<\/h1><span class=\"awb-title-spacer\"><\/span><div class=\"title-sep-container title-sep-container-right\"><div class=\"title-sep sep-double sep-solid\" style=\"border-color:#e0dede;\"><\/div><\/div><\/div><div class=\"fusion-text fusion-text-1\"><h2>Qui troverai la tua risposta alla domande pi\u00f9 frequenti che riguardano l&#8217;attivit\u00e0 di Canapando<\/h2>\n<\/div><style type=\"text\/css\">#accordion-152-1 .fusion-panel:hover{ border-color: #e0dede } #accordion-152-1 .fusion-panel { border-color:#e0dede; }.fusion-accordian  #accordion-152-1 .panel-title a .fa-fusion-box{ color: #ffffff;}.fusion-accordian  #accordion-152-1 .panel-title a .fa-fusion-box:before{ font-size: 13px; width: 13px;}.fusion-accordian  #accordion-152-1 .panel-title a{font-size:13px;color:#399934;font-family:\"Raleway\";font-weight:400;}.fusion-accordian  #accordion-152-1 .toggle-content{font-size:16px;color:#2d2d2d;font-family:\"Work Sans\";font-weight:400;}.fusion-accordian  #accordion-152-1 .fa-fusion-box { background-color: #1d5015;border-color: #1d5015;}.fusion-accordian  #accordion-152-1 .panel-title a:not(.active):hover, #accordion-152-1 .fusion-toggle-boxed-mode:hover .panel-title a { color: #074f00;}.fusion-accordian  #accordion-152-1 .panel-title .active .fa-fusion-box,.fusion-accordian  #accordion-152-1 .panel-title a:not(.active):hover .fa-fusion-box { background-color: #074f00!important;border-color: #074f00!important;}<\/style><div class=\"accordian fusion-accordian\"><div class=\"panel-group\" id=\"accordion-152-1\"><style type=\"text\/css\">.fusion-accordian  #accordion-152-1 .panel-77e0850efc43d22d5 .panel-title a{}.fusion-accordian  #accordion-152-1 .panel-77e0850efc43d22d5 .toggle-content{}<\/style><div class=\"fusion-panel panel-default panel-77e0850efc43d22d5\"><div class=\"panel-heading\"><h4 class=\"panel-title toggle\" id=\"toggle_77e0850efc43d22d5\"><a aria-expanded=\"false\" aria-controls=\"77e0850efc43d22d5\" role=\"button\" data-toggle=\"collapse\" data-parent=\"#accordion-152-1\" data-target=\"#77e0850efc43d22d5\" href=\"#77e0850efc43d22d5\"><span class=\"fusion-toggle-icon-wrapper\" aria-hidden=\"true\"><i class=\"fa-fusion-box active-icon awb-icon-minus\" aria-hidden=\"true\"><\/i><i class=\"fa-fusion-box inactive-icon awb-icon-plus\" aria-hidden=\"true\"><\/i><\/span><span class=\"fusion-toggle-heading\">E' legale comprare marijuana?<\/span><\/a><\/h4><\/div><div id=\"77e0850efc43d22d5\" class=\"panel-collapse collapse \" araia-labelledby=\"toggle_77e0850efc43d22d5\"><div class=\"panel-body toggle-content fusion-clearfix\">\n<div>Con la parola\u00a0<strong>Marijuana<\/strong>\u00a0ci riferiamo, nello specifico, solo ai fiori di canapa (i quali studi al riguardo ne evincono un potere antiparassitario grazie ai terpeni ed all\u2019odore pungente la quale chimica allontana i parassiti) e con la parola\u00a0<strong>Legale<\/strong>\u00a0evidenziamo il fatto che abbia un THC\u00a0leggero,\u00a0<strong>inferiore<\/strong>\u00a0allo 0,6% e molto ricca di CBD, a differenza di quella medica, distribuita dalle farmacie e coltivata esclusivamente dallo Stato Italiano che puo\u2019 avere THC\u00a0molto superiore allo 0,6%. In campo terapeutico sia il THC\u00a0che il CBD\u00a0vengono usati per la cura di varie patologie.<\/div>\n<\/div><\/div><\/div><style type=\"text\/css\">.fusion-accordian  #accordion-152-1 .panel-620a7f4814f0ef1eb .panel-title a{}.fusion-accordian  #accordion-152-1 .panel-620a7f4814f0ef1eb .toggle-content{}<\/style><div class=\"fusion-panel panel-default panel-620a7f4814f0ef1eb\"><div class=\"panel-heading\"><h4 class=\"panel-title toggle\" id=\"toggle_620a7f4814f0ef1eb\"><a aria-expanded=\"false\" aria-controls=\"620a7f4814f0ef1eb\" role=\"button\" data-toggle=\"collapse\" data-parent=\"#accordion-152-1\" data-target=\"#620a7f4814f0ef1eb\" href=\"#620a7f4814f0ef1eb\"><span class=\"fusion-toggle-icon-wrapper\" aria-hidden=\"true\"><i class=\"fa-fusion-box active-icon awb-icon-minus\" aria-hidden=\"true\"><\/i><i class=\"fa-fusion-box inactive-icon awb-icon-plus\" aria-hidden=\"true\"><\/i><\/span><span class=\"fusion-toggle-heading\">La vostra canapa \u00e8 biologica?<\/span><\/a><\/h4><\/div><div id=\"620a7f4814f0ef1eb\" class=\"panel-collapse collapse \" araia-labelledby=\"toggle_620a7f4814f0ef1eb\"><div class=\"panel-body toggle-content fusion-clearfix\">\n<p>La nostra marijuana \u00e8 al 100% biologica, coltivata in maniera naturale, senza l&#8217;utilizzo di sostanze nocive.<\/p>\n<\/div><\/div><\/div><style type=\"text\/css\">.fusion-accordian  #accordion-152-1 .panel-df999a2734192d0ce .panel-title a{}.fusion-accordian  #accordion-152-1 .panel-df999a2734192d0ce .toggle-content{}<\/style><div class=\"fusion-panel panel-default panel-df999a2734192d0ce\"><div class=\"panel-heading\"><h4 class=\"panel-title toggle\" id=\"toggle_df999a2734192d0ce\"><a aria-expanded=\"false\" aria-controls=\"df999a2734192d0ce\" role=\"button\" data-toggle=\"collapse\" data-parent=\"#accordion-152-1\" data-target=\"#df999a2734192d0ce\" href=\"#df999a2734192d0ce\"><span class=\"fusion-toggle-icon-wrapper\" aria-hidden=\"true\"><i class=\"fa-fusion-box active-icon awb-icon-minus\" aria-hidden=\"true\"><\/i><i class=\"fa-fusion-box inactive-icon awb-icon-plus\" aria-hidden=\"true\"><\/i><\/span><span class=\"fusion-toggle-heading\">E' legale comprare da voi?<\/span><\/a><\/h4><\/div><div id=\"df999a2734192d0ce\" class=\"panel-collapse collapse \" araia-labelledby=\"toggle_df999a2734192d0ce\"><div class=\"panel-body toggle-content fusion-clearfix\">\n<p>I nostri fiori di canapa, sono legali al 100% poich\u00e9 contengono THC in una percentuale inferiore all&#8217;0.6%.<\/p>\n<\/div><\/div><\/div><style type=\"text\/css\">.fusion-accordian  #accordion-152-1 .panel-d2ed1a517fbe66e9f .panel-title a{}.fusion-accordian  #accordion-152-1 .panel-d2ed1a517fbe66e9f .toggle-content{}<\/style><div class=\"fusion-panel panel-default panel-d2ed1a517fbe66e9f\"><div class=\"panel-heading\"><h4 class=\"panel-title toggle\" id=\"toggle_d2ed1a517fbe66e9f\"><a aria-expanded=\"false\" aria-controls=\"d2ed1a517fbe66e9f\" role=\"button\" data-toggle=\"collapse\" data-parent=\"#accordion-152-1\" data-target=\"#d2ed1a517fbe66e9f\" href=\"#d2ed1a517fbe66e9f\"><span class=\"fusion-toggle-icon-wrapper\" aria-hidden=\"true\"><i class=\"fa-fusion-box active-icon awb-icon-minus\" aria-hidden=\"true\"><\/i><i class=\"fa-fusion-box inactive-icon awb-icon-plus\" aria-hidden=\"true\"><\/i><\/span><span class=\"fusion-toggle-heading\">Che cosa \u00e8 il CBD?<\/span><\/a><\/h4><\/div><div id=\"d2ed1a517fbe66e9f\" class=\"panel-collapse collapse \" araia-labelledby=\"toggle_d2ed1a517fbe66e9f\"><div class=\"panel-body toggle-content fusion-clearfix\">\n<div class=\"fusion-toggle-heading\">CBD \u00e8 l\u2019acronimo di \u201cCANNABIDIOLO\u201d. \u00c8 una delle sostanze pi\u00f9 importanti presenti nella canapa, insieme al THC, \u00e8 usato per scopi medici per molte patologie, soprattutto croniche.<\/div>\n<\/div><\/div><\/div><style type=\"text\/css\">.fusion-accordian  #accordion-152-1 .panel-82daa812856adffc3 .panel-title a{}.fusion-accordian  #accordion-152-1 .panel-82daa812856adffc3 .toggle-content{}<\/style><div class=\"fusion-panel panel-default panel-82daa812856adffc3\"><div class=\"panel-heading\"><h4 class=\"panel-title toggle\" id=\"toggle_82daa812856adffc3\"><a aria-expanded=\"false\" aria-controls=\"82daa812856adffc3\" role=\"button\" data-toggle=\"collapse\" data-parent=\"#accordion-152-1\" data-target=\"#82daa812856adffc3\" href=\"#82daa812856adffc3\"><span class=\"fusion-toggle-icon-wrapper\" aria-hidden=\"true\"><i class=\"fa-fusion-box active-icon awb-icon-minus\" aria-hidden=\"true\"><\/i><i class=\"fa-fusion-box inactive-icon awb-icon-plus\" aria-hidden=\"true\"><\/i><\/span><span class=\"fusion-toggle-heading\">Che cos'\u00e8 il THC?<\/span><\/a><\/h4><\/div><div id=\"82daa812856adffc3\" class=\"panel-collapse collapse \" araia-labelledby=\"toggle_82daa812856adffc3\"><div class=\"panel-body toggle-content fusion-clearfix\">\n<p>Il THC (Delta-9-tetraidrocannabinolo) \u00e8 il principio attivo della canapa che ha effetti psicoattivi sul cervello, la nostra Marijuana legale ha un contenuto molto basso di THC, quindi non presenta effetti psicoattivi.<\/p>\n<\/div><\/div><\/div><\/div><\/div><div class=\"fusion-clearfix\"><\/div><\/div><\/div><\/div><\/div>\n","protected":false},"excerpt":{"rendered":"","protected":false},"author":1,"featured_media":0,"parent":0,"menu_order":0,"comment_status":"closed","ping_status":"closed","template":"","meta":{"_acf_changed":false,"_joinchat":[],"footnotes":""},"class_list":["post-152","page","type-page","status-publish","hentry"],"acf":[],"yoast_head":"<!-- This site is optimized with the Yoast SEO plugin v27.4 - https:\/\/yoast.com\/product\/yoast-seo-wordpress\/ -->\n<title>FAQ - Canapando Shop<\/title>\n<meta name=\"description\" content=\"VM18: Faq sui nostri prodotti, qui troverai tutte le risposte che stai cercando sul nostro mondo, cannabis light, canapa, hemp shop | 100% legale&quot;\" \/>\n<meta name=\"robots\" content=\"index, follow, max-snippet:-1, max-image-preview:large, max-video-preview:-1\" \/>\n<link rel=\"canonical\" href=\"https:\/\/canapando.net\/shop\/faq\/\" \/>\n<meta name=\"twitter:label1\" content=\"Tempo di lettura stimato\" \/>\n\t<meta name=\"twitter:data1\" content=\"3 minuti\" \/>\n<script type=\"application\/ld+json\" class=\"yoast-schema-graph\">{\"@context\":\"https:\\\/\\\/schema.org\",\"@graph\":[{\"@type\":\"WebPage\",\"@id\":\"https:\\\/\\\/canapando.net\\\/shop\\\/faq\\\/\",\"url\":\"https:\\\/\\\/canapando.net\\\/shop\\\/faq\\\/\",\"name\":\"FAQ - Canapando Shop\",\"isPartOf\":{\"@id\":\"https:\\\/\\\/canapando.net\\\/shop\\\/#website\"},\"datePublished\":\"2017-10-15T15:10:26+00:00\",\"dateModified\":\"2021-02-02T15:38:03+00:00\",\"description\":\"VM18: Faq sui nostri prodotti, qui troverai tutte le risposte che stai cercando sul nostro mondo, cannabis light, canapa, hemp shop | 100% legale\\\"\",\"breadcrumb\":{\"@id\":\"https:\\\/\\\/canapando.net\\\/shop\\\/faq\\\/#breadcrumb\"},\"inLanguage\":\"it-IT\",\"potentialAction\":[{\"@type\":\"ReadAction\",\"target\":[\"https:\\\/\\\/canapando.net\\\/shop\\\/faq\\\/\"]}]},{\"@type\":\"BreadcrumbList\",\"@id\":\"https:\\\/\\\/canapando.net\\\/shop\\\/faq\\\/#breadcrumb\",\"itemListElement\":[{\"@type\":\"ListItem\",\"position\":1,\"name\":\"Home\",\"item\":\"https:\\\/\\\/canapando.net\\\/shop\\\/\"},{\"@type\":\"ListItem\",\"position\":2,\"name\":\"FAQ\"}]},{\"@type\":\"WebSite\",\"@id\":\"https:\\\/\\\/canapando.net\\\/shop\\\/#website\",\"url\":\"https:\\\/\\\/canapando.net\\\/shop\\\/\",\"name\":\"Canapando Shop\",\"description\":\"Hemp shop Roma\",\"publisher\":{\"@id\":\"https:\\\/\\\/canapando.net\\\/shop\\\/#organization\"},\"potentialAction\":[{\"@type\":\"SearchAction\",\"target\":{\"@type\":\"EntryPoint\",\"urlTemplate\":\"https:\\\/\\\/canapando.net\\\/shop\\\/?s={search_term_string}\"},\"query-input\":{\"@type\":\"PropertyValueSpecification\",\"valueRequired\":true,\"valueName\":\"search_term_string\"}}],\"inLanguage\":\"it-IT\"},{\"@type\":\"Organization\",\"@id\":\"https:\\\/\\\/canapando.net\\\/shop\\\/#organization\",\"name\":\"Canapando\u00ae\",\"url\":\"https:\\\/\\\/canapando.net\\\/shop\\\/\",\"logo\":{\"@type\":\"ImageObject\",\"inLanguage\":\"it-IT\",\"@id\":\"https:\\\/\\\/canapando.net\\\/shop\\\/#\\\/schema\\\/logo\\\/image\\\/\",\"url\":\"https:\\\/\\\/canapando.net\\\/shop\\\/wp-content\\\/uploads\\\/2021\\\/01\\\/logocanapando.png\",\"contentUrl\":\"https:\\\/\\\/canapando.net\\\/shop\\\/wp-content\\\/uploads\\\/2021\\\/01\\\/logocanapando.png\",\"width\":197,\"height\":110,\"caption\":\"Canapando\u00ae\"},\"image\":{\"@id\":\"https:\\\/\\\/canapando.net\\\/shop\\\/#\\\/schema\\\/logo\\\/image\\\/\"},\"sameAs\":[\"https:\\\/\\\/it-it.facebook.com\\\/canapando.offical\\\/\"]}]}<\/script>\n<!-- \/ Yoast SEO plugin. -->","yoast_head_json":{"title":"FAQ - Canapando Shop","description":"VM18: Faq sui nostri prodotti, qui troverai tutte le risposte che stai cercando sul nostro mondo, cannabis light, canapa, hemp shop | 100% legale\"","robots":{"index":"index","follow":"follow","max-snippet":"max-snippet:-1","max-image-preview":"max-image-preview:large","max-video-preview":"max-video-preview:-1"},"canonical":"https:\/\/canapando.net\/shop\/faq\/","twitter_misc":{"Tempo di lettura stimato":"3 minuti"},"schema":{"@context":"https:\/\/schema.org","@graph":[{"@type":"WebPage","@id":"https:\/\/canapando.net\/shop\/faq\/","url":"https:\/\/canapando.net\/shop\/faq\/","name":"FAQ - Canapando Shop","isPartOf":{"@id":"https:\/\/canapando.net\/shop\/#website"},"datePublished":"2017-10-15T15:10:26+00:00","dateModified":"2021-02-02T15:38:03+00:00","description":"VM18: Faq sui nostri prodotti, qui troverai tutte le risposte che stai cercando sul nostro mondo, cannabis light, canapa, hemp shop | 100% legale\"","breadcrumb":{"@id":"https:\/\/canapando.net\/shop\/faq\/#breadcrumb"},"inLanguage":"it-IT","potentialAction":[{"@type":"ReadAction","target":["https:\/\/canapando.net\/shop\/faq\/"]}]},{"@type":"BreadcrumbList","@id":"https:\/\/canapando.net\/shop\/faq\/#breadcrumb","itemListElement":[{"@type":"ListItem","position":1,"name":"Home","item":"https:\/\/canapando.net\/shop\/"},{"@type":"ListItem","position":2,"name":"FAQ"}]},{"@type":"WebSite","@id":"https:\/\/canapando.net\/shop\/#website","url":"https:\/\/canapando.net\/shop\/","name":"Canapando Shop","description":"Hemp shop Roma","publisher":{"@id":"https:\/\/canapando.net\/shop\/#organization"},"potentialAction":[{"@type":"SearchAction","target":{"@type":"EntryPoint","urlTemplate":"https:\/\/canapando.net\/shop\/?s={search_term_string}"},"query-input":{"@type":"PropertyValueSpecification","valueRequired":true,"valueName":"search_term_string"}}],"inLanguage":"it-IT"},{"@type":"Organization","@id":"https:\/\/canapando.net\/shop\/#organization","name":"Canapando\u00ae","url":"https:\/\/canapando.net\/shop\/","logo":{"@type":"ImageObject","inLanguage":"it-IT","@id":"https:\/\/canapando.net\/shop\/#\/schema\/logo\/image\/","url":"https:\/\/canapando.net\/shop\/wp-content\/uploads\/2021\/01\/logocanapando.png","contentUrl":"https:\/\/canapando.net\/shop\/wp-content\/uploads\/2021\/01\/logocanapando.png","width":197,"height":110,"caption":"Canapando\u00ae"},"image":{"@id":"https:\/\/canapando.net\/shop\/#\/schema\/logo\/image\/"},"sameAs":["https:\/\/it-it.facebook.com\/canapando.offical\/"]}]}},"_links":{"self":[{"href":"https:\/\/canapando.net\/shop\/wp-json\/wp\/v2\/pages\/152","targetHints":{"allow":["GET"]}}],"collection":[{"href":"https:\/\/canapando.net\/shop\/wp-json\/wp\/v2\/pages"}],"about":[{"href":"https:\/\/canapando.net\/shop\/wp-json\/wp\/v2\/types\/page"}],"author":[{"embeddable":true,"href":"https:\/\/canapando.net\/shop\/wp-json\/wp\/v2\/users\/1"}],"replies":[{"embeddable":true,"href":"https:\/\/canapando.net\/shop\/wp-json\/wp\/v2\/comments?post=152"}],"version-history":[{"count":6,"href":"https:\/\/canapando.net\/shop\/wp-json\/wp\/v2\/pages\/152\/revisions"}],"predecessor-version":[{"id":5820,"href":"https:\/\/canapando.net\/shop\/wp-json\/wp\/v2\/pages\/152\/revisions\/5820"}],"wp:attachment":[{"href":"https:\/\/canapando.net\/shop\/wp-json\/wp\/v2\/media?parent=152"}],"curies":[{"name":"wp","href":"https:\/\/api.w.org\/{rel}","templated":true}]}}