{"id":10411,"date":"2022-10-21T14:51:12","date_gmt":"2022-10-21T14:51:12","guid":{"rendered":"https:\/\/canapando.net\/shop\/?post_type=product&#038;p=10411"},"modified":"2025-08-02T01:00:52","modified_gmt":"2025-08-01T23:00:52","slug":"dynavap-the-b","status":"publish","type":"product","link":"https:\/\/canapando.net\/shop\/prodotto\/dynavap-the-b\/","title":{"rendered":"Dynavap \u201cThe B\u201d"},"content":{"rendered":"<p><iframe title=\"YouTube video player\" src=\"https:\/\/www.youtube.com\/embed\/tqv9IX3z5A4\" width=\"100%\" height=\"480\" frameborder=\"0\" allowfullscreen=\"allowfullscreen\"><\/iframe><\/p>\n<p>Dynavap \u201cThe B\u201d, se sei alle prime armi con il mondo dello svapo, Il vaporizzatore <strong>VapCap B, (anche chiamato B)<\/strong> fa proprio al caso tuo, ti consentir\u00e0 di apprendere maggiori info rispetto alla vaporizzazione. Riceverai un vaporizzatore completo DynaVap \u201cThe B\u201d a un prezzo incredibilmente basso; il prodotto \u00e8 di grande qualit\u00e0, ha tutto ci\u00f2 che i fan apprezzano di questo marchio: prestazioni al top, risparmio in termini di materiale utilizzato, ottima qualit\u00e0 del vapore e addio batteria, ricarica e componenti elettroniche. B ti consentir\u00e0 di entrare con grande stile nell\u2019universo DynaVap!<\/p>\n<p>Se non sei certo che lo svapo sia adatto a te, VapCap B \u00e8 il modo migliore per provare.<\/p>\n<p>Infatti, non rappresenta un grande investimento per il tuo ingresso nel mondo della vaporizzazione. E, grazie alla sua efficienza e al risparmio di materiale, in pochissimo tempo il tuo investimento si ripagher\u00e0 autonomamente.<\/p>\n<p>VapCap B non ha una batteria o delle componenti elettroniche, si scalda manualmente con un accendino a butano \u2013 questo metodo di riscaldamento richiede un po\u2019 di pratica ma consente di liberarsi dalla necessit\u00e0 di ricaricare VapCap B \u00e8 caratterizzato da un design intramontabile, destinato per durare a lungo.<\/p>\n<p>Scopri tutta la gamma di vaporizzatori di Canapando\u00ae. <a href=\"https:\/\/canapando.net\/shop\/categoria-prodotto\/vaporizzatori-e-accessori\/\">Clicca qui.<\/a><\/p>\n<p>Vuoi saperne di pi\u00f9 sul\u00a0 mondo Canapando\u00ae? <a href=\"https:\/\/www.canapando.net\/\">Clicca qui<\/a><\/p>\n","protected":false},"excerpt":{"rendered":"<p>Il vaporizzatore VapCap B, anche chiamato B, rappresenta il modo pi\u00f9 economico per entrare a far parte dell\u2019universo DynaVap. Otterrai un vapore di buona qualit\u00e0 e prestazioni eccezionali a un prezzo estremamente conveniente! Altamente consigliato!<\/p>\n","protected":false},"featured_media":14171,"comment_status":"open","ping_status":"closed","template":"","meta":{"_acf_changed":false,"_joinchat":[]},"product_brand":[],"product_cat":[101,26,73],"product_tag":[],"class_list":{"0":"post-10411","1":"product","2":"type-product","3":"status-publish","4":"has-post-thumbnail","6":"product_cat-dynavap","7":"product_cat-vaporizzatori-dynavap","8":"product_cat-vaporizzatori-e-accessori","10":"first","11":"instock","12":"taxable","13":"shipping-taxable","14":"purchasable","15":"product-type-variable","16":"has-default-attributes"},"acf":{"tipologia":"","campo_libero":""},"yoast_head":"<!-- This site is optimized with the Yoast SEO plugin v27.4 - https:\/\/yoast.com\/product\/yoast-seo-wordpress\/ -->\n<title>Dynavap \u201cThe B\u201d - al Miglior prezzo Online - Canapando Shop<\/title>\n<meta name=\"description\" content=\"Dynavap \u201cThe B\u201d, Il vaporizzatore VapCap B, rappresenta il modo pi\u00f9 economico per entrare a far parte dell\u2019universo DynaVap. Acquistalo Ora - Canapando\u00ae\" \/>\n<meta name=\"robots\" content=\"index, follow, max-snippet:-1, max-image-preview:large, max-video-preview:-1\" \/>\n<link rel=\"canonical\" href=\"https:\/\/canapando.net\/shop\/prodotto\/dynavap-the-b\/\" \/>\n<meta name=\"twitter:label1\" content=\"Tempo di lettura stimato\" \/>\n\t<meta name=\"twitter:data1\" content=\"1 minuto\" \/>\n<script type=\"application\/ld+json\" class=\"yoast-schema-graph\">{\"@context\":\"https:\\\/\\\/schema.org\",\"@graph\":[{\"@type\":\"WebPage\",\"@id\":\"https:\\\/\\\/canapando.net\\\/shop\\\/prodotto\\\/dynavap-the-b\\\/\",\"url\":\"https:\\\/\\\/canapando.net\\\/shop\\\/prodotto\\\/dynavap-the-b\\\/\",\"name\":\"Dynavap \u201cThe B\u201d - al Miglior prezzo Online - Canapando Shop\",\"isPartOf\":{\"@id\":\"https:\\\/\\\/canapando.net\\\/shop\\\/#website\"},\"primaryImageOfPage\":{\"@id\":\"https:\\\/\\\/canapando.net\\\/shop\\\/prodotto\\\/dynavap-the-b\\\/#primaryimage\"},\"image\":{\"@id\":\"https:\\\/\\\/canapando.net\\\/shop\\\/prodotto\\\/dynavap-the-b\\\/#primaryimage\"},\"thumbnailUrl\":\"https:\\\/\\\/canapando.net\\\/shop\\\/wp-content\\\/uploads\\\/2024\\\/07\\\/1.jpg\",\"datePublished\":\"2022-10-21T14:51:12+00:00\",\"dateModified\":\"2025-08-01T23:00:52+00:00\",\"description\":\"Dynavap \u201cThe B\u201d, Il vaporizzatore VapCap B, rappresenta il modo pi\u00f9 economico per entrare a far parte dell\u2019universo DynaVap. Acquistalo Ora - Canapando\u00ae\",\"breadcrumb\":{\"@id\":\"https:\\\/\\\/canapando.net\\\/shop\\\/prodotto\\\/dynavap-the-b\\\/#breadcrumb\"},\"inLanguage\":\"it-IT\",\"potentialAction\":[{\"@type\":\"ReadAction\",\"target\":[\"https:\\\/\\\/canapando.net\\\/shop\\\/prodotto\\\/dynavap-the-b\\\/\"]}]},{\"@type\":\"ImageObject\",\"inLanguage\":\"it-IT\",\"@id\":\"https:\\\/\\\/canapando.net\\\/shop\\\/prodotto\\\/dynavap-the-b\\\/#primaryimage\",\"url\":\"https:\\\/\\\/canapando.net\\\/shop\\\/wp-content\\\/uploads\\\/2024\\\/07\\\/1.jpg\",\"contentUrl\":\"https:\\\/\\\/canapando.net\\\/shop\\\/wp-content\\\/uploads\\\/2024\\\/07\\\/1.jpg\",\"width\":600,\"height\":600},{\"@type\":\"BreadcrumbList\",\"@id\":\"https:\\\/\\\/canapando.net\\\/shop\\\/prodotto\\\/dynavap-the-b\\\/#breadcrumb\",\"itemListElement\":[{\"@type\":\"ListItem\",\"position\":1,\"name\":\"Home\",\"item\":\"https:\\\/\\\/canapando.net\\\/shop\\\/\"},{\"@type\":\"ListItem\",\"position\":2,\"name\":\"Shop\",\"item\":\"https:\\\/\\\/canapando.net\\\/shop\\\/negozio\\\/\"},{\"@type\":\"ListItem\",\"position\":3,\"name\":\"Dynavap \u201cThe B\u201d\"}]},{\"@type\":\"WebSite\",\"@id\":\"https:\\\/\\\/canapando.net\\\/shop\\\/#website\",\"url\":\"https:\\\/\\\/canapando.net\\\/shop\\\/\",\"name\":\"Canapando Shop\",\"description\":\"Hemp shop Roma\",\"publisher\":{\"@id\":\"https:\\\/\\\/canapando.net\\\/shop\\\/#organization\"},\"potentialAction\":[{\"@type\":\"SearchAction\",\"target\":{\"@type\":\"EntryPoint\",\"urlTemplate\":\"https:\\\/\\\/canapando.net\\\/shop\\\/?s={search_term_string}\"},\"query-input\":{\"@type\":\"PropertyValueSpecification\",\"valueRequired\":true,\"valueName\":\"search_term_string\"}}],\"inLanguage\":\"it-IT\"},{\"@type\":\"Organization\",\"@id\":\"https:\\\/\\\/canapando.net\\\/shop\\\/#organization\",\"name\":\"Canapando\u00ae\",\"url\":\"https:\\\/\\\/canapando.net\\\/shop\\\/\",\"logo\":{\"@type\":\"ImageObject\",\"inLanguage\":\"it-IT\",\"@id\":\"https:\\\/\\\/canapando.net\\\/shop\\\/#\\\/schema\\\/logo\\\/image\\\/\",\"url\":\"https:\\\/\\\/canapando.net\\\/shop\\\/wp-content\\\/uploads\\\/2021\\\/01\\\/logocanapando.png\",\"contentUrl\":\"https:\\\/\\\/canapando.net\\\/shop\\\/wp-content\\\/uploads\\\/2021\\\/01\\\/logocanapando.png\",\"width\":197,\"height\":110,\"caption\":\"Canapando\u00ae\"},\"image\":{\"@id\":\"https:\\\/\\\/canapando.net\\\/shop\\\/#\\\/schema\\\/logo\\\/image\\\/\"},\"sameAs\":[\"https:\\\/\\\/it-it.facebook.com\\\/canapando.offical\\\/\"]}]}<\/script>\n<!-- \/ Yoast SEO plugin. -->","yoast_head_json":{"title":"Dynavap \u201cThe B\u201d - al Miglior prezzo Online - Canapando Shop","description":"Dynavap \u201cThe B\u201d, Il vaporizzatore VapCap B, rappresenta il modo pi\u00f9 economico per entrare a far parte dell\u2019universo DynaVap. Acquistalo Ora - Canapando\u00ae","robots":{"index":"index","follow":"follow","max-snippet":"max-snippet:-1","max-image-preview":"max-image-preview:large","max-video-preview":"max-video-preview:-1"},"canonical":"https:\/\/canapando.net\/shop\/prodotto\/dynavap-the-b\/","twitter_misc":{"Tempo di lettura stimato":"1 minuto"},"schema":{"@context":"https:\/\/schema.org","@graph":[{"@type":"WebPage","@id":"https:\/\/canapando.net\/shop\/prodotto\/dynavap-the-b\/","url":"https:\/\/canapando.net\/shop\/prodotto\/dynavap-the-b\/","name":"Dynavap \u201cThe B\u201d - al Miglior prezzo Online - Canapando Shop","isPartOf":{"@id":"https:\/\/canapando.net\/shop\/#website"},"primaryImageOfPage":{"@id":"https:\/\/canapando.net\/shop\/prodotto\/dynavap-the-b\/#primaryimage"},"image":{"@id":"https:\/\/canapando.net\/shop\/prodotto\/dynavap-the-b\/#primaryimage"},"thumbnailUrl":"https:\/\/canapando.net\/shop\/wp-content\/uploads\/2024\/07\/1.jpg","datePublished":"2022-10-21T14:51:12+00:00","dateModified":"2025-08-01T23:00:52+00:00","description":"Dynavap \u201cThe B\u201d, Il vaporizzatore VapCap B, rappresenta il modo pi\u00f9 economico per entrare a far parte dell\u2019universo DynaVap. Acquistalo Ora - Canapando\u00ae","breadcrumb":{"@id":"https:\/\/canapando.net\/shop\/prodotto\/dynavap-the-b\/#breadcrumb"},"inLanguage":"it-IT","potentialAction":[{"@type":"ReadAction","target":["https:\/\/canapando.net\/shop\/prodotto\/dynavap-the-b\/"]}]},{"@type":"ImageObject","inLanguage":"it-IT","@id":"https:\/\/canapando.net\/shop\/prodotto\/dynavap-the-b\/#primaryimage","url":"https:\/\/canapando.net\/shop\/wp-content\/uploads\/2024\/07\/1.jpg","contentUrl":"https:\/\/canapando.net\/shop\/wp-content\/uploads\/2024\/07\/1.jpg","width":600,"height":600},{"@type":"BreadcrumbList","@id":"https:\/\/canapando.net\/shop\/prodotto\/dynavap-the-b\/#breadcrumb","itemListElement":[{"@type":"ListItem","position":1,"name":"Home","item":"https:\/\/canapando.net\/shop\/"},{"@type":"ListItem","position":2,"name":"Shop","item":"https:\/\/canapando.net\/shop\/negozio\/"},{"@type":"ListItem","position":3,"name":"Dynavap \u201cThe B\u201d"}]},{"@type":"WebSite","@id":"https:\/\/canapando.net\/shop\/#website","url":"https:\/\/canapando.net\/shop\/","name":"Canapando Shop","description":"Hemp shop Roma","publisher":{"@id":"https:\/\/canapando.net\/shop\/#organization"},"potentialAction":[{"@type":"SearchAction","target":{"@type":"EntryPoint","urlTemplate":"https:\/\/canapando.net\/shop\/?s={search_term_string}"},"query-input":{"@type":"PropertyValueSpecification","valueRequired":true,"valueName":"search_term_string"}}],"inLanguage":"it-IT"},{"@type":"Organization","@id":"https:\/\/canapando.net\/shop\/#organization","name":"Canapando\u00ae","url":"https:\/\/canapando.net\/shop\/","logo":{"@type":"ImageObject","inLanguage":"it-IT","@id":"https:\/\/canapando.net\/shop\/#\/schema\/logo\/image\/","url":"https:\/\/canapando.net\/shop\/wp-content\/uploads\/2021\/01\/logocanapando.png","contentUrl":"https:\/\/canapando.net\/shop\/wp-content\/uploads\/2021\/01\/logocanapando.png","width":197,"height":110,"caption":"Canapando\u00ae"},"image":{"@id":"https:\/\/canapando.net\/shop\/#\/schema\/logo\/image\/"},"sameAs":["https:\/\/it-it.facebook.com\/canapando.offical\/"]}]}},"_links":{"self":[{"href":"https:\/\/canapando.net\/shop\/wp-json\/wp\/v2\/product\/10411","targetHints":{"allow":["GET"]}}],"collection":[{"href":"https:\/\/canapando.net\/shop\/wp-json\/wp\/v2\/product"}],"about":[{"href":"https:\/\/canapando.net\/shop\/wp-json\/wp\/v2\/types\/product"}],"replies":[{"embeddable":true,"href":"https:\/\/canapando.net\/shop\/wp-json\/wp\/v2\/comments?post=10411"}],"wp:featuredmedia":[{"embeddable":true,"href":"https:\/\/canapando.net\/shop\/wp-json\/wp\/v2\/media\/14171"}],"wp:attachment":[{"href":"https:\/\/canapando.net\/shop\/wp-json\/wp\/v2\/media?parent=10411"}],"wp:term":[{"taxonomy":"product_brand","embeddable":true,"href":"https:\/\/canapando.net\/shop\/wp-json\/wp\/v2\/product_brand?post=10411"},{"taxonomy":"product_cat","embeddable":true,"href":"https:\/\/canapando.net\/shop\/wp-json\/wp\/v2\/product_cat?post=10411"},{"taxonomy":"product_tag","embeddable":true,"href":"https:\/\/canapando.net\/shop\/wp-json\/wp\/v2\/product_tag?post=10411"}],"curies":[{"name":"wp","href":"https:\/\/api.w.org\/{rel}","templated":true}]}}