{"id":11166,"date":"2023-01-31T10:55:32","date_gmt":"2023-01-31T10:55:32","guid":{"rendered":"https:\/\/canapando.net\/shop\/?post_type=product&#038;p=11166"},"modified":"2026-04-23T15:43:23","modified_gmt":"2026-04-23T13:43:23","slug":"moon-rock-cbd","status":"publish","type":"product","link":"https:\/\/canapando.net\/shop\/prodotto\/moon-rock-cbd\/","title":{"rendered":"Moon Rock CBD"},"content":{"rendered":"<p class=\"p1\"><strong>Moonrock CBD: direttamente dalla Luna per il piacere degli appassionati.<\/strong><\/p>\n<p class=\"p1\">Il nome \u201c<strong>Moonrock<\/strong>\u201d vuol dire \u201c<strong>roccia lunare<\/strong>\u201d e fa riferimento all\u2019aspetto che caratterizza questo prodotto. Soffice fuori, dura al suo interno, appiccicosa a causa dell\u2019elevatissima dose di polline, la cima risulta molto compatta e completamente ricoperta di uno strato di sottile polvere chiara che conferisce il tipico aspetto simile ad una roccia lunare.<\/p>\n<p class=\"p1\">Ci\u00f2 \u00e8 frutto di una particolare lavorazione che unisce tre prodotti di grande qualit\u00e0 (infiorescenza, resina e polline \u201c<em>kief<\/em>\u201d) in un&#8217;unica cima, in questo caso davvero spaziale. Dopo un\u2019attenta selezione, infatti, le migliori cime delle nostre variet\u00e0 autoprodotte vengono spennellate con della resina dall\u2019elevatissima percentuale di CBD (circa 60%) da noi estratta tramite distillatore. Basti pensare che impieghiamo ben 160 g di infiorescenze essiccate per ottenere dai 18 ai 35 ml di resina pura! Infine, il tutto viene impreziosito da un\u2019abbondante spolverata di prezioso kief lavorato a freddo tramite pollinator.<\/p>\n<p class=\"p1\">Ogni passaggio, dall\u2019essiccazione all\u2019estrazione, passando per la concia, \u00e8 studiato nei minimi particolari per garantire un prorotto unico nel mercato. Non solo, siamo orgogliosi di poter gestire autonomamente e completamente in biologico l\u2019intero ciclo produttivo.<\/p>\n<p class=\"p1\"><strong>Moon Rock CBD \u00e8 un prodotto qualitativamente superiore, biologico, senza solventi, estratto a freddo e completamente prodotto all\u2019interno della filiera Canapando. Questo prodotto rappresenta un\u2019esperienza totalizzante, sia per la mente che nel gusto, \u00e8 pensato per i veri appassionati del settore, per chi vuole una potente dose di relax o godere degli effetti terapeutici del CBD.<\/strong><\/p>\n","protected":false},"excerpt":{"rendered":"<p>Moonrock CBD: direttamente dalla Luna per il piacere degli appassionati. [&hellip;]<\/p>\n","protected":false},"featured_media":11559,"comment_status":"open","ping_status":"closed","template":"","meta":{"_acf_changed":false,"_joinchat":[]},"product_brand":[],"product_cat":[159,85,23],"product_tag":[135],"class_list":{"0":"post-11166","1":"product","2":"type-product","3":"status-publish","4":"has-post-thumbnail","6":"product_cat-articoli-a-marchio-canapando","7":"product_cat-estratti-hash","8":"product_cat-canapando","9":"product_tag-articoli-canapando","11":"first","12":"instock","13":"taxable","14":"shipping-taxable","15":"purchasable","16":"product-type-variable"},"acf":{"tipologia":["sold_out"],"campo_libero":""},"yoast_head":"<!-- This site is optimized with the Yoast SEO plugin v27.6 - https:\/\/yoast.com\/product\/yoast-seo-wordpress\/ -->\n<title>Polline CBD purissimo - Canapando\u00ae - 100% Biologico - 0 solventi<\/title>\n<meta name=\"description\" content=\"Moon Rock CBD \u00e8 un prodotto qualitativamente superiore, bio, senza solventi, estratto a freddo e completamente prodotto all\u2019interno della filiera Canapando. Questo prodotto rappresenta un\u2019esperienza totalizzante, sia per la mente che nel gusto, \u00e8 pensato per i veri appassionati del settore, per chi vuole una potente dose di relax o godere degli effetti terapeutici del CBD.\" \/>\n<meta name=\"robots\" content=\"index, follow, max-snippet:-1, max-image-preview:large, max-video-preview:-1\" \/>\n<link rel=\"canonical\" href=\"https:\/\/canapando.net\/shop\/prodotto\/moon-rock-cbd\/\" \/>\n<meta name=\"twitter:label1\" content=\"Tempo di lettura stimato\" \/>\n\t<meta name=\"twitter:data1\" content=\"1 minuto\" \/>\n<script type=\"application\/ld+json\" class=\"yoast-schema-graph\">{\"@context\":\"https:\\\/\\\/schema.org\",\"@graph\":[{\"@type\":\"WebPage\",\"@id\":\"https:\\\/\\\/canapando.net\\\/shop\\\/prodotto\\\/moon-rock-cbd\\\/\",\"url\":\"https:\\\/\\\/canapando.net\\\/shop\\\/prodotto\\\/moon-rock-cbd\\\/\",\"name\":\"Polline CBD purissimo - Canapando\u00ae - 100% Biologico - 0 solventi\",\"isPartOf\":{\"@id\":\"https:\\\/\\\/canapando.net\\\/shop\\\/#website\"},\"primaryImageOfPage\":{\"@id\":\"https:\\\/\\\/canapando.net\\\/shop\\\/prodotto\\\/moon-rock-cbd\\\/#primaryimage\"},\"image\":{\"@id\":\"https:\\\/\\\/canapando.net\\\/shop\\\/prodotto\\\/moon-rock-cbd\\\/#primaryimage\"},\"thumbnailUrl\":\"https:\\\/\\\/canapando.net\\\/shop\\\/wp-content\\\/uploads\\\/2023\\\/01\\\/moon_rock.jpg\",\"datePublished\":\"2023-01-31T10:55:32+00:00\",\"dateModified\":\"2026-04-23T13:43:23+00:00\",\"description\":\"Moon Rock CBD \u00e8 un prodotto qualitativamente superiore, bio, senza solventi, estratto a freddo e completamente prodotto all\u2019interno della filiera Canapando. Questo prodotto rappresenta un\u2019esperienza totalizzante, sia per la mente che nel gusto, \u00e8 pensato per i veri appassionati del settore, per chi vuole una potente dose di relax o godere degli effetti terapeutici del CBD.\",\"breadcrumb\":{\"@id\":\"https:\\\/\\\/canapando.net\\\/shop\\\/prodotto\\\/moon-rock-cbd\\\/#breadcrumb\"},\"inLanguage\":\"it-IT\",\"potentialAction\":[{\"@type\":\"ReadAction\",\"target\":[\"https:\\\/\\\/canapando.net\\\/shop\\\/prodotto\\\/moon-rock-cbd\\\/\"]}]},{\"@type\":\"ImageObject\",\"inLanguage\":\"it-IT\",\"@id\":\"https:\\\/\\\/canapando.net\\\/shop\\\/prodotto\\\/moon-rock-cbd\\\/#primaryimage\",\"url\":\"https:\\\/\\\/canapando.net\\\/shop\\\/wp-content\\\/uploads\\\/2023\\\/01\\\/moon_rock.jpg\",\"contentUrl\":\"https:\\\/\\\/canapando.net\\\/shop\\\/wp-content\\\/uploads\\\/2023\\\/01\\\/moon_rock.jpg\",\"width\":800,\"height\":800},{\"@type\":\"BreadcrumbList\",\"@id\":\"https:\\\/\\\/canapando.net\\\/shop\\\/prodotto\\\/moon-rock-cbd\\\/#breadcrumb\",\"itemListElement\":[{\"@type\":\"ListItem\",\"position\":1,\"name\":\"Home\",\"item\":\"https:\\\/\\\/canapando.net\\\/shop\\\/\"},{\"@type\":\"ListItem\",\"position\":2,\"name\":\"Shop\",\"item\":\"https:\\\/\\\/canapando.net\\\/shop\\\/negozio\\\/\"},{\"@type\":\"ListItem\",\"position\":3,\"name\":\"Moon Rock CBD\"}]},{\"@type\":\"WebSite\",\"@id\":\"https:\\\/\\\/canapando.net\\\/shop\\\/#website\",\"url\":\"https:\\\/\\\/canapando.net\\\/shop\\\/\",\"name\":\"Canapando Shop\",\"description\":\"Hemp shop Roma\",\"publisher\":{\"@id\":\"https:\\\/\\\/canapando.net\\\/shop\\\/#organization\"},\"potentialAction\":[{\"@type\":\"SearchAction\",\"target\":{\"@type\":\"EntryPoint\",\"urlTemplate\":\"https:\\\/\\\/canapando.net\\\/shop\\\/?s={search_term_string}\"},\"query-input\":{\"@type\":\"PropertyValueSpecification\",\"valueRequired\":true,\"valueName\":\"search_term_string\"}}],\"inLanguage\":\"it-IT\"},{\"@type\":\"Organization\",\"@id\":\"https:\\\/\\\/canapando.net\\\/shop\\\/#organization\",\"name\":\"Canapando\u00ae\",\"url\":\"https:\\\/\\\/canapando.net\\\/shop\\\/\",\"logo\":{\"@type\":\"ImageObject\",\"inLanguage\":\"it-IT\",\"@id\":\"https:\\\/\\\/canapando.net\\\/shop\\\/#\\\/schema\\\/logo\\\/image\\\/\",\"url\":\"https:\\\/\\\/canapando.net\\\/shop\\\/wp-content\\\/uploads\\\/2021\\\/01\\\/logocanapando.png\",\"contentUrl\":\"https:\\\/\\\/canapando.net\\\/shop\\\/wp-content\\\/uploads\\\/2021\\\/01\\\/logocanapando.png\",\"width\":197,\"height\":110,\"caption\":\"Canapando\u00ae\"},\"image\":{\"@id\":\"https:\\\/\\\/canapando.net\\\/shop\\\/#\\\/schema\\\/logo\\\/image\\\/\"},\"sameAs\":[\"https:\\\/\\\/it-it.facebook.com\\\/canapando.offical\\\/\"]}]}<\/script>\n<!-- \/ Yoast SEO plugin. -->","yoast_head_json":{"title":"Polline CBD purissimo - Canapando\u00ae - 100% Biologico - 0 solventi","description":"Moon Rock CBD \u00e8 un prodotto qualitativamente superiore, bio, senza solventi, estratto a freddo e completamente prodotto all\u2019interno della filiera Canapando. Questo prodotto rappresenta un\u2019esperienza totalizzante, sia per la mente che nel gusto, \u00e8 pensato per i veri appassionati del settore, per chi vuole una potente dose di relax o godere degli effetti terapeutici del CBD.","robots":{"index":"index","follow":"follow","max-snippet":"max-snippet:-1","max-image-preview":"max-image-preview:large","max-video-preview":"max-video-preview:-1"},"canonical":"https:\/\/canapando.net\/shop\/prodotto\/moon-rock-cbd\/","twitter_misc":{"Tempo di lettura stimato":"1 minuto"},"schema":{"@context":"https:\/\/schema.org","@graph":[{"@type":"WebPage","@id":"https:\/\/canapando.net\/shop\/prodotto\/moon-rock-cbd\/","url":"https:\/\/canapando.net\/shop\/prodotto\/moon-rock-cbd\/","name":"Polline CBD purissimo - Canapando\u00ae - 100% Biologico - 0 solventi","isPartOf":{"@id":"https:\/\/canapando.net\/shop\/#website"},"primaryImageOfPage":{"@id":"https:\/\/canapando.net\/shop\/prodotto\/moon-rock-cbd\/#primaryimage"},"image":{"@id":"https:\/\/canapando.net\/shop\/prodotto\/moon-rock-cbd\/#primaryimage"},"thumbnailUrl":"https:\/\/canapando.net\/shop\/wp-content\/uploads\/2023\/01\/moon_rock.jpg","datePublished":"2023-01-31T10:55:32+00:00","dateModified":"2026-04-23T13:43:23+00:00","description":"Moon Rock CBD \u00e8 un prodotto qualitativamente superiore, bio, senza solventi, estratto a freddo e completamente prodotto all\u2019interno della filiera Canapando. Questo prodotto rappresenta un\u2019esperienza totalizzante, sia per la mente che nel gusto, \u00e8 pensato per i veri appassionati del settore, per chi vuole una potente dose di relax o godere degli effetti terapeutici del CBD.","breadcrumb":{"@id":"https:\/\/canapando.net\/shop\/prodotto\/moon-rock-cbd\/#breadcrumb"},"inLanguage":"it-IT","potentialAction":[{"@type":"ReadAction","target":["https:\/\/canapando.net\/shop\/prodotto\/moon-rock-cbd\/"]}]},{"@type":"ImageObject","inLanguage":"it-IT","@id":"https:\/\/canapando.net\/shop\/prodotto\/moon-rock-cbd\/#primaryimage","url":"https:\/\/canapando.net\/shop\/wp-content\/uploads\/2023\/01\/moon_rock.jpg","contentUrl":"https:\/\/canapando.net\/shop\/wp-content\/uploads\/2023\/01\/moon_rock.jpg","width":800,"height":800},{"@type":"BreadcrumbList","@id":"https:\/\/canapando.net\/shop\/prodotto\/moon-rock-cbd\/#breadcrumb","itemListElement":[{"@type":"ListItem","position":1,"name":"Home","item":"https:\/\/canapando.net\/shop\/"},{"@type":"ListItem","position":2,"name":"Shop","item":"https:\/\/canapando.net\/shop\/negozio\/"},{"@type":"ListItem","position":3,"name":"Moon Rock CBD"}]},{"@type":"WebSite","@id":"https:\/\/canapando.net\/shop\/#website","url":"https:\/\/canapando.net\/shop\/","name":"Canapando Shop","description":"Hemp shop Roma","publisher":{"@id":"https:\/\/canapando.net\/shop\/#organization"},"potentialAction":[{"@type":"SearchAction","target":{"@type":"EntryPoint","urlTemplate":"https:\/\/canapando.net\/shop\/?s={search_term_string}"},"query-input":{"@type":"PropertyValueSpecification","valueRequired":true,"valueName":"search_term_string"}}],"inLanguage":"it-IT"},{"@type":"Organization","@id":"https:\/\/canapando.net\/shop\/#organization","name":"Canapando\u00ae","url":"https:\/\/canapando.net\/shop\/","logo":{"@type":"ImageObject","inLanguage":"it-IT","@id":"https:\/\/canapando.net\/shop\/#\/schema\/logo\/image\/","url":"https:\/\/canapando.net\/shop\/wp-content\/uploads\/2021\/01\/logocanapando.png","contentUrl":"https:\/\/canapando.net\/shop\/wp-content\/uploads\/2021\/01\/logocanapando.png","width":197,"height":110,"caption":"Canapando\u00ae"},"image":{"@id":"https:\/\/canapando.net\/shop\/#\/schema\/logo\/image\/"},"sameAs":["https:\/\/it-it.facebook.com\/canapando.offical\/"]}]}},"_links":{"self":[{"href":"https:\/\/canapando.net\/shop\/wp-json\/wp\/v2\/product\/11166","targetHints":{"allow":["GET"]}}],"collection":[{"href":"https:\/\/canapando.net\/shop\/wp-json\/wp\/v2\/product"}],"about":[{"href":"https:\/\/canapando.net\/shop\/wp-json\/wp\/v2\/types\/product"}],"replies":[{"embeddable":true,"href":"https:\/\/canapando.net\/shop\/wp-json\/wp\/v2\/comments?post=11166"}],"wp:featuredmedia":[{"embeddable":true,"href":"https:\/\/canapando.net\/shop\/wp-json\/wp\/v2\/media\/11559"}],"wp:attachment":[{"href":"https:\/\/canapando.net\/shop\/wp-json\/wp\/v2\/media?parent=11166"}],"wp:term":[{"taxonomy":"product_brand","embeddable":true,"href":"https:\/\/canapando.net\/shop\/wp-json\/wp\/v2\/product_brand?post=11166"},{"taxonomy":"product_cat","embeddable":true,"href":"https:\/\/canapando.net\/shop\/wp-json\/wp\/v2\/product_cat?post=11166"},{"taxonomy":"product_tag","embeddable":true,"href":"https:\/\/canapando.net\/shop\/wp-json\/wp\/v2\/product_tag?post=11166"}],"curies":[{"name":"wp","href":"https:\/\/api.w.org\/{rel}","templated":true}]}}