{"id":12977,"date":"2023-10-30T11:18:37","date_gmt":"2023-10-30T11:18:37","guid":{"rendered":"https:\/\/canapando.net\/shop\/?post_type=product&#038;p=12977"},"modified":"2026-01-27T16:23:19","modified_gmt":"2026-01-27T15:23:19","slug":"birra-no-stress-hemp-ipa-lattina-33cl","status":"publish","type":"product","link":"https:\/\/canapando.net\/shop\/prodotto\/birra-no-stress-hemp-ipa-lattina-33cl\/","title":{"rendered":"Birra No Stress &#8211; Hemp IPA &#8211; lattina 33cl (Limited Edition)"},"content":{"rendered":"<h2>Prezzo singolo: 5,50\u20ac &#8211; 4pcs 18\u20ac<\/h2>\n<p><strong>NO STRESS HEMP IPA &#8211; Collaborazione con Rebel\u00a0<\/strong><\/p>\n<p><strong>Grado alcolico: 6\u00b0<\/strong><\/p>\n<p><strong>Temperatura: 5\/7\u00b0<\/strong><\/p>\n<p>Se all\u2019apparenza il mondo della birra e quello della canapa risultano molto distanti, in verit\u00e0 la pianta di luppolo e la cannabis ad uso alimentare hanno molti aspetti in comune! Ad esempio i Terpeni, ovvero biomolecole che si trovano in natura ad esempio nei limoni, nei pini e nella lavanda, sono i composti chimici che donano al luppolo e alla canapa le loro distintive propriet\u00e0 aromatiche.<\/p>\n<p>La nostra ricerca si \u00e8 concentrata sulle variet\u00e0 di infiorescenze di Cannabis BIO che avessero il maggior impatto aromatico in una birra in stile IPA dove solitamente \u00e8 il luppolo a farla da padrone. Anche l\u2019utilizzo delle infiorescenze \u00e8 avvenuto proprio come spesso viene utilizzato il luppolo: al termine della fase di fermentazione aggiungiamo a freddo la materia verde che, a contatto contatto con il liquido, cede i suoi oli essenziali ricchi di composti aromatici.<\/p>\n<p>Il risultato \u00e8 una birra chiara, molto beverina e dalle note amare: al naso si sprigiona tutta la potenza delle infiorescenze che conferisce alla birra note molto agrumate e fruttate che spaziano dall\u2019arancia amara al passion fruit! <strong>OPEN IT AND RELAX<\/strong><\/p>\n<h3><\/h3>\n<h3><strong>ASPETTO<\/strong><\/h3>\n<p>Giallo dorato, cristallino e trasparente<\/p>\n<h3><strong>AROMA<\/strong><\/h3>\n<p>Grande intensit\u00e0 floreale con richiami alla scorza di agrumi<\/p>\n<h3><strong>GUSTO<\/strong><\/h3>\n<p>L&#8217;intensit\u00e0 dei luppoli e della canapa dona un amaro morbido e gusto avvolgente che richiama continuamente la bevuta<\/p>\n<h3><strong>NOTE TECNICHE:<\/strong><\/h3>\n<p>Per la realizzazione di questa ricetta \u00e8 stato utilizzato un\u00a0infuso in acqua di foglie di Canapa (derivate da coltivazione di Canapa Sativa l. certificata E.U.)<br \/>\nLa birra NO STRESS \u00e8 realizzata con fiori di canapa sativa priva di THC ovvero il componente psicoattivo tipico della cannabis.<\/p>\n","protected":false},"excerpt":{"rendered":"<p>Prezzo singolo: 5,50\u20ac &#8211; 4pcs 18\u20ac NO STRESS HEMP IPA [&hellip;]<\/p>\n","protected":false},"featured_media":15313,"comment_status":"open","ping_status":"closed","template":"","meta":{"_acf_changed":false,"_joinchat":[]},"product_brand":[],"product_cat":[159,45],"product_tag":[135,138],"class_list":{"0":"post-12977","1":"product","2":"type-product","3":"status-publish","4":"has-post-thumbnail","6":"product_cat-articoli-a-marchio-canapando","7":"product_cat-prodotti-alimentari","8":"product_tag-articoli-canapando","9":"product_tag-birre-e-liquori","11":"first","12":"instock","13":"taxable","14":"shipping-taxable","15":"purchasable","16":"product-type-simple"},"acf":{"tipologia":["new","in_produzione"],"campo_libero":""},"yoast_head":"<!-- This site is optimized with the Yoast SEO plugin v27.6 - https:\/\/yoast.com\/product\/yoast-seo-wordpress\/ -->\n<title>Birra No Stress Rebel - Canapando\u00ae - Birra alla Canapa CBD<\/title>\n<meta name=\"description\" content=\"In collaborazione con Birra Rebel, la birra con le nostre infiorescenze. Una birra alla Canapa CBD. Grande intensit\u00e0 floreale con richiami alla scorza di agrumi. Acquista Ora!\" \/>\n<meta name=\"robots\" content=\"index, follow, max-snippet:-1, max-image-preview:large, max-video-preview:-1\" \/>\n<link rel=\"canonical\" href=\"https:\/\/canapando.net\/shop\/prodotto\/birra-no-stress-hemp-ipa-lattina-33cl\/\" \/>\n<meta name=\"twitter:label1\" content=\"Tempo di lettura stimato\" \/>\n\t<meta name=\"twitter:data1\" content=\"1 minuto\" \/>\n<script type=\"application\/ld+json\" class=\"yoast-schema-graph\">{\"@context\":\"https:\\\/\\\/schema.org\",\"@graph\":[{\"@type\":\"WebPage\",\"@id\":\"https:\\\/\\\/canapando.net\\\/shop\\\/prodotto\\\/birra-no-stress-hemp-ipa-lattina-33cl\\\/\",\"url\":\"https:\\\/\\\/canapando.net\\\/shop\\\/prodotto\\\/birra-no-stress-hemp-ipa-lattina-33cl\\\/\",\"name\":\"Birra No Stress Rebel - Canapando\u00ae - Birra alla Canapa CBD\",\"isPartOf\":{\"@id\":\"https:\\\/\\\/canapando.net\\\/shop\\\/#website\"},\"primaryImageOfPage\":{\"@id\":\"https:\\\/\\\/canapando.net\\\/shop\\\/prodotto\\\/birra-no-stress-hemp-ipa-lattina-33cl\\\/#primaryimage\"},\"image\":{\"@id\":\"https:\\\/\\\/canapando.net\\\/shop\\\/prodotto\\\/birra-no-stress-hemp-ipa-lattina-33cl\\\/#primaryimage\"},\"thumbnailUrl\":\"https:\\\/\\\/canapando.net\\\/shop\\\/wp-content\\\/uploads\\\/2023\\\/10\\\/4-NO-STRESS.png\",\"datePublished\":\"2023-10-30T11:18:37+00:00\",\"dateModified\":\"2026-01-27T15:23:19+00:00\",\"description\":\"In collaborazione con Birra Rebel, la birra con le nostre infiorescenze. Una birra alla Canapa CBD. Grande intensit\u00e0 floreale con richiami alla scorza di agrumi. Acquista Ora!\",\"breadcrumb\":{\"@id\":\"https:\\\/\\\/canapando.net\\\/shop\\\/prodotto\\\/birra-no-stress-hemp-ipa-lattina-33cl\\\/#breadcrumb\"},\"inLanguage\":\"it-IT\",\"potentialAction\":[{\"@type\":\"ReadAction\",\"target\":[\"https:\\\/\\\/canapando.net\\\/shop\\\/prodotto\\\/birra-no-stress-hemp-ipa-lattina-33cl\\\/\"]}]},{\"@type\":\"ImageObject\",\"inLanguage\":\"it-IT\",\"@id\":\"https:\\\/\\\/canapando.net\\\/shop\\\/prodotto\\\/birra-no-stress-hemp-ipa-lattina-33cl\\\/#primaryimage\",\"url\":\"https:\\\/\\\/canapando.net\\\/shop\\\/wp-content\\\/uploads\\\/2023\\\/10\\\/4-NO-STRESS.png\",\"contentUrl\":\"https:\\\/\\\/canapando.net\\\/shop\\\/wp-content\\\/uploads\\\/2023\\\/10\\\/4-NO-STRESS.png\",\"width\":1080,\"height\":1080},{\"@type\":\"BreadcrumbList\",\"@id\":\"https:\\\/\\\/canapando.net\\\/shop\\\/prodotto\\\/birra-no-stress-hemp-ipa-lattina-33cl\\\/#breadcrumb\",\"itemListElement\":[{\"@type\":\"ListItem\",\"position\":1,\"name\":\"Home\",\"item\":\"https:\\\/\\\/canapando.net\\\/shop\\\/\"},{\"@type\":\"ListItem\",\"position\":2,\"name\":\"Shop\",\"item\":\"https:\\\/\\\/canapando.net\\\/shop\\\/negozio\\\/\"},{\"@type\":\"ListItem\",\"position\":3,\"name\":\"Birra No Stress &#8211; Hemp IPA &#8211; lattina 33cl (Limited Edition)\"}]},{\"@type\":\"WebSite\",\"@id\":\"https:\\\/\\\/canapando.net\\\/shop\\\/#website\",\"url\":\"https:\\\/\\\/canapando.net\\\/shop\\\/\",\"name\":\"Canapando Shop\",\"description\":\"Hemp shop Roma\",\"publisher\":{\"@id\":\"https:\\\/\\\/canapando.net\\\/shop\\\/#organization\"},\"potentialAction\":[{\"@type\":\"SearchAction\",\"target\":{\"@type\":\"EntryPoint\",\"urlTemplate\":\"https:\\\/\\\/canapando.net\\\/shop\\\/?s={search_term_string}\"},\"query-input\":{\"@type\":\"PropertyValueSpecification\",\"valueRequired\":true,\"valueName\":\"search_term_string\"}}],\"inLanguage\":\"it-IT\"},{\"@type\":\"Organization\",\"@id\":\"https:\\\/\\\/canapando.net\\\/shop\\\/#organization\",\"name\":\"Canapando\u00ae\",\"url\":\"https:\\\/\\\/canapando.net\\\/shop\\\/\",\"logo\":{\"@type\":\"ImageObject\",\"inLanguage\":\"it-IT\",\"@id\":\"https:\\\/\\\/canapando.net\\\/shop\\\/#\\\/schema\\\/logo\\\/image\\\/\",\"url\":\"https:\\\/\\\/canapando.net\\\/shop\\\/wp-content\\\/uploads\\\/2021\\\/01\\\/logocanapando.png\",\"contentUrl\":\"https:\\\/\\\/canapando.net\\\/shop\\\/wp-content\\\/uploads\\\/2021\\\/01\\\/logocanapando.png\",\"width\":197,\"height\":110,\"caption\":\"Canapando\u00ae\"},\"image\":{\"@id\":\"https:\\\/\\\/canapando.net\\\/shop\\\/#\\\/schema\\\/logo\\\/image\\\/\"},\"sameAs\":[\"https:\\\/\\\/it-it.facebook.com\\\/canapando.offical\\\/\"]}]}<\/script>\n<!-- \/ Yoast SEO plugin. -->","yoast_head_json":{"title":"Birra No Stress Rebel - Canapando\u00ae - Birra alla Canapa CBD","description":"In collaborazione con Birra Rebel, la birra con le nostre infiorescenze. Una birra alla Canapa CBD. Grande intensit\u00e0 floreale con richiami alla scorza di agrumi. Acquista Ora!","robots":{"index":"index","follow":"follow","max-snippet":"max-snippet:-1","max-image-preview":"max-image-preview:large","max-video-preview":"max-video-preview:-1"},"canonical":"https:\/\/canapando.net\/shop\/prodotto\/birra-no-stress-hemp-ipa-lattina-33cl\/","twitter_misc":{"Tempo di lettura stimato":"1 minuto"},"schema":{"@context":"https:\/\/schema.org","@graph":[{"@type":"WebPage","@id":"https:\/\/canapando.net\/shop\/prodotto\/birra-no-stress-hemp-ipa-lattina-33cl\/","url":"https:\/\/canapando.net\/shop\/prodotto\/birra-no-stress-hemp-ipa-lattina-33cl\/","name":"Birra No Stress Rebel - Canapando\u00ae - Birra alla Canapa CBD","isPartOf":{"@id":"https:\/\/canapando.net\/shop\/#website"},"primaryImageOfPage":{"@id":"https:\/\/canapando.net\/shop\/prodotto\/birra-no-stress-hemp-ipa-lattina-33cl\/#primaryimage"},"image":{"@id":"https:\/\/canapando.net\/shop\/prodotto\/birra-no-stress-hemp-ipa-lattina-33cl\/#primaryimage"},"thumbnailUrl":"https:\/\/canapando.net\/shop\/wp-content\/uploads\/2023\/10\/4-NO-STRESS.png","datePublished":"2023-10-30T11:18:37+00:00","dateModified":"2026-01-27T15:23:19+00:00","description":"In collaborazione con Birra Rebel, la birra con le nostre infiorescenze. Una birra alla Canapa CBD. Grande intensit\u00e0 floreale con richiami alla scorza di agrumi. Acquista Ora!","breadcrumb":{"@id":"https:\/\/canapando.net\/shop\/prodotto\/birra-no-stress-hemp-ipa-lattina-33cl\/#breadcrumb"},"inLanguage":"it-IT","potentialAction":[{"@type":"ReadAction","target":["https:\/\/canapando.net\/shop\/prodotto\/birra-no-stress-hemp-ipa-lattina-33cl\/"]}]},{"@type":"ImageObject","inLanguage":"it-IT","@id":"https:\/\/canapando.net\/shop\/prodotto\/birra-no-stress-hemp-ipa-lattina-33cl\/#primaryimage","url":"https:\/\/canapando.net\/shop\/wp-content\/uploads\/2023\/10\/4-NO-STRESS.png","contentUrl":"https:\/\/canapando.net\/shop\/wp-content\/uploads\/2023\/10\/4-NO-STRESS.png","width":1080,"height":1080},{"@type":"BreadcrumbList","@id":"https:\/\/canapando.net\/shop\/prodotto\/birra-no-stress-hemp-ipa-lattina-33cl\/#breadcrumb","itemListElement":[{"@type":"ListItem","position":1,"name":"Home","item":"https:\/\/canapando.net\/shop\/"},{"@type":"ListItem","position":2,"name":"Shop","item":"https:\/\/canapando.net\/shop\/negozio\/"},{"@type":"ListItem","position":3,"name":"Birra No Stress &#8211; Hemp IPA &#8211; lattina 33cl (Limited Edition)"}]},{"@type":"WebSite","@id":"https:\/\/canapando.net\/shop\/#website","url":"https:\/\/canapando.net\/shop\/","name":"Canapando Shop","description":"Hemp shop Roma","publisher":{"@id":"https:\/\/canapando.net\/shop\/#organization"},"potentialAction":[{"@type":"SearchAction","target":{"@type":"EntryPoint","urlTemplate":"https:\/\/canapando.net\/shop\/?s={search_term_string}"},"query-input":{"@type":"PropertyValueSpecification","valueRequired":true,"valueName":"search_term_string"}}],"inLanguage":"it-IT"},{"@type":"Organization","@id":"https:\/\/canapando.net\/shop\/#organization","name":"Canapando\u00ae","url":"https:\/\/canapando.net\/shop\/","logo":{"@type":"ImageObject","inLanguage":"it-IT","@id":"https:\/\/canapando.net\/shop\/#\/schema\/logo\/image\/","url":"https:\/\/canapando.net\/shop\/wp-content\/uploads\/2021\/01\/logocanapando.png","contentUrl":"https:\/\/canapando.net\/shop\/wp-content\/uploads\/2021\/01\/logocanapando.png","width":197,"height":110,"caption":"Canapando\u00ae"},"image":{"@id":"https:\/\/canapando.net\/shop\/#\/schema\/logo\/image\/"},"sameAs":["https:\/\/it-it.facebook.com\/canapando.offical\/"]}]}},"_links":{"self":[{"href":"https:\/\/canapando.net\/shop\/wp-json\/wp\/v2\/product\/12977","targetHints":{"allow":["GET"]}}],"collection":[{"href":"https:\/\/canapando.net\/shop\/wp-json\/wp\/v2\/product"}],"about":[{"href":"https:\/\/canapando.net\/shop\/wp-json\/wp\/v2\/types\/product"}],"replies":[{"embeddable":true,"href":"https:\/\/canapando.net\/shop\/wp-json\/wp\/v2\/comments?post=12977"}],"wp:featuredmedia":[{"embeddable":true,"href":"https:\/\/canapando.net\/shop\/wp-json\/wp\/v2\/media\/15313"}],"wp:attachment":[{"href":"https:\/\/canapando.net\/shop\/wp-json\/wp\/v2\/media?parent=12977"}],"wp:term":[{"taxonomy":"product_brand","embeddable":true,"href":"https:\/\/canapando.net\/shop\/wp-json\/wp\/v2\/product_brand?post=12977"},{"taxonomy":"product_cat","embeddable":true,"href":"https:\/\/canapando.net\/shop\/wp-json\/wp\/v2\/product_cat?post=12977"},{"taxonomy":"product_tag","embeddable":true,"href":"https:\/\/canapando.net\/shop\/wp-json\/wp\/v2\/product_tag?post=12977"}],"curies":[{"name":"wp","href":"https:\/\/api.w.org\/{rel}","templated":true}]}}