{"id":14077,"date":"2024-07-03T12:13:26","date_gmt":"2024-07-03T12:13:26","guid":{"rendered":"https:\/\/canapando.net\/shop\/?post_type=product&#038;p=14077"},"modified":"2025-11-21T10:29:23","modified_gmt":"2025-11-21T09:29:23","slug":"arizer-extreme-q","status":"publish","type":"product","link":"https:\/\/canapando.net\/shop\/prodotto\/arizer-extreme-q\/","title":{"rendered":"Arizer Extreme Q"},"content":{"rendered":"<div class=\"right-content-wrapper\">\n<p>La struttura in vetro di questo vaporizzatore assicura che il vapore prodotto dalle erbe sia al 100% privo da tossine pericolose e abbia un gusto eccezionale. Il sistema di riscaldamento in ceramica all&#8217;avanguardia vaporizza tutti i tipi di erbe e assicura di ottenere il massimo dalle erbe scelte.<\/p>\n<p>Unit\u00e0 e sensori di riscaldamento interni permettono al dispositivo di raggiungere la temperatura ottimale in soli 3\u00a0minuti, fatto che significa che puoi iniziare a gustarti delle erbe\u00a0quasi immediatamente.<\/p>\n<\/div>\n<h3 id=\"versatile\">Versatile<\/h3>\n<div class=\"right-content-wrapper\">\n<p>Uno dei maggiori vantaggi di\u00a0Arizer Extreme Q \u00e8 la possibilit\u00e0 di usarlo con tubo whip o palloncino. Potrai usufruire di ventola automatica, sistema di regolazione temperatura integrato e uno schermo a LED utile in modo da poter controllare tutte le funzioni. Puoi modificare le impostazioni tramite i pulsanti sulla base, tuttavia include anche un telecomando in modo da poter attivare il meccanismo di riscaldamento perfino da un&#8217;altra stanza. La flessibilit\u00e0 e facilit\u00e0 di utilizzo di\u00a0Arizer Extreme Q lo rende un vape davvero eccezionale.<\/p>\n<p>Ancora, se stai cercando delle funzioni pi\u00f9 spirituali, questo vaporizzatore pu\u00f2 essere usato anche per aromaterapia. Inserisci il contenitore per aromaterapia incluso per trasformare il vaporizzatore in un diffusore e creare un ambiente rilassante ovunque ti trovi.<\/p>\n<\/div>\n<h3 id=\"safety-and-convenience\">Sicurezza e convenienza ottimale<\/h3>\n<div class=\"right-content-wrapper\">\n<p>Nel caso in cui fossi stanco,\u00a0non dovrai sforzarti a spegnere il vaporizzatore.\u00a0Arizer Extreme Q si spegne automaticamente in caso di inattivit\u00e0 grazie a un timer automatico che pu\u00f2 essere impostato a 2 o 4 ore. Inoltre, il telecomando permette di personalizzare la svapata senza doverti alzare.<\/p>\n<\/div>\n<h3 id=\"upgrades\">Miglioramenti continui<\/h3>\n<div class=\"right-content-wrapper\">\n<p>Rispetto alla prima versione lanciata sul mercato, Arizer Extreme Q has ha subito vari miglioramenti fino a raggiungere il design perfezionato attuale. Grazie a design, struttura e componenti di qualit\u00e0 per produrre un vapore sempre impressionante, puoi essere sicuro che questo vaporizzatore non ti deluder\u00e0.<\/p>\n<\/div>\n","protected":false},"excerpt":{"rendered":"<p>Offre una qualit\u00e0 imbattibile ed \u00e8 perfetto per coloro in cerca di un vaporizzatore di fascia alta facile da usare e con funzionalit\u00e0 uniche. Ideale per svapatori esperti e principianti perch\u00e9 fornisce tante funzionalit\u00e0 senza compromessi in termini di risultati eccezionali e rapidi. Arizer Extreme Q \u00e8 uno dei vaporizzatori da tavolo pi\u00f9 venduti al mondo ed \u00e8 facile capire perch\u00e9 abbia guadagnato una reputazione tanto positiva.<\/p>\n","protected":false},"featured_media":14189,"comment_status":"closed","ping_status":"closed","template":"","meta":{"_acf_changed":false,"_joinchat":[]},"product_brand":[],"product_cat":[73],"product_tag":[],"class_list":{"0":"post-14077","1":"product","2":"type-product","3":"status-publish","4":"has-post-thumbnail","6":"product_cat-vaporizzatori-e-accessori","8":"first","9":"instock","10":"taxable","11":"shipping-taxable","12":"purchasable","13":"product-type-simple"},"acf":{"tipologia":"","campo_libero":""},"yoast_head":"<!-- This site is optimized with the Yoast SEO plugin v27.4 - https:\/\/yoast.com\/product\/yoast-seo-wordpress\/ -->\n<title>Arizer Extreme Q - Canapando Shop<\/title>\n<meta name=\"robots\" content=\"index, follow, max-snippet:-1, max-image-preview:large, max-video-preview:-1\" \/>\n<link rel=\"canonical\" href=\"https:\/\/canapando.net\/shop\/prodotto\/arizer-extreme-q\/\" \/>\n<meta name=\"twitter:label1\" content=\"Tempo di lettura stimato\" \/>\n\t<meta name=\"twitter:data1\" content=\"1 minuto\" \/>\n<script type=\"application\/ld+json\" class=\"yoast-schema-graph\">{\"@context\":\"https:\\\/\\\/schema.org\",\"@graph\":[{\"@type\":\"WebPage\",\"@id\":\"https:\\\/\\\/canapando.net\\\/shop\\\/prodotto\\\/arizer-extreme-q\\\/\",\"url\":\"https:\\\/\\\/canapando.net\\\/shop\\\/prodotto\\\/arizer-extreme-q\\\/\",\"name\":\"Arizer Extreme Q - Canapando Shop\",\"isPartOf\":{\"@id\":\"https:\\\/\\\/canapando.net\\\/shop\\\/#website\"},\"primaryImageOfPage\":{\"@id\":\"https:\\\/\\\/canapando.net\\\/shop\\\/prodotto\\\/arizer-extreme-q\\\/#primaryimage\"},\"image\":{\"@id\":\"https:\\\/\\\/canapando.net\\\/shop\\\/prodotto\\\/arizer-extreme-q\\\/#primaryimage\"},\"thumbnailUrl\":\"https:\\\/\\\/canapando.net\\\/shop\\\/wp-content\\\/uploads\\\/2024\\\/07\\\/14.jpg\",\"datePublished\":\"2024-07-03T12:13:26+00:00\",\"dateModified\":\"2025-11-21T09:29:23+00:00\",\"breadcrumb\":{\"@id\":\"https:\\\/\\\/canapando.net\\\/shop\\\/prodotto\\\/arizer-extreme-q\\\/#breadcrumb\"},\"inLanguage\":\"it-IT\",\"potentialAction\":[{\"@type\":\"ReadAction\",\"target\":[\"https:\\\/\\\/canapando.net\\\/shop\\\/prodotto\\\/arizer-extreme-q\\\/\"]}]},{\"@type\":\"ImageObject\",\"inLanguage\":\"it-IT\",\"@id\":\"https:\\\/\\\/canapando.net\\\/shop\\\/prodotto\\\/arizer-extreme-q\\\/#primaryimage\",\"url\":\"https:\\\/\\\/canapando.net\\\/shop\\\/wp-content\\\/uploads\\\/2024\\\/07\\\/14.jpg\",\"contentUrl\":\"https:\\\/\\\/canapando.net\\\/shop\\\/wp-content\\\/uploads\\\/2024\\\/07\\\/14.jpg\",\"width\":600,\"height\":600},{\"@type\":\"BreadcrumbList\",\"@id\":\"https:\\\/\\\/canapando.net\\\/shop\\\/prodotto\\\/arizer-extreme-q\\\/#breadcrumb\",\"itemListElement\":[{\"@type\":\"ListItem\",\"position\":1,\"name\":\"Home\",\"item\":\"https:\\\/\\\/canapando.net\\\/shop\\\/\"},{\"@type\":\"ListItem\",\"position\":2,\"name\":\"Shop\",\"item\":\"https:\\\/\\\/canapando.net\\\/shop\\\/negozio\\\/\"},{\"@type\":\"ListItem\",\"position\":3,\"name\":\"Arizer Extreme Q\"}]},{\"@type\":\"WebSite\",\"@id\":\"https:\\\/\\\/canapando.net\\\/shop\\\/#website\",\"url\":\"https:\\\/\\\/canapando.net\\\/shop\\\/\",\"name\":\"Canapando Shop\",\"description\":\"Hemp shop Roma\",\"publisher\":{\"@id\":\"https:\\\/\\\/canapando.net\\\/shop\\\/#organization\"},\"potentialAction\":[{\"@type\":\"SearchAction\",\"target\":{\"@type\":\"EntryPoint\",\"urlTemplate\":\"https:\\\/\\\/canapando.net\\\/shop\\\/?s={search_term_string}\"},\"query-input\":{\"@type\":\"PropertyValueSpecification\",\"valueRequired\":true,\"valueName\":\"search_term_string\"}}],\"inLanguage\":\"it-IT\"},{\"@type\":\"Organization\",\"@id\":\"https:\\\/\\\/canapando.net\\\/shop\\\/#organization\",\"name\":\"Canapando\u00ae\",\"url\":\"https:\\\/\\\/canapando.net\\\/shop\\\/\",\"logo\":{\"@type\":\"ImageObject\",\"inLanguage\":\"it-IT\",\"@id\":\"https:\\\/\\\/canapando.net\\\/shop\\\/#\\\/schema\\\/logo\\\/image\\\/\",\"url\":\"https:\\\/\\\/canapando.net\\\/shop\\\/wp-content\\\/uploads\\\/2021\\\/01\\\/logocanapando.png\",\"contentUrl\":\"https:\\\/\\\/canapando.net\\\/shop\\\/wp-content\\\/uploads\\\/2021\\\/01\\\/logocanapando.png\",\"width\":197,\"height\":110,\"caption\":\"Canapando\u00ae\"},\"image\":{\"@id\":\"https:\\\/\\\/canapando.net\\\/shop\\\/#\\\/schema\\\/logo\\\/image\\\/\"},\"sameAs\":[\"https:\\\/\\\/it-it.facebook.com\\\/canapando.offical\\\/\"]}]}<\/script>\n<!-- \/ Yoast SEO plugin. -->","yoast_head_json":{"title":"Arizer Extreme Q - Canapando Shop","robots":{"index":"index","follow":"follow","max-snippet":"max-snippet:-1","max-image-preview":"max-image-preview:large","max-video-preview":"max-video-preview:-1"},"canonical":"https:\/\/canapando.net\/shop\/prodotto\/arizer-extreme-q\/","twitter_misc":{"Tempo di lettura stimato":"1 minuto"},"schema":{"@context":"https:\/\/schema.org","@graph":[{"@type":"WebPage","@id":"https:\/\/canapando.net\/shop\/prodotto\/arizer-extreme-q\/","url":"https:\/\/canapando.net\/shop\/prodotto\/arizer-extreme-q\/","name":"Arizer Extreme Q - Canapando Shop","isPartOf":{"@id":"https:\/\/canapando.net\/shop\/#website"},"primaryImageOfPage":{"@id":"https:\/\/canapando.net\/shop\/prodotto\/arizer-extreme-q\/#primaryimage"},"image":{"@id":"https:\/\/canapando.net\/shop\/prodotto\/arizer-extreme-q\/#primaryimage"},"thumbnailUrl":"https:\/\/canapando.net\/shop\/wp-content\/uploads\/2024\/07\/14.jpg","datePublished":"2024-07-03T12:13:26+00:00","dateModified":"2025-11-21T09:29:23+00:00","breadcrumb":{"@id":"https:\/\/canapando.net\/shop\/prodotto\/arizer-extreme-q\/#breadcrumb"},"inLanguage":"it-IT","potentialAction":[{"@type":"ReadAction","target":["https:\/\/canapando.net\/shop\/prodotto\/arizer-extreme-q\/"]}]},{"@type":"ImageObject","inLanguage":"it-IT","@id":"https:\/\/canapando.net\/shop\/prodotto\/arizer-extreme-q\/#primaryimage","url":"https:\/\/canapando.net\/shop\/wp-content\/uploads\/2024\/07\/14.jpg","contentUrl":"https:\/\/canapando.net\/shop\/wp-content\/uploads\/2024\/07\/14.jpg","width":600,"height":600},{"@type":"BreadcrumbList","@id":"https:\/\/canapando.net\/shop\/prodotto\/arizer-extreme-q\/#breadcrumb","itemListElement":[{"@type":"ListItem","position":1,"name":"Home","item":"https:\/\/canapando.net\/shop\/"},{"@type":"ListItem","position":2,"name":"Shop","item":"https:\/\/canapando.net\/shop\/negozio\/"},{"@type":"ListItem","position":3,"name":"Arizer Extreme Q"}]},{"@type":"WebSite","@id":"https:\/\/canapando.net\/shop\/#website","url":"https:\/\/canapando.net\/shop\/","name":"Canapando Shop","description":"Hemp shop Roma","publisher":{"@id":"https:\/\/canapando.net\/shop\/#organization"},"potentialAction":[{"@type":"SearchAction","target":{"@type":"EntryPoint","urlTemplate":"https:\/\/canapando.net\/shop\/?s={search_term_string}"},"query-input":{"@type":"PropertyValueSpecification","valueRequired":true,"valueName":"search_term_string"}}],"inLanguage":"it-IT"},{"@type":"Organization","@id":"https:\/\/canapando.net\/shop\/#organization","name":"Canapando\u00ae","url":"https:\/\/canapando.net\/shop\/","logo":{"@type":"ImageObject","inLanguage":"it-IT","@id":"https:\/\/canapando.net\/shop\/#\/schema\/logo\/image\/","url":"https:\/\/canapando.net\/shop\/wp-content\/uploads\/2021\/01\/logocanapando.png","contentUrl":"https:\/\/canapando.net\/shop\/wp-content\/uploads\/2021\/01\/logocanapando.png","width":197,"height":110,"caption":"Canapando\u00ae"},"image":{"@id":"https:\/\/canapando.net\/shop\/#\/schema\/logo\/image\/"},"sameAs":["https:\/\/it-it.facebook.com\/canapando.offical\/"]}]}},"_links":{"self":[{"href":"https:\/\/canapando.net\/shop\/wp-json\/wp\/v2\/product\/14077","targetHints":{"allow":["GET"]}}],"collection":[{"href":"https:\/\/canapando.net\/shop\/wp-json\/wp\/v2\/product"}],"about":[{"href":"https:\/\/canapando.net\/shop\/wp-json\/wp\/v2\/types\/product"}],"replies":[{"embeddable":true,"href":"https:\/\/canapando.net\/shop\/wp-json\/wp\/v2\/comments?post=14077"}],"wp:featuredmedia":[{"embeddable":true,"href":"https:\/\/canapando.net\/shop\/wp-json\/wp\/v2\/media\/14189"}],"wp:attachment":[{"href":"https:\/\/canapando.net\/shop\/wp-json\/wp\/v2\/media?parent=14077"}],"wp:term":[{"taxonomy":"product_brand","embeddable":true,"href":"https:\/\/canapando.net\/shop\/wp-json\/wp\/v2\/product_brand?post=14077"},{"taxonomy":"product_cat","embeddable":true,"href":"https:\/\/canapando.net\/shop\/wp-json\/wp\/v2\/product_cat?post=14077"},{"taxonomy":"product_tag","embeddable":true,"href":"https:\/\/canapando.net\/shop\/wp-json\/wp\/v2\/product_tag?post=14077"}],"curies":[{"name":"wp","href":"https:\/\/api.w.org\/{rel}","templated":true}]}}