{"id":14092,"date":"2024-07-03T12:14:34","date_gmt":"2024-07-03T12:14:34","guid":{"rendered":"https:\/\/canapando.net\/shop\/?post_type=product&#038;p=14092"},"modified":"2025-11-21T10:30:52","modified_gmt":"2025-11-21T09:30:52","slug":"wolkenkraft-aris-ultra","status":"publish","type":"product","link":"https:\/\/canapando.net\/shop\/prodotto\/wolkenkraft-aris-ultra\/","title":{"rendered":"Wolkenkraft \u00c4RiS Ultra"},"content":{"rendered":"<div class=\"right-content-wrapper\">\n<p>I principali aggiornamenti di \u00c4RiS Ultra includono:<\/p>\n<ul>\n<li>Camera in titanio per un vapore pi\u00f9 fresco, pi\u00f9 puro e pi\u00f9 saporito<\/li>\n<li>Intervallo di temperatura esteso tra 100-220\u00b0C<\/li>\n<li>Ricarica USB-C pi\u00f9 rapida (fino al 35% pi\u00f9 veloce)<\/li>\n<li>Tecnologia di ricarica pass-through<\/li>\n<li>Rivestimento in gomma per presa migliorata<\/li>\n<li>Esclusivo portacapsule con due capsule di dosaggio incluse<\/li>\n<li>Garanzia del produttore estesa a 5 anni<\/li>\n<\/ul>\n<\/div>\n<h3 id=\"top-vapour-quality\">Qualit\u00e0 del vapore migliore<\/h3>\n<div class=\"right-content-wrapper\">\n<p>\u00c4RiS Ultra produce un vapore estremamente puro, morbido e saporito grazie all&#8217;efficiente sistema di riscaldamento a convezione in combinazione con la nuova camera in titanio.<\/p>\n<\/div>\n<h3 id=\"innovative-eca-technology\">Tecnologia ECA innovativa<\/h3>\n<div class=\"right-content-wrapper\">\n<p>Il sistema brevettato del canale dell&#8217;aria ti permette di staccarlo completamente e di guardare attraverso per una pulizia pi\u00f9 semplice che mai.<\/p>\n<\/div>\n<h3 id=\"fast-heat-up\">Riscaldamento rapido<\/h3>\n<div class=\"right-content-wrapper\">\n<p>\u00c4RiS Ultra si riscalda rapidamente fino a raggiungere la temperatura di vaporizzazione in meno di 30 secondi, cos\u00ec puoi iniziare a gustare il vapore quasi subito.<\/p>\n<\/div>\n<h3 id=\"dual-oled-display\">Doppio display OLED<\/h3>\n<div class=\"right-content-wrapper\">\n<p>Il doppio display nitido mostra la temperatura, il livello della batteria e le informazioni sul timer, in modo da sapere sempre cosa sta succedendo.<\/p>\n<\/div>\n<h3 id=\"precise-temperature-control\">Controllo della temperatura preciso<\/h3>\n<div class=\"right-content-wrapper\">\n<p>Puoi controllare con precisione la temperatura da 100 a 220\u00b0C per personalizzare le tue sessioni. Le temperature pi\u00f9 basse producono un vapore morbido e gustoso, mentre quelle pi\u00f9 alte massimizzano gli effetti.<\/p>\n<\/div>\n<h3 id=\"upgraded-session-timer\">Timer di sessione migliorato<\/h3>\n<div class=\"right-content-wrapper\">\n<p>Il timer migliorato consente la regolazione minuto per minuto da 3 a 7 minuti prima dello spegnimento automatico. Quando il timer della sessione scade, \u00c4RiS Ultra si spegne automaticamente per motivi di sicurezza e per risparmiare la batteria.<\/p>\n<\/div>\n<h3 id=\"usb-c-charging\">Ricarica USB-C<\/h3>\n<div class=\"right-content-wrapper\">\n<p>Il cavo USB-C incluso consente una ricarica rapida, fino al 35% pi\u00f9 veloce rispetto all&#8217;\u00c4RiS originale. L&#8217;\u00c4RiS Ultra pu\u00f2 essere utilizzato anche durante la ricarica grazie alla comoda funzione pass-through.<\/p>\n<\/div>\n<h3 id=\"high-quality-materials\">Materiali di alta qualit\u00e0<\/h3>\n<div class=\"right-content-wrapper\">\n<p>\u00c4RiS Ultra utilizza solo materiali pregiati come il titanio e il vetro pirex spesso per garantire un gusto puro e una lunga durata. La novit\u00e0 della versione Ultra \u00e8 anche l&#8217;anello della bocchetta placcato in oro che la rende pi\u00f9 lussuosa.<\/p>\n<\/div>\n<h3 id=\"compact-size\">Dimensioni compatte<\/h3>\n<div class=\"right-content-wrapper\">\n<p>Nonostante l&#8217;aggiornamento dei componenti e della tecnologia, \u00c4RiS Ultra mantiene un formato ultra-compatto per garantire portabilit\u00e0 e discrezione. Grazie a una lunghezza di soli 10,2 cm, una larghezza di 5,3 cm e una profondit\u00e0 di 2,6 cm, \u00c4RiS Ultra pu\u00f2 essere facilmente riposto in tasca o in borsa.<\/p>\n<\/div>\n<h3 id=\"how-to-use\">Come usare Wolkenkraft \u00c4RiS<\/h3>\n<div class=\"right-content-wrapper\">\n<ol>\n<li>Macina finemente le erbe e riempi la camera.<\/li>\n<li>Collega la bocchetta al dispositivo.<\/li>\n<li>Premi rapidamente il pulsante di accensione 5 volte per accenderlo.<\/li>\n<li>Imposta la temperatura desiderata con i pulsanti + e -.<\/li>\n<li>Attendi che \u00c4RiS Ultra si riscaldi e vibri quando \u00e8 pronto.<\/li>\n<li>Inspira lentamente attraverso la bocchetta, come se stessi sorseggiando una bevanda calda.<\/li>\n<li>Al termine, premi il pulsante di accensione 5 volte per spegnere o attendi che il timer della sessione scada.<\/li>\n<li>Pulisci la camera dopo ogni utilizzo con gli strumenti inclusi.<\/li>\n<li>Ricarica la batteria quando necessario tramite il cavo USB-C.<\/li>\n<\/ol>\n<\/div>\n","protected":false},"excerpt":{"rendered":"<p>Combina la tecnologia pi\u00f9 avanzata con una qualit\u00e0 eccezionale e un design fresco. \u00c8 facile da usare e ideale da portare con s\u00e9 grazie alla sua portabilit\u00e0 e alle due capsule di dosaggio incluse.<\/p>\n<p>Pensiamo che \u00c4RiS Ultra sia perfetto sia per i nuovi utenti che per quelli pi\u00f9 esperti che cercano convenienza e praticit\u00e0 senza compromettere la qualit\u00e0 del vapore.<\/p>\n","protected":false},"featured_media":14187,"comment_status":"closed","ping_status":"closed","template":"","meta":{"_acf_changed":false,"_joinchat":[]},"product_brand":[],"product_cat":[73],"product_tag":[],"class_list":{"0":"post-14092","1":"product","2":"type-product","3":"status-publish","4":"has-post-thumbnail","6":"product_cat-vaporizzatori-e-accessori","8":"first","9":"instock","10":"taxable","11":"shipping-taxable","12":"purchasable","13":"product-type-simple"},"acf":{"tipologia":"","campo_libero":""},"yoast_head":"<!-- This site is optimized with the Yoast SEO plugin v27.4 - https:\/\/yoast.com\/product\/yoast-seo-wordpress\/ -->\n<title>Wolkenkraft \u00c4RiS Ultra - Canapando Shop<\/title>\n<meta name=\"robots\" content=\"index, follow, max-snippet:-1, max-image-preview:large, max-video-preview:-1\" \/>\n<link rel=\"canonical\" href=\"https:\/\/canapando.net\/shop\/prodotto\/wolkenkraft-aris-ultra\/\" \/>\n<meta name=\"twitter:label1\" content=\"Tempo di lettura stimato\" \/>\n\t<meta name=\"twitter:data1\" content=\"2 minuti\" \/>\n<script type=\"application\/ld+json\" class=\"yoast-schema-graph\">{\"@context\":\"https:\\\/\\\/schema.org\",\"@graph\":[{\"@type\":\"WebPage\",\"@id\":\"https:\\\/\\\/canapando.net\\\/shop\\\/prodotto\\\/wolkenkraft-aris-ultra\\\/\",\"url\":\"https:\\\/\\\/canapando.net\\\/shop\\\/prodotto\\\/wolkenkraft-aris-ultra\\\/\",\"name\":\"Wolkenkraft \u00c4RiS Ultra - Canapando Shop\",\"isPartOf\":{\"@id\":\"https:\\\/\\\/canapando.net\\\/shop\\\/#website\"},\"primaryImageOfPage\":{\"@id\":\"https:\\\/\\\/canapando.net\\\/shop\\\/prodotto\\\/wolkenkraft-aris-ultra\\\/#primaryimage\"},\"image\":{\"@id\":\"https:\\\/\\\/canapando.net\\\/shop\\\/prodotto\\\/wolkenkraft-aris-ultra\\\/#primaryimage\"},\"thumbnailUrl\":\"https:\\\/\\\/canapando.net\\\/shop\\\/wp-content\\\/uploads\\\/2024\\\/07\\\/16.jpg\",\"datePublished\":\"2024-07-03T12:14:34+00:00\",\"dateModified\":\"2025-11-21T09:30:52+00:00\",\"breadcrumb\":{\"@id\":\"https:\\\/\\\/canapando.net\\\/shop\\\/prodotto\\\/wolkenkraft-aris-ultra\\\/#breadcrumb\"},\"inLanguage\":\"it-IT\",\"potentialAction\":[{\"@type\":\"ReadAction\",\"target\":[\"https:\\\/\\\/canapando.net\\\/shop\\\/prodotto\\\/wolkenkraft-aris-ultra\\\/\"]}]},{\"@type\":\"ImageObject\",\"inLanguage\":\"it-IT\",\"@id\":\"https:\\\/\\\/canapando.net\\\/shop\\\/prodotto\\\/wolkenkraft-aris-ultra\\\/#primaryimage\",\"url\":\"https:\\\/\\\/canapando.net\\\/shop\\\/wp-content\\\/uploads\\\/2024\\\/07\\\/16.jpg\",\"contentUrl\":\"https:\\\/\\\/canapando.net\\\/shop\\\/wp-content\\\/uploads\\\/2024\\\/07\\\/16.jpg\",\"width\":600,\"height\":600},{\"@type\":\"BreadcrumbList\",\"@id\":\"https:\\\/\\\/canapando.net\\\/shop\\\/prodotto\\\/wolkenkraft-aris-ultra\\\/#breadcrumb\",\"itemListElement\":[{\"@type\":\"ListItem\",\"position\":1,\"name\":\"Home\",\"item\":\"https:\\\/\\\/canapando.net\\\/shop\\\/\"},{\"@type\":\"ListItem\",\"position\":2,\"name\":\"Shop\",\"item\":\"https:\\\/\\\/canapando.net\\\/shop\\\/negozio\\\/\"},{\"@type\":\"ListItem\",\"position\":3,\"name\":\"Wolkenkraft \u00c4RiS Ultra\"}]},{\"@type\":\"WebSite\",\"@id\":\"https:\\\/\\\/canapando.net\\\/shop\\\/#website\",\"url\":\"https:\\\/\\\/canapando.net\\\/shop\\\/\",\"name\":\"Canapando Shop\",\"description\":\"Hemp shop Roma\",\"publisher\":{\"@id\":\"https:\\\/\\\/canapando.net\\\/shop\\\/#organization\"},\"potentialAction\":[{\"@type\":\"SearchAction\",\"target\":{\"@type\":\"EntryPoint\",\"urlTemplate\":\"https:\\\/\\\/canapando.net\\\/shop\\\/?s={search_term_string}\"},\"query-input\":{\"@type\":\"PropertyValueSpecification\",\"valueRequired\":true,\"valueName\":\"search_term_string\"}}],\"inLanguage\":\"it-IT\"},{\"@type\":\"Organization\",\"@id\":\"https:\\\/\\\/canapando.net\\\/shop\\\/#organization\",\"name\":\"Canapando\u00ae\",\"url\":\"https:\\\/\\\/canapando.net\\\/shop\\\/\",\"logo\":{\"@type\":\"ImageObject\",\"inLanguage\":\"it-IT\",\"@id\":\"https:\\\/\\\/canapando.net\\\/shop\\\/#\\\/schema\\\/logo\\\/image\\\/\",\"url\":\"https:\\\/\\\/canapando.net\\\/shop\\\/wp-content\\\/uploads\\\/2021\\\/01\\\/logocanapando.png\",\"contentUrl\":\"https:\\\/\\\/canapando.net\\\/shop\\\/wp-content\\\/uploads\\\/2021\\\/01\\\/logocanapando.png\",\"width\":197,\"height\":110,\"caption\":\"Canapando\u00ae\"},\"image\":{\"@id\":\"https:\\\/\\\/canapando.net\\\/shop\\\/#\\\/schema\\\/logo\\\/image\\\/\"},\"sameAs\":[\"https:\\\/\\\/it-it.facebook.com\\\/canapando.offical\\\/\"]}]}<\/script>\n<!-- \/ Yoast SEO plugin. -->","yoast_head_json":{"title":"Wolkenkraft \u00c4RiS Ultra - Canapando Shop","robots":{"index":"index","follow":"follow","max-snippet":"max-snippet:-1","max-image-preview":"max-image-preview:large","max-video-preview":"max-video-preview:-1"},"canonical":"https:\/\/canapando.net\/shop\/prodotto\/wolkenkraft-aris-ultra\/","twitter_misc":{"Tempo di lettura stimato":"2 minuti"},"schema":{"@context":"https:\/\/schema.org","@graph":[{"@type":"WebPage","@id":"https:\/\/canapando.net\/shop\/prodotto\/wolkenkraft-aris-ultra\/","url":"https:\/\/canapando.net\/shop\/prodotto\/wolkenkraft-aris-ultra\/","name":"Wolkenkraft \u00c4RiS Ultra - Canapando Shop","isPartOf":{"@id":"https:\/\/canapando.net\/shop\/#website"},"primaryImageOfPage":{"@id":"https:\/\/canapando.net\/shop\/prodotto\/wolkenkraft-aris-ultra\/#primaryimage"},"image":{"@id":"https:\/\/canapando.net\/shop\/prodotto\/wolkenkraft-aris-ultra\/#primaryimage"},"thumbnailUrl":"https:\/\/canapando.net\/shop\/wp-content\/uploads\/2024\/07\/16.jpg","datePublished":"2024-07-03T12:14:34+00:00","dateModified":"2025-11-21T09:30:52+00:00","breadcrumb":{"@id":"https:\/\/canapando.net\/shop\/prodotto\/wolkenkraft-aris-ultra\/#breadcrumb"},"inLanguage":"it-IT","potentialAction":[{"@type":"ReadAction","target":["https:\/\/canapando.net\/shop\/prodotto\/wolkenkraft-aris-ultra\/"]}]},{"@type":"ImageObject","inLanguage":"it-IT","@id":"https:\/\/canapando.net\/shop\/prodotto\/wolkenkraft-aris-ultra\/#primaryimage","url":"https:\/\/canapando.net\/shop\/wp-content\/uploads\/2024\/07\/16.jpg","contentUrl":"https:\/\/canapando.net\/shop\/wp-content\/uploads\/2024\/07\/16.jpg","width":600,"height":600},{"@type":"BreadcrumbList","@id":"https:\/\/canapando.net\/shop\/prodotto\/wolkenkraft-aris-ultra\/#breadcrumb","itemListElement":[{"@type":"ListItem","position":1,"name":"Home","item":"https:\/\/canapando.net\/shop\/"},{"@type":"ListItem","position":2,"name":"Shop","item":"https:\/\/canapando.net\/shop\/negozio\/"},{"@type":"ListItem","position":3,"name":"Wolkenkraft \u00c4RiS Ultra"}]},{"@type":"WebSite","@id":"https:\/\/canapando.net\/shop\/#website","url":"https:\/\/canapando.net\/shop\/","name":"Canapando Shop","description":"Hemp shop Roma","publisher":{"@id":"https:\/\/canapando.net\/shop\/#organization"},"potentialAction":[{"@type":"SearchAction","target":{"@type":"EntryPoint","urlTemplate":"https:\/\/canapando.net\/shop\/?s={search_term_string}"},"query-input":{"@type":"PropertyValueSpecification","valueRequired":true,"valueName":"search_term_string"}}],"inLanguage":"it-IT"},{"@type":"Organization","@id":"https:\/\/canapando.net\/shop\/#organization","name":"Canapando\u00ae","url":"https:\/\/canapando.net\/shop\/","logo":{"@type":"ImageObject","inLanguage":"it-IT","@id":"https:\/\/canapando.net\/shop\/#\/schema\/logo\/image\/","url":"https:\/\/canapando.net\/shop\/wp-content\/uploads\/2021\/01\/logocanapando.png","contentUrl":"https:\/\/canapando.net\/shop\/wp-content\/uploads\/2021\/01\/logocanapando.png","width":197,"height":110,"caption":"Canapando\u00ae"},"image":{"@id":"https:\/\/canapando.net\/shop\/#\/schema\/logo\/image\/"},"sameAs":["https:\/\/it-it.facebook.com\/canapando.offical\/"]}]}},"_links":{"self":[{"href":"https:\/\/canapando.net\/shop\/wp-json\/wp\/v2\/product\/14092","targetHints":{"allow":["GET"]}}],"collection":[{"href":"https:\/\/canapando.net\/shop\/wp-json\/wp\/v2\/product"}],"about":[{"href":"https:\/\/canapando.net\/shop\/wp-json\/wp\/v2\/types\/product"}],"replies":[{"embeddable":true,"href":"https:\/\/canapando.net\/shop\/wp-json\/wp\/v2\/comments?post=14092"}],"wp:featuredmedia":[{"embeddable":true,"href":"https:\/\/canapando.net\/shop\/wp-json\/wp\/v2\/media\/14187"}],"wp:attachment":[{"href":"https:\/\/canapando.net\/shop\/wp-json\/wp\/v2\/media?parent=14092"}],"wp:term":[{"taxonomy":"product_brand","embeddable":true,"href":"https:\/\/canapando.net\/shop\/wp-json\/wp\/v2\/product_brand?post=14092"},{"taxonomy":"product_cat","embeddable":true,"href":"https:\/\/canapando.net\/shop\/wp-json\/wp\/v2\/product_cat?post=14092"},{"taxonomy":"product_tag","embeddable":true,"href":"https:\/\/canapando.net\/shop\/wp-json\/wp\/v2\/product_tag?post=14092"}],"curies":[{"name":"wp","href":"https:\/\/api.w.org\/{rel}","templated":true}]}}