{"id":14150,"date":"2024-07-03T16:14:17","date_gmt":"2024-07-03T16:14:17","guid":{"rendered":"https:\/\/canapando.net\/shop\/?post_type=product&#038;p=14150"},"modified":"2025-11-21T10:30:51","modified_gmt":"2025-11-21T09:30:51","slug":"boundless-cfx-2","status":"publish","type":"product","link":"https:\/\/canapando.net\/shop\/prodotto\/boundless-cfx-2\/","title":{"rendered":"Boundless CFX +"},"content":{"rendered":"<h3>Aroma intenso<\/h3>\n<div class=\"right-content-wrapper\">\n<p>Proprio come tutti gli altri vape di Boundless, apprezzerai quanto rapidamente e uniformemente CFX+ trasforma le erbe in un vapore denso e gustoso. La camera di riscaldamento in ceramica utilizza la modalit\u00e0 a conduzione e impiega circa 30 secondi per raggiungere le temperature per svapare.<\/p>\n<p>CFX+ ha anche un nuovo canale dell&#8217;aria per raffreddamento in zirconia. Il design a spirale del canale dell&#8217;aria assicura un vapore pi\u00f9 fresco e pi\u00f9 confortevole da inspirare rispetto a prima.<\/p>\n<\/div>\n<h3>Nuova forma<\/h3>\n<div class=\"right-content-wrapper\">\n<p>Grazie al design pi\u00f9 piccolo e resistente, Boundless CFX+ \u00e8 perfetto per essere portato con te fuori casa. Ha anche un rivestimento in silicone che tiene il dispositivo al sicuro da cadute o graffi!<\/p>\n<p>Anche se l&#8217;unit\u00e0 \u00e8 pi\u00f9 piccola, la camera di CFX+ \u00e8 ancora molto grande per un vaporizzatore portatile e pu\u00f2 contenere fino a 0,5 grammi di erbe non troppo pressate.<\/p>\n<\/div>\n<h3>Schermo a colori ampio<\/h3>\n<div class=\"right-content-wrapper\">\n<p>Ci\u00f2 che fa spiccare Boundless CFX+ rispetto agli altri vape \u00e8 lo schermo a colori ampio su cui visualizzare tutte le informazioni pi\u00f9 importanti in una meravigliosa interfaccia. Usa i pulsanti sul lato dell&#8217;unit\u00e0 per selezionare le impostazioni che preferisci e poi clicca su \u201cstart\u201d per avviare la procedura di riscaldamento. Non potrebbe essere pi\u00f9 semplice di cos\u00ec!<\/p>\n<p>Dopo aver iniziato la sessione lo schermo nitido mostra la temperatura selezionata, la temperatura corrente e quanto tempo \u00e8 rimasto nella sessione corrente prima che il riscaldamento venga spento automaticamente.<\/p>\n<\/div>\n<h3>Trova la temperatura perfetta<\/h3>\n<div class=\"right-content-wrapper\">\n<p>Boundless CFX+ offre due opzioni per selezionare la temperatura: modalit\u00e0 pre-impostata o modalit\u00e0 di precisione. Nella modalit\u00e0 pre-impostata puoi selezionare quattro temperature (171, 188, 204 o 221\u00b0C), mentre nella modalit\u00e0 di precisione puoi scegliere la temperatura che vuoi da 121 a 221\u00b0C.<\/p>\n<\/div>\n<h3>Personalizzazione<\/h3>\n<div class=\"right-content-wrapper\">\n<p>Boundless CFX+ consente di personalizzare le sessioni impostando un timer (2, 4, 6 o 8 minuti) al fine di assicurare di avere abbastanza tempo per terminare le sessioni pi\u00f9 lunghe senza preoccuparti di scaricare completamente la batteria.<\/p>\n<p>Puoi anche scegliere tra luminosit\u00e0 alta o bassa, fatto che rende confortevole usare lo schermo sia in stanze buie sia sotto la luce del sole.<\/p>\n<p>Se vuoi modificare alcune impostazioni tutto ci\u00f2 che devi fare \u00e8 premere i pulsanti su e gi\u00f9 dopo aver acceso l&#8217;unit\u00e0.<\/p>\n<\/div>\n<h3>Bocchetta magnetica<\/h3>\n<div class=\"right-content-wrapper\">\n<p>Boundless CFX+ include una bocchetta magnetica migliorata che non solo offre una pulizia semplificata, ma consente anche di riempire la camera con erbe pi\u00f9 facilmente e rapidamente.<\/p>\n<\/div>\n<h3>Strumento per mescolare integrato<\/h3>\n<div class=\"right-content-wrapper\">\n<p>Lo strumento per mescolare integrato si trova sotto la bocchetta e pu\u00f2 essere usato per mescolare le erbe durante una sessione, aiutando a svuotare una volta terminato.<\/p>\n<h3>Ora con ricarica USB-C<\/h3>\n<div class=\"right-content-wrapper\">\n<p>Il miglioramento pi\u00f9 importante rispetto al Boundless CFX precedente \u00e8 la porta di ricarica USB-C. Ora puoi ricaricare le due batterie integrate da 2500 mAh in meno di un&#8217;ora, fatto che significa meno tempo a caricare e pi\u00f9 tempo a svapare!<\/p>\n<\/div>\n<h3>Facile da pulire<\/h3>\n<div class=\"right-content-wrapper\">\n<p>Boundless CFX+ \u00e8 uno dei vape pi\u00f9 facili da pulire. L&#8217;unica operazione di pulizia regolare da eseguire \u00e8 usare lo strumento di pulizia e lo strumento per mescolare per rimuovere le erbe dalla camera alla fine della sessione.<\/p>\n<p>Al fine di eseguire una pulizia pi\u00f9 approfondita, usa dell&#8217;alcol isopropilico e dei bastoncini di cotone su tutto tranne il supporto per la retina della bocchetta in silicone. Questo pu\u00f2 essere pulito solo risciacquandolo con acqua tiepida.<\/p>\n<\/div>\n<h3>Garanzia<\/h3>\n<div class=\"right-content-wrapper\">\n<p>Tutti i vaporizzatori Boundless CFX+ venduti da MagicVaporizers, un distributore autorizzato di Boundless, sono completamente autentici e protetti da 3 anni di garanzia.<\/p>\n<\/div>\n<\/div>\n","protected":false},"excerpt":{"rendered":"<p><strong>Dopo il grande successo del precedente Boundless CFX<\/strong> non sorprende che Boundless abbia deciso di continuare a svilupparlo, rilasciando il tanto atteso Boundless CFX+.<\/p>\n<p>Boundless CFX+ \u00e8 per coloro che danno valore a vaporizzazione e trasportabilit\u00e0 senza sforzo rispetto alla personalizzazione. Potrebbe non includere tutte le funzioni di altri marchi, tuttavia eccelle in ci\u00f2 che \u00e8 pi\u00f9 importante: produrre vapore di alta qualit\u00e0. Se sei uno svapatore di erbe e vuoi un vape affidabile da portare ovunque, CFX+ \u00e8 un&#8217;opzione eccezionale.<\/p>\n","protected":false},"featured_media":14185,"comment_status":"open","ping_status":"closed","template":"","meta":{"_acf_changed":false,"_joinchat":[]},"product_brand":[],"product_cat":[73],"product_tag":[],"class_list":{"0":"post-14150","1":"product","2":"type-product","3":"status-publish","4":"has-post-thumbnail","6":"product_cat-vaporizzatori-e-accessori","8":"first","9":"instock","10":"taxable","11":"shipping-taxable","12":"purchasable","13":"product-type-simple"},"acf":{"tipologia":["new"],"campo_libero":""},"yoast_head":"<!-- This site is optimized with the Yoast SEO plugin v27.4 - https:\/\/yoast.com\/product\/yoast-seo-wordpress\/ -->\n<title>Boundless CFX + - Canapando Shop<\/title>\n<meta name=\"robots\" content=\"index, follow, max-snippet:-1, max-image-preview:large, max-video-preview:-1\" \/>\n<link rel=\"canonical\" href=\"https:\/\/canapando.net\/shop\/prodotto\/boundless-cfx-2\/\" \/>\n<meta name=\"twitter:label1\" content=\"Tempo di lettura stimato\" \/>\n\t<meta name=\"twitter:data1\" content=\"2 minuti\" \/>\n<script type=\"application\/ld+json\" class=\"yoast-schema-graph\">{\"@context\":\"https:\\\/\\\/schema.org\",\"@graph\":[{\"@type\":\"WebPage\",\"@id\":\"https:\\\/\\\/canapando.net\\\/shop\\\/prodotto\\\/boundless-cfx-2\\\/\",\"url\":\"https:\\\/\\\/canapando.net\\\/shop\\\/prodotto\\\/boundless-cfx-2\\\/\",\"name\":\"Boundless CFX + - Canapando Shop\",\"isPartOf\":{\"@id\":\"https:\\\/\\\/canapando.net\\\/shop\\\/#website\"},\"primaryImageOfPage\":{\"@id\":\"https:\\\/\\\/canapando.net\\\/shop\\\/prodotto\\\/boundless-cfx-2\\\/#primaryimage\"},\"image\":{\"@id\":\"https:\\\/\\\/canapando.net\\\/shop\\\/prodotto\\\/boundless-cfx-2\\\/#primaryimage\"},\"thumbnailUrl\":\"https:\\\/\\\/canapando.net\\\/shop\\\/wp-content\\\/uploads\\\/2024\\\/07\\\/18.jpg\",\"datePublished\":\"2024-07-03T16:14:17+00:00\",\"dateModified\":\"2025-11-21T09:30:51+00:00\",\"breadcrumb\":{\"@id\":\"https:\\\/\\\/canapando.net\\\/shop\\\/prodotto\\\/boundless-cfx-2\\\/#breadcrumb\"},\"inLanguage\":\"it-IT\",\"potentialAction\":[{\"@type\":\"ReadAction\",\"target\":[\"https:\\\/\\\/canapando.net\\\/shop\\\/prodotto\\\/boundless-cfx-2\\\/\"]}]},{\"@type\":\"ImageObject\",\"inLanguage\":\"it-IT\",\"@id\":\"https:\\\/\\\/canapando.net\\\/shop\\\/prodotto\\\/boundless-cfx-2\\\/#primaryimage\",\"url\":\"https:\\\/\\\/canapando.net\\\/shop\\\/wp-content\\\/uploads\\\/2024\\\/07\\\/18.jpg\",\"contentUrl\":\"https:\\\/\\\/canapando.net\\\/shop\\\/wp-content\\\/uploads\\\/2024\\\/07\\\/18.jpg\",\"width\":600,\"height\":600},{\"@type\":\"BreadcrumbList\",\"@id\":\"https:\\\/\\\/canapando.net\\\/shop\\\/prodotto\\\/boundless-cfx-2\\\/#breadcrumb\",\"itemListElement\":[{\"@type\":\"ListItem\",\"position\":1,\"name\":\"Home\",\"item\":\"https:\\\/\\\/canapando.net\\\/shop\\\/\"},{\"@type\":\"ListItem\",\"position\":2,\"name\":\"Shop\",\"item\":\"https:\\\/\\\/canapando.net\\\/shop\\\/negozio\\\/\"},{\"@type\":\"ListItem\",\"position\":3,\"name\":\"Boundless CFX +\"}]},{\"@type\":\"WebSite\",\"@id\":\"https:\\\/\\\/canapando.net\\\/shop\\\/#website\",\"url\":\"https:\\\/\\\/canapando.net\\\/shop\\\/\",\"name\":\"Canapando Shop\",\"description\":\"Hemp shop Roma\",\"publisher\":{\"@id\":\"https:\\\/\\\/canapando.net\\\/shop\\\/#organization\"},\"potentialAction\":[{\"@type\":\"SearchAction\",\"target\":{\"@type\":\"EntryPoint\",\"urlTemplate\":\"https:\\\/\\\/canapando.net\\\/shop\\\/?s={search_term_string}\"},\"query-input\":{\"@type\":\"PropertyValueSpecification\",\"valueRequired\":true,\"valueName\":\"search_term_string\"}}],\"inLanguage\":\"it-IT\"},{\"@type\":\"Organization\",\"@id\":\"https:\\\/\\\/canapando.net\\\/shop\\\/#organization\",\"name\":\"Canapando\u00ae\",\"url\":\"https:\\\/\\\/canapando.net\\\/shop\\\/\",\"logo\":{\"@type\":\"ImageObject\",\"inLanguage\":\"it-IT\",\"@id\":\"https:\\\/\\\/canapando.net\\\/shop\\\/#\\\/schema\\\/logo\\\/image\\\/\",\"url\":\"https:\\\/\\\/canapando.net\\\/shop\\\/wp-content\\\/uploads\\\/2021\\\/01\\\/logocanapando.png\",\"contentUrl\":\"https:\\\/\\\/canapando.net\\\/shop\\\/wp-content\\\/uploads\\\/2021\\\/01\\\/logocanapando.png\",\"width\":197,\"height\":110,\"caption\":\"Canapando\u00ae\"},\"image\":{\"@id\":\"https:\\\/\\\/canapando.net\\\/shop\\\/#\\\/schema\\\/logo\\\/image\\\/\"},\"sameAs\":[\"https:\\\/\\\/it-it.facebook.com\\\/canapando.offical\\\/\"]}]}<\/script>\n<!-- \/ Yoast SEO plugin. -->","yoast_head_json":{"title":"Boundless CFX + - Canapando Shop","robots":{"index":"index","follow":"follow","max-snippet":"max-snippet:-1","max-image-preview":"max-image-preview:large","max-video-preview":"max-video-preview:-1"},"canonical":"https:\/\/canapando.net\/shop\/prodotto\/boundless-cfx-2\/","twitter_misc":{"Tempo di lettura stimato":"2 minuti"},"schema":{"@context":"https:\/\/schema.org","@graph":[{"@type":"WebPage","@id":"https:\/\/canapando.net\/shop\/prodotto\/boundless-cfx-2\/","url":"https:\/\/canapando.net\/shop\/prodotto\/boundless-cfx-2\/","name":"Boundless CFX + - Canapando Shop","isPartOf":{"@id":"https:\/\/canapando.net\/shop\/#website"},"primaryImageOfPage":{"@id":"https:\/\/canapando.net\/shop\/prodotto\/boundless-cfx-2\/#primaryimage"},"image":{"@id":"https:\/\/canapando.net\/shop\/prodotto\/boundless-cfx-2\/#primaryimage"},"thumbnailUrl":"https:\/\/canapando.net\/shop\/wp-content\/uploads\/2024\/07\/18.jpg","datePublished":"2024-07-03T16:14:17+00:00","dateModified":"2025-11-21T09:30:51+00:00","breadcrumb":{"@id":"https:\/\/canapando.net\/shop\/prodotto\/boundless-cfx-2\/#breadcrumb"},"inLanguage":"it-IT","potentialAction":[{"@type":"ReadAction","target":["https:\/\/canapando.net\/shop\/prodotto\/boundless-cfx-2\/"]}]},{"@type":"ImageObject","inLanguage":"it-IT","@id":"https:\/\/canapando.net\/shop\/prodotto\/boundless-cfx-2\/#primaryimage","url":"https:\/\/canapando.net\/shop\/wp-content\/uploads\/2024\/07\/18.jpg","contentUrl":"https:\/\/canapando.net\/shop\/wp-content\/uploads\/2024\/07\/18.jpg","width":600,"height":600},{"@type":"BreadcrumbList","@id":"https:\/\/canapando.net\/shop\/prodotto\/boundless-cfx-2\/#breadcrumb","itemListElement":[{"@type":"ListItem","position":1,"name":"Home","item":"https:\/\/canapando.net\/shop\/"},{"@type":"ListItem","position":2,"name":"Shop","item":"https:\/\/canapando.net\/shop\/negozio\/"},{"@type":"ListItem","position":3,"name":"Boundless CFX +"}]},{"@type":"WebSite","@id":"https:\/\/canapando.net\/shop\/#website","url":"https:\/\/canapando.net\/shop\/","name":"Canapando Shop","description":"Hemp shop Roma","publisher":{"@id":"https:\/\/canapando.net\/shop\/#organization"},"potentialAction":[{"@type":"SearchAction","target":{"@type":"EntryPoint","urlTemplate":"https:\/\/canapando.net\/shop\/?s={search_term_string}"},"query-input":{"@type":"PropertyValueSpecification","valueRequired":true,"valueName":"search_term_string"}}],"inLanguage":"it-IT"},{"@type":"Organization","@id":"https:\/\/canapando.net\/shop\/#organization","name":"Canapando\u00ae","url":"https:\/\/canapando.net\/shop\/","logo":{"@type":"ImageObject","inLanguage":"it-IT","@id":"https:\/\/canapando.net\/shop\/#\/schema\/logo\/image\/","url":"https:\/\/canapando.net\/shop\/wp-content\/uploads\/2021\/01\/logocanapando.png","contentUrl":"https:\/\/canapando.net\/shop\/wp-content\/uploads\/2021\/01\/logocanapando.png","width":197,"height":110,"caption":"Canapando\u00ae"},"image":{"@id":"https:\/\/canapando.net\/shop\/#\/schema\/logo\/image\/"},"sameAs":["https:\/\/it-it.facebook.com\/canapando.offical\/"]}]}},"_links":{"self":[{"href":"https:\/\/canapando.net\/shop\/wp-json\/wp\/v2\/product\/14150","targetHints":{"allow":["GET"]}}],"collection":[{"href":"https:\/\/canapando.net\/shop\/wp-json\/wp\/v2\/product"}],"about":[{"href":"https:\/\/canapando.net\/shop\/wp-json\/wp\/v2\/types\/product"}],"replies":[{"embeddable":true,"href":"https:\/\/canapando.net\/shop\/wp-json\/wp\/v2\/comments?post=14150"}],"wp:featuredmedia":[{"embeddable":true,"href":"https:\/\/canapando.net\/shop\/wp-json\/wp\/v2\/media\/14185"}],"wp:attachment":[{"href":"https:\/\/canapando.net\/shop\/wp-json\/wp\/v2\/media?parent=14150"}],"wp:term":[{"taxonomy":"product_brand","embeddable":true,"href":"https:\/\/canapando.net\/shop\/wp-json\/wp\/v2\/product_brand?post=14150"},{"taxonomy":"product_cat","embeddable":true,"href":"https:\/\/canapando.net\/shop\/wp-json\/wp\/v2\/product_cat?post=14150"},{"taxonomy":"product_tag","embeddable":true,"href":"https:\/\/canapando.net\/shop\/wp-json\/wp\/v2\/product_tag?post=14150"}],"curies":[{"name":"wp","href":"https:\/\/api.w.org\/{rel}","templated":true}]}}