{"id":14560,"date":"2024-10-04T10:46:22","date_gmt":"2024-10-04T08:46:22","guid":{"rendered":"https:\/\/canapando.net\/shop\/?post_type=product&#038;p=14560"},"modified":"2025-11-14T11:06:19","modified_gmt":"2025-11-14T10:06:19","slug":"k-way-canapando-nero","status":"publish","type":"product","link":"https:\/\/canapando.net\/shop\/prodotto\/k-way-canapando-nero\/","title":{"rendered":"K-Way Canapando\u00ae Nero"},"content":{"rendered":"","protected":false},"excerpt":{"rendered":"<p><img decoding=\"async\" class=\"alignleft wp-image-17143 size-full\" src=\"https:\/\/canapando.net\/shop\/wp-content\/uploads\/2024\/10\/bc-logo-e1763114329180.png\" alt=\"\" width=\"80\" height=\"80\" \/><img decoding=\"async\" class=\"alignleft wp-image-17139 size-full\" src=\"https:\/\/canapando.net\/shop\/wp-content\/uploads\/2024\/10\/100-pc-recycled-polyester-e1763112991194.png\" alt=\"\" width=\"80\" height=\"80\" \/><img decoding=\"async\" class=\" wp-image-17122 alignnone\" src=\"https:\/\/canapando.net\/shop\/wp-content\/uploads\/2025\/10\/03.jpg\" alt=\"\" width=\"80\" height=\"80\" srcset=\"https:\/\/canapando.net\/shop\/wp-content\/uploads\/2025\/10\/03-50x50.jpg 50w, https:\/\/canapando.net\/shop\/wp-content\/uploads\/2025\/10\/03-64x64.jpg 64w, https:\/\/canapando.net\/shop\/wp-content\/uploads\/2025\/10\/03-66x66.jpg 66w, https:\/\/canapando.net\/shop\/wp-content\/uploads\/2025\/10\/03-100x100.jpg 100w, https:\/\/canapando.net\/shop\/wp-content\/uploads\/2025\/10\/03.jpg 150w\" sizes=\"(max-width: 80px) 100vw, 80px\" \/> \u00a0<img decoding=\"async\" class=\" wp-image-17123 alignnone\" src=\"https:\/\/canapando.net\/shop\/wp-content\/uploads\/2025\/10\/02-1.jpg\" alt=\"\" width=\"80\" height=\"80\" srcset=\"https:\/\/canapando.net\/shop\/wp-content\/uploads\/2025\/10\/02-1-50x50.jpg 50w, https:\/\/canapando.net\/shop\/wp-content\/uploads\/2025\/10\/02-1-64x64.jpg 64w, https:\/\/canapando.net\/shop\/wp-content\/uploads\/2025\/10\/02-1-66x66.jpg 66w, https:\/\/canapando.net\/shop\/wp-content\/uploads\/2025\/10\/02-1-100x100.jpg 100w, https:\/\/canapando.net\/shop\/wp-content\/uploads\/2025\/10\/02-1.jpg 150w\" sizes=\"(max-width: 80px) 100vw, 80px\" \/><\/p>\n<p>Ecco il nostro K-Way Canapando\u00ae in versione nera<\/p>\n<p>&nbsp;<\/p>\n<p>La giacca \u00e8 trattata con una finitura DWR (idrorepellente durevole) di alta qualit\u00e0, priva di fluoro (PFAS\/PFC-free), per un impatto ambientale minimo.<\/p>\n<p data-path-to-node=\"5\"><b>Fit<\/b><\/p>\n<p data-path-to-node=\"5\">Regular fit<\/p>\n<p data-path-to-node=\"6\"><b>Composizione<\/b><\/p>\n<ul>\n<li data-path-to-node=\"6\">Shell: 100% poliestere riciclato (con finitura DWR)<\/li>\n<li data-path-to-node=\"6\">Fodera: 100% mesh di poliestere riciclato<\/li>\n<\/ul>\n<p data-path-to-node=\"7\">Progettata per il controllo dell&#8217;umidit\u00e0 e il comfort ottimale, offre resistenza all&#8217;acqua e alta traspirabilit\u00e0 garantendo una protezione efficace per qualsiasi attivit\u00e0 all&#8217;aperto.<\/p>\n","protected":false},"featured_media":14566,"comment_status":"open","ping_status":"closed","template":"","meta":{"_acf_changed":false,"_joinchat":[]},"product_brand":[],"product_cat":[159,134,44],"product_tag":[135],"class_list":{"0":"post-14560","1":"product","2":"type-product","3":"status-publish","4":"has-post-thumbnail","6":"product_cat-articoli-a-marchio-canapando","7":"product_cat-vestiario","8":"product_cat-abbigliamento-e-gadget","9":"product_tag-articoli-canapando","11":"first","12":"instock","13":"taxable","14":"shipping-taxable","15":"purchasable","16":"product-type-variable"},"acf":{"tipologia":["new"],"campo_libero":""},"yoast_head":"<!-- This site is optimized with the Yoast SEO plugin v27.4 - https:\/\/yoast.com\/product\/yoast-seo-wordpress\/ -->\n<title>K-Way Canapando\u00ae Nero - Canapando Shop<\/title>\n<meta name=\"robots\" content=\"index, follow, max-snippet:-1, max-image-preview:large, max-video-preview:-1\" \/>\n<link rel=\"canonical\" href=\"https:\/\/canapando.net\/shop\/prodotto\/k-way-canapando-nero\/\" \/>\n<script type=\"application\/ld+json\" class=\"yoast-schema-graph\">{\"@context\":\"https:\\\/\\\/schema.org\",\"@graph\":[{\"@type\":\"WebPage\",\"@id\":\"https:\\\/\\\/canapando.net\\\/shop\\\/prodotto\\\/k-way-canapando-nero\\\/\",\"url\":\"https:\\\/\\\/canapando.net\\\/shop\\\/prodotto\\\/k-way-canapando-nero\\\/\",\"name\":\"K-Way Canapando\u00ae Nero - Canapando Shop\",\"isPartOf\":{\"@id\":\"https:\\\/\\\/canapando.net\\\/shop\\\/#website\"},\"primaryImageOfPage\":{\"@id\":\"https:\\\/\\\/canapando.net\\\/shop\\\/prodotto\\\/k-way-canapando-nero\\\/#primaryimage\"},\"image\":{\"@id\":\"https:\\\/\\\/canapando.net\\\/shop\\\/prodotto\\\/k-way-canapando-nero\\\/#primaryimage\"},\"thumbnailUrl\":\"https:\\\/\\\/canapando.net\\\/shop\\\/wp-content\\\/uploads\\\/2024\\\/10\\\/bcju800-lato-cuore-nero.png\",\"datePublished\":\"2024-10-04T08:46:22+00:00\",\"dateModified\":\"2025-11-14T10:06:19+00:00\",\"breadcrumb\":{\"@id\":\"https:\\\/\\\/canapando.net\\\/shop\\\/prodotto\\\/k-way-canapando-nero\\\/#breadcrumb\"},\"inLanguage\":\"it-IT\",\"potentialAction\":[{\"@type\":\"ReadAction\",\"target\":[\"https:\\\/\\\/canapando.net\\\/shop\\\/prodotto\\\/k-way-canapando-nero\\\/\"]}]},{\"@type\":\"ImageObject\",\"inLanguage\":\"it-IT\",\"@id\":\"https:\\\/\\\/canapando.net\\\/shop\\\/prodotto\\\/k-way-canapando-nero\\\/#primaryimage\",\"url\":\"https:\\\/\\\/canapando.net\\\/shop\\\/wp-content\\\/uploads\\\/2024\\\/10\\\/bcju800-lato-cuore-nero.png\",\"contentUrl\":\"https:\\\/\\\/canapando.net\\\/shop\\\/wp-content\\\/uploads\\\/2024\\\/10\\\/bcju800-lato-cuore-nero.png\",\"width\":1200,\"height\":1600},{\"@type\":\"BreadcrumbList\",\"@id\":\"https:\\\/\\\/canapando.net\\\/shop\\\/prodotto\\\/k-way-canapando-nero\\\/#breadcrumb\",\"itemListElement\":[{\"@type\":\"ListItem\",\"position\":1,\"name\":\"Home\",\"item\":\"https:\\\/\\\/canapando.net\\\/shop\\\/\"},{\"@type\":\"ListItem\",\"position\":2,\"name\":\"Shop\",\"item\":\"https:\\\/\\\/canapando.net\\\/shop\\\/negozio\\\/\"},{\"@type\":\"ListItem\",\"position\":3,\"name\":\"K-Way Canapando\u00ae Nero\"}]},{\"@type\":\"WebSite\",\"@id\":\"https:\\\/\\\/canapando.net\\\/shop\\\/#website\",\"url\":\"https:\\\/\\\/canapando.net\\\/shop\\\/\",\"name\":\"Canapando Shop\",\"description\":\"Hemp shop Roma\",\"publisher\":{\"@id\":\"https:\\\/\\\/canapando.net\\\/shop\\\/#organization\"},\"potentialAction\":[{\"@type\":\"SearchAction\",\"target\":{\"@type\":\"EntryPoint\",\"urlTemplate\":\"https:\\\/\\\/canapando.net\\\/shop\\\/?s={search_term_string}\"},\"query-input\":{\"@type\":\"PropertyValueSpecification\",\"valueRequired\":true,\"valueName\":\"search_term_string\"}}],\"inLanguage\":\"it-IT\"},{\"@type\":\"Organization\",\"@id\":\"https:\\\/\\\/canapando.net\\\/shop\\\/#organization\",\"name\":\"Canapando\u00ae\",\"url\":\"https:\\\/\\\/canapando.net\\\/shop\\\/\",\"logo\":{\"@type\":\"ImageObject\",\"inLanguage\":\"it-IT\",\"@id\":\"https:\\\/\\\/canapando.net\\\/shop\\\/#\\\/schema\\\/logo\\\/image\\\/\",\"url\":\"https:\\\/\\\/canapando.net\\\/shop\\\/wp-content\\\/uploads\\\/2021\\\/01\\\/logocanapando.png\",\"contentUrl\":\"https:\\\/\\\/canapando.net\\\/shop\\\/wp-content\\\/uploads\\\/2021\\\/01\\\/logocanapando.png\",\"width\":197,\"height\":110,\"caption\":\"Canapando\u00ae\"},\"image\":{\"@id\":\"https:\\\/\\\/canapando.net\\\/shop\\\/#\\\/schema\\\/logo\\\/image\\\/\"},\"sameAs\":[\"https:\\\/\\\/it-it.facebook.com\\\/canapando.offical\\\/\"]}]}<\/script>\n<!-- \/ Yoast SEO plugin. -->","yoast_head_json":{"title":"K-Way Canapando\u00ae Nero - Canapando Shop","robots":{"index":"index","follow":"follow","max-snippet":"max-snippet:-1","max-image-preview":"max-image-preview:large","max-video-preview":"max-video-preview:-1"},"canonical":"https:\/\/canapando.net\/shop\/prodotto\/k-way-canapando-nero\/","schema":{"@context":"https:\/\/schema.org","@graph":[{"@type":"WebPage","@id":"https:\/\/canapando.net\/shop\/prodotto\/k-way-canapando-nero\/","url":"https:\/\/canapando.net\/shop\/prodotto\/k-way-canapando-nero\/","name":"K-Way Canapando\u00ae Nero - Canapando Shop","isPartOf":{"@id":"https:\/\/canapando.net\/shop\/#website"},"primaryImageOfPage":{"@id":"https:\/\/canapando.net\/shop\/prodotto\/k-way-canapando-nero\/#primaryimage"},"image":{"@id":"https:\/\/canapando.net\/shop\/prodotto\/k-way-canapando-nero\/#primaryimage"},"thumbnailUrl":"https:\/\/canapando.net\/shop\/wp-content\/uploads\/2024\/10\/bcju800-lato-cuore-nero.png","datePublished":"2024-10-04T08:46:22+00:00","dateModified":"2025-11-14T10:06:19+00:00","breadcrumb":{"@id":"https:\/\/canapando.net\/shop\/prodotto\/k-way-canapando-nero\/#breadcrumb"},"inLanguage":"it-IT","potentialAction":[{"@type":"ReadAction","target":["https:\/\/canapando.net\/shop\/prodotto\/k-way-canapando-nero\/"]}]},{"@type":"ImageObject","inLanguage":"it-IT","@id":"https:\/\/canapando.net\/shop\/prodotto\/k-way-canapando-nero\/#primaryimage","url":"https:\/\/canapando.net\/shop\/wp-content\/uploads\/2024\/10\/bcju800-lato-cuore-nero.png","contentUrl":"https:\/\/canapando.net\/shop\/wp-content\/uploads\/2024\/10\/bcju800-lato-cuore-nero.png","width":1200,"height":1600},{"@type":"BreadcrumbList","@id":"https:\/\/canapando.net\/shop\/prodotto\/k-way-canapando-nero\/#breadcrumb","itemListElement":[{"@type":"ListItem","position":1,"name":"Home","item":"https:\/\/canapando.net\/shop\/"},{"@type":"ListItem","position":2,"name":"Shop","item":"https:\/\/canapando.net\/shop\/negozio\/"},{"@type":"ListItem","position":3,"name":"K-Way Canapando\u00ae Nero"}]},{"@type":"WebSite","@id":"https:\/\/canapando.net\/shop\/#website","url":"https:\/\/canapando.net\/shop\/","name":"Canapando Shop","description":"Hemp shop Roma","publisher":{"@id":"https:\/\/canapando.net\/shop\/#organization"},"potentialAction":[{"@type":"SearchAction","target":{"@type":"EntryPoint","urlTemplate":"https:\/\/canapando.net\/shop\/?s={search_term_string}"},"query-input":{"@type":"PropertyValueSpecification","valueRequired":true,"valueName":"search_term_string"}}],"inLanguage":"it-IT"},{"@type":"Organization","@id":"https:\/\/canapando.net\/shop\/#organization","name":"Canapando\u00ae","url":"https:\/\/canapando.net\/shop\/","logo":{"@type":"ImageObject","inLanguage":"it-IT","@id":"https:\/\/canapando.net\/shop\/#\/schema\/logo\/image\/","url":"https:\/\/canapando.net\/shop\/wp-content\/uploads\/2021\/01\/logocanapando.png","contentUrl":"https:\/\/canapando.net\/shop\/wp-content\/uploads\/2021\/01\/logocanapando.png","width":197,"height":110,"caption":"Canapando\u00ae"},"image":{"@id":"https:\/\/canapando.net\/shop\/#\/schema\/logo\/image\/"},"sameAs":["https:\/\/it-it.facebook.com\/canapando.offical\/"]}]}},"_links":{"self":[{"href":"https:\/\/canapando.net\/shop\/wp-json\/wp\/v2\/product\/14560","targetHints":{"allow":["GET"]}}],"collection":[{"href":"https:\/\/canapando.net\/shop\/wp-json\/wp\/v2\/product"}],"about":[{"href":"https:\/\/canapando.net\/shop\/wp-json\/wp\/v2\/types\/product"}],"replies":[{"embeddable":true,"href":"https:\/\/canapando.net\/shop\/wp-json\/wp\/v2\/comments?post=14560"}],"wp:featuredmedia":[{"embeddable":true,"href":"https:\/\/canapando.net\/shop\/wp-json\/wp\/v2\/media\/14566"}],"wp:attachment":[{"href":"https:\/\/canapando.net\/shop\/wp-json\/wp\/v2\/media?parent=14560"}],"wp:term":[{"taxonomy":"product_brand","embeddable":true,"href":"https:\/\/canapando.net\/shop\/wp-json\/wp\/v2\/product_brand?post=14560"},{"taxonomy":"product_cat","embeddable":true,"href":"https:\/\/canapando.net\/shop\/wp-json\/wp\/v2\/product_cat?post=14560"},{"taxonomy":"product_tag","embeddable":true,"href":"https:\/\/canapando.net\/shop\/wp-json\/wp\/v2\/product_tag?post=14560"}],"curies":[{"name":"wp","href":"https:\/\/api.w.org\/{rel}","templated":true}]}}