{"id":18167,"date":"2026-03-16T12:59:55","date_gmt":"2026-03-16T11:59:55","guid":{"rendered":"https:\/\/canapando.net\/shop\/prodotto\/atami-worm-delight-20-lt\/"},"modified":"2026-03-16T15:56:32","modified_gmt":"2026-03-16T14:56:32","slug":"atami-worm-delight-20-lt","status":"publish","type":"product","link":"https:\/\/canapando.net\/shop\/prodotto\/atami-worm-delight-20-lt\/","title":{"rendered":"Atami Worm Delight 20 lt"},"content":{"rendered":"<p><strong>Humus di Lombrico Worm Delight: Fertilizzante biologico ricco di potassio, azoto e fosforo<\/strong><\/p>\n<p>Il <strong>rapporto dei fertilizzanti NPK dell&#8217;humus di lombrico Atami<\/strong> \u00e8 molto simile a quello dei pi\u00f9 importanti fertilizzanti liquidi in commercio, ma il vantaggio \u00e8 che <strong>non c&#8217;\u00e8 bisogno di super-concimare il substrato<\/strong> usato per la coltivazione. L&#8217;Humus contiene fertilizzanti preziosi per le piante, come azoto e fosforo che contribuiscono a una crescita spettacolare (azoto) e alla produzione di fiori (fosforo).<\/p>\n<ul>\n<li>Questo fertilizzante naturale velocizza la fase di crescita e aumenta il risultato finale in fioritura;<\/li>\n<li>Ottimo stimolatore della crescita della pianta grazie all&#8217;azoto;<\/li>\n<li>Grazie al fosforo garantisce un ottimo supporto anche in fase di fioritura;<\/li>\n<li>Adatto per la coltivazione indoor<\/li>\n<li>Mantiene soffice ed areato il substrato<\/li>\n<li>Aumenta l&#8217;attivit\u00e0 microbica del terriccio<\/li>\n<\/ul>\n<p class=\"s4\"><strong><span class=\"s3\">Specifiche<\/span><\/strong><\/p>\n<table>\n<tbody>\n<tr>\n<td class=\"s12\">\n<div>\n<p class=\"s14\"><span class=\"s13\">Biologico<\/span><\/p>\n<\/div>\n<\/td>\n<td class=\"s12\">\n<div>\n<p class=\"s14\"><span class=\"s13\">SI Biologico<\/span><\/p>\n<\/div>\n<\/td>\n<\/tr>\n<tr>\n<td class=\"s12\">\n<div>\n<p class=\"s14\"><span class=\"s13\">Tipo Terriccio\u00a0<\/span><\/p>\n<\/div>\n<\/td>\n<td class=\"s12\">\n<div>\n<p class=\"s14\"><span class=\"s13\">Fertilizzato<\/span><\/p>\n<\/div>\n<\/td>\n<\/tr>\n<tr>\n<td class=\"s12\">\n<div>\n<p class=\"s14\"><span class=\"s13\">Produttore<\/span><\/p>\n<\/div>\n<\/td>\n<td class=\"s12\">\n<div>\n<p class=\"s14\"><span class=\"s13\">Atami<\/span><\/p>\n<\/div>\n<\/td>\n<\/tr>\n<tr>\n<td class=\"s12\">\n<div>\n<p class=\"s14\"><span class=\"s13\">Peso<\/span><\/p>\n<\/div>\n<\/td>\n<td class=\"s12\">\n<div>\n<p class=\"s14\"><span class=\"s13\">7 Kg<\/span><\/p>\n<\/div>\n<\/td>\n<\/tr>\n<tr>\n<td class=\"s12\">\n<div>\n<p class=\"s14\"><span class=\"s13\">Fioritura<\/span><\/p>\n<\/div>\n<\/td>\n<td class=\"s12\">\n<div>\n<p class=\"s14\"><span class=\"s13\">S\u00ec<\/span><\/p>\n<\/div>\n<\/td>\n<\/tr>\n<tr>\n<td class=\"s12\">\n<div>\n<p class=\"s14\"><span class=\"s13\">Crescita<\/span><\/p>\n<\/div>\n<\/td>\n<td class=\"s12\">\n<div>\n<p class=\"s14\"><span class=\"s13\">S\u00ec<\/span><\/p>\n<\/div>\n<\/td>\n<\/tr>\n<\/tbody>\n<\/table>\n","protected":false},"excerpt":{"rendered":"<p>Humus Di Lombrico ammendante per vasi e terreno.<\/p>\n<p>Atami <strong>Worm Delight<\/strong> in confezione da 20 litri. L&#8217;<strong>humus di lombrico<\/strong> rappresenta <strong>uno dei pi\u00f9 importanti fertilizzanti<\/strong> per la coltivazione delle piante. Assicura una crescita giusta e veloce delle piante e aumenta molto la resa (molto importante durante la fioritura).<\/p>\n","protected":false},"featured_media":18182,"comment_status":"open","ping_status":"closed","template":"","meta":{"_acf_changed":false,"_joinchat":[]},"product_brand":[],"product_cat":[198],"product_tag":[],"class_list":{"0":"post-18167","1":"product","2":"type-product","3":"status-publish","4":"has-post-thumbnail","6":"product_cat-terricci-e-substrati","8":"first","9":"instock","10":"taxable","11":"shipping-taxable","12":"purchasable","13":"product-type-simple"},"acf":{"tipologia":"","campo_libero":""},"yoast_head":"<!-- This site is optimized with the Yoast SEO plugin v27.5 - https:\/\/yoast.com\/product\/yoast-seo-wordpress\/ -->\n<title>Atami Worm Delight 20 lt - Canapando Shop<\/title>\n<meta name=\"robots\" content=\"index, follow, max-snippet:-1, max-image-preview:large, max-video-preview:-1\" \/>\n<link rel=\"canonical\" href=\"https:\/\/canapando.net\/shop\/prodotto\/atami-worm-delight-20-lt\/\" \/>\n<meta name=\"twitter:label1\" content=\"Tempo di lettura stimato\" \/>\n\t<meta name=\"twitter:data1\" content=\"1 minuto\" \/>\n<script type=\"application\/ld+json\" class=\"yoast-schema-graph\">{\"@context\":\"https:\\\/\\\/schema.org\",\"@graph\":[{\"@type\":\"WebPage\",\"@id\":\"https:\\\/\\\/canapando.net\\\/shop\\\/prodotto\\\/atami-worm-delight-20-lt\\\/\",\"url\":\"https:\\\/\\\/canapando.net\\\/shop\\\/prodotto\\\/atami-worm-delight-20-lt\\\/\",\"name\":\"Atami Worm Delight 20 lt - Canapando Shop\",\"isPartOf\":{\"@id\":\"https:\\\/\\\/canapando.net\\\/shop\\\/#website\"},\"primaryImageOfPage\":{\"@id\":\"https:\\\/\\\/canapando.net\\\/shop\\\/prodotto\\\/atami-worm-delight-20-lt\\\/#primaryimage\"},\"image\":{\"@id\":\"https:\\\/\\\/canapando.net\\\/shop\\\/prodotto\\\/atami-worm-delight-20-lt\\\/#primaryimage\"},\"thumbnailUrl\":\"https:\\\/\\\/canapando.net\\\/shop\\\/wp-content\\\/uploads\\\/2026\\\/03\\\/atami-worm-delight-20-litri-humus-di-lombrico-fertilizzanteImg_Principale_10319.webp\",\"datePublished\":\"2026-03-16T11:59:55+00:00\",\"dateModified\":\"2026-03-16T14:56:32+00:00\",\"breadcrumb\":{\"@id\":\"https:\\\/\\\/canapando.net\\\/shop\\\/prodotto\\\/atami-worm-delight-20-lt\\\/#breadcrumb\"},\"inLanguage\":\"it-IT\",\"potentialAction\":[{\"@type\":\"ReadAction\",\"target\":[\"https:\\\/\\\/canapando.net\\\/shop\\\/prodotto\\\/atami-worm-delight-20-lt\\\/\"]}]},{\"@type\":\"ImageObject\",\"inLanguage\":\"it-IT\",\"@id\":\"https:\\\/\\\/canapando.net\\\/shop\\\/prodotto\\\/atami-worm-delight-20-lt\\\/#primaryimage\",\"url\":\"https:\\\/\\\/canapando.net\\\/shop\\\/wp-content\\\/uploads\\\/2026\\\/03\\\/atami-worm-delight-20-litri-humus-di-lombrico-fertilizzanteImg_Principale_10319.webp\",\"contentUrl\":\"https:\\\/\\\/canapando.net\\\/shop\\\/wp-content\\\/uploads\\\/2026\\\/03\\\/atami-worm-delight-20-litri-humus-di-lombrico-fertilizzanteImg_Principale_10319.webp\",\"width\":600,\"height\":600},{\"@type\":\"BreadcrumbList\",\"@id\":\"https:\\\/\\\/canapando.net\\\/shop\\\/prodotto\\\/atami-worm-delight-20-lt\\\/#breadcrumb\",\"itemListElement\":[{\"@type\":\"ListItem\",\"position\":1,\"name\":\"Home\",\"item\":\"https:\\\/\\\/canapando.net\\\/shop\\\/\"},{\"@type\":\"ListItem\",\"position\":2,\"name\":\"Shop\",\"item\":\"https:\\\/\\\/canapando.net\\\/shop\\\/negozio\\\/\"},{\"@type\":\"ListItem\",\"position\":3,\"name\":\"Atami Worm Delight 20 lt\"}]},{\"@type\":\"WebSite\",\"@id\":\"https:\\\/\\\/canapando.net\\\/shop\\\/#website\",\"url\":\"https:\\\/\\\/canapando.net\\\/shop\\\/\",\"name\":\"Canapando Shop\",\"description\":\"Hemp shop Roma\",\"publisher\":{\"@id\":\"https:\\\/\\\/canapando.net\\\/shop\\\/#organization\"},\"potentialAction\":[{\"@type\":\"SearchAction\",\"target\":{\"@type\":\"EntryPoint\",\"urlTemplate\":\"https:\\\/\\\/canapando.net\\\/shop\\\/?s={search_term_string}\"},\"query-input\":{\"@type\":\"PropertyValueSpecification\",\"valueRequired\":true,\"valueName\":\"search_term_string\"}}],\"inLanguage\":\"it-IT\"},{\"@type\":\"Organization\",\"@id\":\"https:\\\/\\\/canapando.net\\\/shop\\\/#organization\",\"name\":\"Canapando\u00ae\",\"url\":\"https:\\\/\\\/canapando.net\\\/shop\\\/\",\"logo\":{\"@type\":\"ImageObject\",\"inLanguage\":\"it-IT\",\"@id\":\"https:\\\/\\\/canapando.net\\\/shop\\\/#\\\/schema\\\/logo\\\/image\\\/\",\"url\":\"https:\\\/\\\/canapando.net\\\/shop\\\/wp-content\\\/uploads\\\/2021\\\/01\\\/logocanapando.png\",\"contentUrl\":\"https:\\\/\\\/canapando.net\\\/shop\\\/wp-content\\\/uploads\\\/2021\\\/01\\\/logocanapando.png\",\"width\":197,\"height\":110,\"caption\":\"Canapando\u00ae\"},\"image\":{\"@id\":\"https:\\\/\\\/canapando.net\\\/shop\\\/#\\\/schema\\\/logo\\\/image\\\/\"},\"sameAs\":[\"https:\\\/\\\/it-it.facebook.com\\\/canapando.offical\\\/\"]}]}<\/script>\n<!-- \/ Yoast SEO plugin. -->","yoast_head_json":{"title":"Atami Worm Delight 20 lt - Canapando Shop","robots":{"index":"index","follow":"follow","max-snippet":"max-snippet:-1","max-image-preview":"max-image-preview:large","max-video-preview":"max-video-preview:-1"},"canonical":"https:\/\/canapando.net\/shop\/prodotto\/atami-worm-delight-20-lt\/","twitter_misc":{"Tempo di lettura stimato":"1 minuto"},"schema":{"@context":"https:\/\/schema.org","@graph":[{"@type":"WebPage","@id":"https:\/\/canapando.net\/shop\/prodotto\/atami-worm-delight-20-lt\/","url":"https:\/\/canapando.net\/shop\/prodotto\/atami-worm-delight-20-lt\/","name":"Atami Worm Delight 20 lt - Canapando Shop","isPartOf":{"@id":"https:\/\/canapando.net\/shop\/#website"},"primaryImageOfPage":{"@id":"https:\/\/canapando.net\/shop\/prodotto\/atami-worm-delight-20-lt\/#primaryimage"},"image":{"@id":"https:\/\/canapando.net\/shop\/prodotto\/atami-worm-delight-20-lt\/#primaryimage"},"thumbnailUrl":"https:\/\/canapando.net\/shop\/wp-content\/uploads\/2026\/03\/atami-worm-delight-20-litri-humus-di-lombrico-fertilizzanteImg_Principale_10319.webp","datePublished":"2026-03-16T11:59:55+00:00","dateModified":"2026-03-16T14:56:32+00:00","breadcrumb":{"@id":"https:\/\/canapando.net\/shop\/prodotto\/atami-worm-delight-20-lt\/#breadcrumb"},"inLanguage":"it-IT","potentialAction":[{"@type":"ReadAction","target":["https:\/\/canapando.net\/shop\/prodotto\/atami-worm-delight-20-lt\/"]}]},{"@type":"ImageObject","inLanguage":"it-IT","@id":"https:\/\/canapando.net\/shop\/prodotto\/atami-worm-delight-20-lt\/#primaryimage","url":"https:\/\/canapando.net\/shop\/wp-content\/uploads\/2026\/03\/atami-worm-delight-20-litri-humus-di-lombrico-fertilizzanteImg_Principale_10319.webp","contentUrl":"https:\/\/canapando.net\/shop\/wp-content\/uploads\/2026\/03\/atami-worm-delight-20-litri-humus-di-lombrico-fertilizzanteImg_Principale_10319.webp","width":600,"height":600},{"@type":"BreadcrumbList","@id":"https:\/\/canapando.net\/shop\/prodotto\/atami-worm-delight-20-lt\/#breadcrumb","itemListElement":[{"@type":"ListItem","position":1,"name":"Home","item":"https:\/\/canapando.net\/shop\/"},{"@type":"ListItem","position":2,"name":"Shop","item":"https:\/\/canapando.net\/shop\/negozio\/"},{"@type":"ListItem","position":3,"name":"Atami Worm Delight 20 lt"}]},{"@type":"WebSite","@id":"https:\/\/canapando.net\/shop\/#website","url":"https:\/\/canapando.net\/shop\/","name":"Canapando Shop","description":"Hemp shop Roma","publisher":{"@id":"https:\/\/canapando.net\/shop\/#organization"},"potentialAction":[{"@type":"SearchAction","target":{"@type":"EntryPoint","urlTemplate":"https:\/\/canapando.net\/shop\/?s={search_term_string}"},"query-input":{"@type":"PropertyValueSpecification","valueRequired":true,"valueName":"search_term_string"}}],"inLanguage":"it-IT"},{"@type":"Organization","@id":"https:\/\/canapando.net\/shop\/#organization","name":"Canapando\u00ae","url":"https:\/\/canapando.net\/shop\/","logo":{"@type":"ImageObject","inLanguage":"it-IT","@id":"https:\/\/canapando.net\/shop\/#\/schema\/logo\/image\/","url":"https:\/\/canapando.net\/shop\/wp-content\/uploads\/2021\/01\/logocanapando.png","contentUrl":"https:\/\/canapando.net\/shop\/wp-content\/uploads\/2021\/01\/logocanapando.png","width":197,"height":110,"caption":"Canapando\u00ae"},"image":{"@id":"https:\/\/canapando.net\/shop\/#\/schema\/logo\/image\/"},"sameAs":["https:\/\/it-it.facebook.com\/canapando.offical\/"]}]}},"_links":{"self":[{"href":"https:\/\/canapando.net\/shop\/wp-json\/wp\/v2\/product\/18167","targetHints":{"allow":["GET"]}}],"collection":[{"href":"https:\/\/canapando.net\/shop\/wp-json\/wp\/v2\/product"}],"about":[{"href":"https:\/\/canapando.net\/shop\/wp-json\/wp\/v2\/types\/product"}],"replies":[{"embeddable":true,"href":"https:\/\/canapando.net\/shop\/wp-json\/wp\/v2\/comments?post=18167"}],"wp:featuredmedia":[{"embeddable":true,"href":"https:\/\/canapando.net\/shop\/wp-json\/wp\/v2\/media\/18182"}],"wp:attachment":[{"href":"https:\/\/canapando.net\/shop\/wp-json\/wp\/v2\/media?parent=18167"}],"wp:term":[{"taxonomy":"product_brand","embeddable":true,"href":"https:\/\/canapando.net\/shop\/wp-json\/wp\/v2\/product_brand?post=18167"},{"taxonomy":"product_cat","embeddable":true,"href":"https:\/\/canapando.net\/shop\/wp-json\/wp\/v2\/product_cat?post=18167"},{"taxonomy":"product_tag","embeddable":true,"href":"https:\/\/canapando.net\/shop\/wp-json\/wp\/v2\/product_tag?post=18167"}],"curies":[{"name":"wp","href":"https:\/\/api.w.org\/{rel}","templated":true}]}}