{"id":18174,"date":"2026-03-16T12:59:56","date_gmt":"2026-03-16T11:59:56","guid":{"rendered":"https:\/\/canapando.net\/shop\/prodotto\/canna-argilla-espansa-20-lt\/"},"modified":"2026-03-16T15:56:32","modified_gmt":"2026-03-16T14:56:32","slug":"canna-argilla-espansa-20-lt","status":"publish","type":"product","link":"https:\/\/canapando.net\/shop\/prodotto\/canna-argilla-espansa-20-lt\/","title":{"rendered":"Canna Argilla Espansa 20 lt"},"content":{"rendered":"<p><strong>Vantaggi del Prodotto<\/strong>:<\/p>\n<ul>\n<li>Struttura porosa che consente un&#8217;elevata circolazione di aria, per una radicazione ottimale<\/li>\n<li>Hanno un pH neutro e sono resistenti alle muffe e non marciscono<\/li>\n<li>Costituite da particelle con una struttura eterogenea, per un&#8217;eccellente e progressiva radicazione<\/li>\n<li>Consente anche una crescita e una fioritura eccellenti<\/li>\n<li>Garantiscono la massima produzione, se utilizzati in abbinamento alle soluzioni nutritive Aqua Vega e Aqua Flores<\/li>\n<\/ul>\n<p><strong>Modo d&#8217;uso del Prodotto<\/strong>:<\/p>\n<ul>\n<li>Il prodotto pu\u00f2 venire utilizzato per tutte le forme di idrocoltura<\/li>\n<li>Risciacquare prima con acqua, in modo da eliminare l&#8217;eventuale polvere presente e evitare cos\u00ec di intasare il gocciolatore<\/li>\n<li>Pu\u00f2 essere altres\u00ec impiegata per migliorare il drenaggio del terriccio: \u00e8 sufficiente inserire uno strato di 4 cm di argilla espansa in fondo al vaso<\/li>\n<li>Si consiglia di passare alla somministrazione del prodotto Aqua Flores (abbandonando il prodotto Aqua Vega) quando cominciano a svilupparsi i fiori (generalmente dopo un periodo che va da 1 a 3 settimane di 12 ore di luce al giorno)<\/li>\n<li>L&#8217;imballaggio di plastica \u00e8 100% riciclabile<\/li>\n<\/ul>\n","protected":false},"excerpt":{"rendered":"<p>Consente un&#8217;elevata circolazione di aria<\/p>\n<p>L&#8217;argilla espansa Canna \u00e8 un substrato poroso ideale per colture idroponiche. L&#8217;argilla ha un diametro di 8-16 mm con una struttura porosa, la quale assorbe e rilascia l&#8217;acqua come richiesto dall&#8217;impianto.<\/p>\n<ul>\n<li>Non si decompone ed \u00e8 sterilizzata da parassiti e batteri. Ha un pH stabilizzato tra 5,5 e 6,5: dunque ideale per le coltivazioni in idroponica.<\/li>\n<li>L&#8217;argilla espansa Canna vengono ottenuti da particolari tipi di argilla con un basso tasso di sali solubili, particolarmente adatti alla coltivazione in sistemi a ricircolo idrico.<\/li>\n<\/ul>\n","protected":false},"featured_media":18202,"comment_status":"open","ping_status":"closed","template":"","meta":{"_acf_changed":false,"_joinchat":[]},"product_brand":[],"product_cat":[198],"product_tag":[],"class_list":{"0":"post-18174","1":"product","2":"type-product","3":"status-publish","4":"has-post-thumbnail","6":"product_cat-terricci-e-substrati","8":"first","9":"instock","10":"taxable","11":"shipping-taxable","12":"purchasable","13":"product-type-simple"},"acf":{"tipologia":"","campo_libero":""},"yoast_head":"<!-- This site is optimized with the Yoast SEO plugin v27.5 - https:\/\/yoast.com\/product\/yoast-seo-wordpress\/ -->\n<title>Canna Argilla Espansa 20 lt - Canapando Shop<\/title>\n<meta name=\"robots\" content=\"index, follow, max-snippet:-1, max-image-preview:large, max-video-preview:-1\" \/>\n<link rel=\"canonical\" href=\"https:\/\/canapando.net\/shop\/prodotto\/canna-argilla-espansa-20-lt\/\" \/>\n<meta name=\"twitter:label1\" content=\"Tempo di lettura stimato\" \/>\n\t<meta name=\"twitter:data1\" content=\"1 minuto\" \/>\n<script type=\"application\/ld+json\" class=\"yoast-schema-graph\">{\"@context\":\"https:\\\/\\\/schema.org\",\"@graph\":[{\"@type\":\"WebPage\",\"@id\":\"https:\\\/\\\/canapando.net\\\/shop\\\/prodotto\\\/canna-argilla-espansa-20-lt\\\/\",\"url\":\"https:\\\/\\\/canapando.net\\\/shop\\\/prodotto\\\/canna-argilla-espansa-20-lt\\\/\",\"name\":\"Canna Argilla Espansa 20 lt - Canapando Shop\",\"isPartOf\":{\"@id\":\"https:\\\/\\\/canapando.net\\\/shop\\\/#website\"},\"primaryImageOfPage\":{\"@id\":\"https:\\\/\\\/canapando.net\\\/shop\\\/prodotto\\\/canna-argilla-espansa-20-lt\\\/#primaryimage\"},\"image\":{\"@id\":\"https:\\\/\\\/canapando.net\\\/shop\\\/prodotto\\\/canna-argilla-espansa-20-lt\\\/#primaryimage\"},\"thumbnailUrl\":\"https:\\\/\\\/canapando.net\\\/shop\\\/wp-content\\\/uploads\\\/2026\\\/03\\\/canna-argilla-espansa-20lt.webp\",\"datePublished\":\"2026-03-16T11:59:56+00:00\",\"dateModified\":\"2026-03-16T14:56:32+00:00\",\"breadcrumb\":{\"@id\":\"https:\\\/\\\/canapando.net\\\/shop\\\/prodotto\\\/canna-argilla-espansa-20-lt\\\/#breadcrumb\"},\"inLanguage\":\"it-IT\",\"potentialAction\":[{\"@type\":\"ReadAction\",\"target\":[\"https:\\\/\\\/canapando.net\\\/shop\\\/prodotto\\\/canna-argilla-espansa-20-lt\\\/\"]}]},{\"@type\":\"ImageObject\",\"inLanguage\":\"it-IT\",\"@id\":\"https:\\\/\\\/canapando.net\\\/shop\\\/prodotto\\\/canna-argilla-espansa-20-lt\\\/#primaryimage\",\"url\":\"https:\\\/\\\/canapando.net\\\/shop\\\/wp-content\\\/uploads\\\/2026\\\/03\\\/canna-argilla-espansa-20lt.webp\",\"contentUrl\":\"https:\\\/\\\/canapando.net\\\/shop\\\/wp-content\\\/uploads\\\/2026\\\/03\\\/canna-argilla-espansa-20lt.webp\",\"width\":600,\"height\":600},{\"@type\":\"BreadcrumbList\",\"@id\":\"https:\\\/\\\/canapando.net\\\/shop\\\/prodotto\\\/canna-argilla-espansa-20-lt\\\/#breadcrumb\",\"itemListElement\":[{\"@type\":\"ListItem\",\"position\":1,\"name\":\"Home\",\"item\":\"https:\\\/\\\/canapando.net\\\/shop\\\/\"},{\"@type\":\"ListItem\",\"position\":2,\"name\":\"Shop\",\"item\":\"https:\\\/\\\/canapando.net\\\/shop\\\/negozio\\\/\"},{\"@type\":\"ListItem\",\"position\":3,\"name\":\"Canna Argilla Espansa 20 lt\"}]},{\"@type\":\"WebSite\",\"@id\":\"https:\\\/\\\/canapando.net\\\/shop\\\/#website\",\"url\":\"https:\\\/\\\/canapando.net\\\/shop\\\/\",\"name\":\"Canapando Shop\",\"description\":\"Hemp shop Roma\",\"publisher\":{\"@id\":\"https:\\\/\\\/canapando.net\\\/shop\\\/#organization\"},\"potentialAction\":[{\"@type\":\"SearchAction\",\"target\":{\"@type\":\"EntryPoint\",\"urlTemplate\":\"https:\\\/\\\/canapando.net\\\/shop\\\/?s={search_term_string}\"},\"query-input\":{\"@type\":\"PropertyValueSpecification\",\"valueRequired\":true,\"valueName\":\"search_term_string\"}}],\"inLanguage\":\"it-IT\"},{\"@type\":\"Organization\",\"@id\":\"https:\\\/\\\/canapando.net\\\/shop\\\/#organization\",\"name\":\"Canapando\u00ae\",\"url\":\"https:\\\/\\\/canapando.net\\\/shop\\\/\",\"logo\":{\"@type\":\"ImageObject\",\"inLanguage\":\"it-IT\",\"@id\":\"https:\\\/\\\/canapando.net\\\/shop\\\/#\\\/schema\\\/logo\\\/image\\\/\",\"url\":\"https:\\\/\\\/canapando.net\\\/shop\\\/wp-content\\\/uploads\\\/2021\\\/01\\\/logocanapando.png\",\"contentUrl\":\"https:\\\/\\\/canapando.net\\\/shop\\\/wp-content\\\/uploads\\\/2021\\\/01\\\/logocanapando.png\",\"width\":197,\"height\":110,\"caption\":\"Canapando\u00ae\"},\"image\":{\"@id\":\"https:\\\/\\\/canapando.net\\\/shop\\\/#\\\/schema\\\/logo\\\/image\\\/\"},\"sameAs\":[\"https:\\\/\\\/it-it.facebook.com\\\/canapando.offical\\\/\"]}]}<\/script>\n<!-- \/ Yoast SEO plugin. -->","yoast_head_json":{"title":"Canna Argilla Espansa 20 lt - Canapando Shop","robots":{"index":"index","follow":"follow","max-snippet":"max-snippet:-1","max-image-preview":"max-image-preview:large","max-video-preview":"max-video-preview:-1"},"canonical":"https:\/\/canapando.net\/shop\/prodotto\/canna-argilla-espansa-20-lt\/","twitter_misc":{"Tempo di lettura stimato":"1 minuto"},"schema":{"@context":"https:\/\/schema.org","@graph":[{"@type":"WebPage","@id":"https:\/\/canapando.net\/shop\/prodotto\/canna-argilla-espansa-20-lt\/","url":"https:\/\/canapando.net\/shop\/prodotto\/canna-argilla-espansa-20-lt\/","name":"Canna Argilla Espansa 20 lt - Canapando Shop","isPartOf":{"@id":"https:\/\/canapando.net\/shop\/#website"},"primaryImageOfPage":{"@id":"https:\/\/canapando.net\/shop\/prodotto\/canna-argilla-espansa-20-lt\/#primaryimage"},"image":{"@id":"https:\/\/canapando.net\/shop\/prodotto\/canna-argilla-espansa-20-lt\/#primaryimage"},"thumbnailUrl":"https:\/\/canapando.net\/shop\/wp-content\/uploads\/2026\/03\/canna-argilla-espansa-20lt.webp","datePublished":"2026-03-16T11:59:56+00:00","dateModified":"2026-03-16T14:56:32+00:00","breadcrumb":{"@id":"https:\/\/canapando.net\/shop\/prodotto\/canna-argilla-espansa-20-lt\/#breadcrumb"},"inLanguage":"it-IT","potentialAction":[{"@type":"ReadAction","target":["https:\/\/canapando.net\/shop\/prodotto\/canna-argilla-espansa-20-lt\/"]}]},{"@type":"ImageObject","inLanguage":"it-IT","@id":"https:\/\/canapando.net\/shop\/prodotto\/canna-argilla-espansa-20-lt\/#primaryimage","url":"https:\/\/canapando.net\/shop\/wp-content\/uploads\/2026\/03\/canna-argilla-espansa-20lt.webp","contentUrl":"https:\/\/canapando.net\/shop\/wp-content\/uploads\/2026\/03\/canna-argilla-espansa-20lt.webp","width":600,"height":600},{"@type":"BreadcrumbList","@id":"https:\/\/canapando.net\/shop\/prodotto\/canna-argilla-espansa-20-lt\/#breadcrumb","itemListElement":[{"@type":"ListItem","position":1,"name":"Home","item":"https:\/\/canapando.net\/shop\/"},{"@type":"ListItem","position":2,"name":"Shop","item":"https:\/\/canapando.net\/shop\/negozio\/"},{"@type":"ListItem","position":3,"name":"Canna Argilla Espansa 20 lt"}]},{"@type":"WebSite","@id":"https:\/\/canapando.net\/shop\/#website","url":"https:\/\/canapando.net\/shop\/","name":"Canapando Shop","description":"Hemp shop Roma","publisher":{"@id":"https:\/\/canapando.net\/shop\/#organization"},"potentialAction":[{"@type":"SearchAction","target":{"@type":"EntryPoint","urlTemplate":"https:\/\/canapando.net\/shop\/?s={search_term_string}"},"query-input":{"@type":"PropertyValueSpecification","valueRequired":true,"valueName":"search_term_string"}}],"inLanguage":"it-IT"},{"@type":"Organization","@id":"https:\/\/canapando.net\/shop\/#organization","name":"Canapando\u00ae","url":"https:\/\/canapando.net\/shop\/","logo":{"@type":"ImageObject","inLanguage":"it-IT","@id":"https:\/\/canapando.net\/shop\/#\/schema\/logo\/image\/","url":"https:\/\/canapando.net\/shop\/wp-content\/uploads\/2021\/01\/logocanapando.png","contentUrl":"https:\/\/canapando.net\/shop\/wp-content\/uploads\/2021\/01\/logocanapando.png","width":197,"height":110,"caption":"Canapando\u00ae"},"image":{"@id":"https:\/\/canapando.net\/shop\/#\/schema\/logo\/image\/"},"sameAs":["https:\/\/it-it.facebook.com\/canapando.offical\/"]}]}},"_links":{"self":[{"href":"https:\/\/canapando.net\/shop\/wp-json\/wp\/v2\/product\/18174","targetHints":{"allow":["GET"]}}],"collection":[{"href":"https:\/\/canapando.net\/shop\/wp-json\/wp\/v2\/product"}],"about":[{"href":"https:\/\/canapando.net\/shop\/wp-json\/wp\/v2\/types\/product"}],"replies":[{"embeddable":true,"href":"https:\/\/canapando.net\/shop\/wp-json\/wp\/v2\/comments?post=18174"}],"wp:featuredmedia":[{"embeddable":true,"href":"https:\/\/canapando.net\/shop\/wp-json\/wp\/v2\/media\/18202"}],"wp:attachment":[{"href":"https:\/\/canapando.net\/shop\/wp-json\/wp\/v2\/media?parent=18174"}],"wp:term":[{"taxonomy":"product_brand","embeddable":true,"href":"https:\/\/canapando.net\/shop\/wp-json\/wp\/v2\/product_brand?post=18174"},{"taxonomy":"product_cat","embeddable":true,"href":"https:\/\/canapando.net\/shop\/wp-json\/wp\/v2\/product_cat?post=18174"},{"taxonomy":"product_tag","embeddable":true,"href":"https:\/\/canapando.net\/shop\/wp-json\/wp\/v2\/product_tag?post=18174"}],"curies":[{"name":"wp","href":"https:\/\/api.w.org\/{rel}","templated":true}]}}