{"id":18179,"date":"2026-03-16T12:59:56","date_gmt":"2026-03-16T11:59:56","guid":{"rendered":"https:\/\/canapando.net\/shop\/prodotto\/plagron-mega-worm-humus-1-lt\/"},"modified":"2026-03-16T16:25:03","modified_gmt":"2026-03-16T15:25:03","slug":"plagron-mega-worm-humus-1-lt","status":"publish","type":"product","link":"https:\/\/canapando.net\/shop\/prodotto\/plagron-mega-worm-humus-1-lt\/","title":{"rendered":"Plagron Mega Worm Humus 1 lt"},"content":{"rendered":"<p><strong>Mega Worm della Plagron<\/strong> \u00e8 un composto organico studiato per la crescita delle piante. Viene ottenuto dall&#8217;<strong>humus liquido di lombrichi nutriti in terriccio ricco<\/strong> che offre alle vostre piante molti microelementi, enzimi e minerali. <strong>Plagron utilizza il lombrico Dendrobena Veneta<\/strong>, molto adatto a mantenere leggero ed arieggiato il terriccio da invaso. L&#8217;<strong>Humus di lombrico \u00e8 inoltre un ottimo ammendante<\/strong> del suolo.<\/p>\n<p>Il prodotto fornisce una proporzione ottimale di <strong>azoto, fosforo e potassio<\/strong>, in modo che le piante abbiano un&#8217;alimentazione precisa, grazie alla quale potranno svilupparsi rapidamente. Contiene funghi e batteri vivi, che favoriscono una vita ottimale nel terreno.<\/p>\n<p><strong>L&#8217;impiego di humus di lombrico offre molti vantaggi<\/strong>:<\/p>\n<ul>\n<li>favorisce una pi\u00f9 rapida e migliore germinazione della semenza, uno sviluppo robusto delle radici, un maggiore assorbimento di sostanze nutritizie da parte della pianta ed un migliore raccolto. Inoltre,<\/li>\n<li>favorisce la resistenza generale. L&#8217;humus di lombrico Plagron pu\u00f2 essere utilizzato in qualsiasi momento. Non brucia mai, neppure le piante pi\u00f9 delicate. L&#8217;humus di lombrico Plagron non solo \u00e8 molto fertile e naturale, \u00e8 anche economico ed estremamente semplice da utilizzare.<\/li>\n<\/ul>\n<p><strong>Plagron Mega Worm: Modo d&#8217;uso<\/strong><\/p>\n<ul>\n<li>Utilizzo nel terreno: \u00e8 possibile fertilizzare da 3 a 4 metri quadrati con 1 litro di humus di lombrico.<\/li>\n<li>Utilizzo in vaso: 10 \u2013 20 % di humus di lombrico: miscelare attentamente. Permette una migliore assimilazione dei nutrimenti, una germinazione piu&#8217; vigorosa, una raccolta abbondante. Riduce lo shock da trapianto ed il rischio di malattie.<\/li>\n<\/ul>\n<p>Composizione: alta percentuale di materia organica, oligo-elementi, enzimi, minerali, una proporzione ottimale di NPK e di microorganismi.<\/p>\n","protected":false},"excerpt":{"rendered":"<p>L&#8217;humus di lombrico liquido consente una migliore assimilazione dei nutrimenti, una germinazione pi\u00f9 vigorosa e una raccolta abbondante<\/p>\n","protected":false},"featured_media":18209,"comment_status":"open","ping_status":"closed","template":"","meta":{"_acf_changed":false,"_joinchat":[]},"product_brand":[],"product_cat":[198],"product_tag":[],"class_list":{"0":"post-18179","1":"product","2":"type-product","3":"status-publish","4":"has-post-thumbnail","6":"product_cat-terricci-e-substrati","8":"first","9":"instock","10":"taxable","11":"shipping-taxable","12":"purchasable","13":"product-type-simple"},"acf":{"tipologia":"","campo_libero":""},"yoast_head":"<!-- This site is optimized with the Yoast SEO plugin v27.5 - https:\/\/yoast.com\/product\/yoast-seo-wordpress\/ -->\n<title>Plagron Mega Worm Humus 1 lt - Canapando Shop<\/title>\n<meta name=\"robots\" content=\"index, follow, max-snippet:-1, max-image-preview:large, max-video-preview:-1\" \/>\n<link rel=\"canonical\" href=\"https:\/\/canapando.net\/shop\/prodotto\/plagron-mega-worm-humus-1-lt\/\" \/>\n<meta name=\"twitter:label1\" content=\"Tempo di lettura stimato\" \/>\n\t<meta name=\"twitter:data1\" content=\"1 minuto\" \/>\n<script type=\"application\/ld+json\" class=\"yoast-schema-graph\">{\"@context\":\"https:\\\/\\\/schema.org\",\"@graph\":[{\"@type\":\"WebPage\",\"@id\":\"https:\\\/\\\/canapando.net\\\/shop\\\/prodotto\\\/plagron-mega-worm-humus-1-lt\\\/\",\"url\":\"https:\\\/\\\/canapando.net\\\/shop\\\/prodotto\\\/plagron-mega-worm-humus-1-lt\\\/\",\"name\":\"Plagron Mega Worm Humus 1 lt - Canapando Shop\",\"isPartOf\":{\"@id\":\"https:\\\/\\\/canapando.net\\\/shop\\\/#website\"},\"primaryImageOfPage\":{\"@id\":\"https:\\\/\\\/canapando.net\\\/shop\\\/prodotto\\\/plagron-mega-worm-humus-1-lt\\\/#primaryimage\"},\"image\":{\"@id\":\"https:\\\/\\\/canapando.net\\\/shop\\\/prodotto\\\/plagron-mega-worm-humus-1-lt\\\/#primaryimage\"},\"thumbnailUrl\":\"https:\\\/\\\/canapando.net\\\/shop\\\/wp-content\\\/uploads\\\/2026\\\/03\\\/plagron-mega-worm-1-l.webp\",\"datePublished\":\"2026-03-16T11:59:56+00:00\",\"dateModified\":\"2026-03-16T15:25:03+00:00\",\"breadcrumb\":{\"@id\":\"https:\\\/\\\/canapando.net\\\/shop\\\/prodotto\\\/plagron-mega-worm-humus-1-lt\\\/#breadcrumb\"},\"inLanguage\":\"it-IT\",\"potentialAction\":[{\"@type\":\"ReadAction\",\"target\":[\"https:\\\/\\\/canapando.net\\\/shop\\\/prodotto\\\/plagron-mega-worm-humus-1-lt\\\/\"]}]},{\"@type\":\"ImageObject\",\"inLanguage\":\"it-IT\",\"@id\":\"https:\\\/\\\/canapando.net\\\/shop\\\/prodotto\\\/plagron-mega-worm-humus-1-lt\\\/#primaryimage\",\"url\":\"https:\\\/\\\/canapando.net\\\/shop\\\/wp-content\\\/uploads\\\/2026\\\/03\\\/plagron-mega-worm-1-l.webp\",\"contentUrl\":\"https:\\\/\\\/canapando.net\\\/shop\\\/wp-content\\\/uploads\\\/2026\\\/03\\\/plagron-mega-worm-1-l.webp\",\"width\":1600,\"height\":1600},{\"@type\":\"BreadcrumbList\",\"@id\":\"https:\\\/\\\/canapando.net\\\/shop\\\/prodotto\\\/plagron-mega-worm-humus-1-lt\\\/#breadcrumb\",\"itemListElement\":[{\"@type\":\"ListItem\",\"position\":1,\"name\":\"Home\",\"item\":\"https:\\\/\\\/canapando.net\\\/shop\\\/\"},{\"@type\":\"ListItem\",\"position\":2,\"name\":\"Shop\",\"item\":\"https:\\\/\\\/canapando.net\\\/shop\\\/negozio\\\/\"},{\"@type\":\"ListItem\",\"position\":3,\"name\":\"Plagron Mega Worm Humus 1 lt\"}]},{\"@type\":\"WebSite\",\"@id\":\"https:\\\/\\\/canapando.net\\\/shop\\\/#website\",\"url\":\"https:\\\/\\\/canapando.net\\\/shop\\\/\",\"name\":\"Canapando Shop\",\"description\":\"Hemp shop Roma\",\"publisher\":{\"@id\":\"https:\\\/\\\/canapando.net\\\/shop\\\/#organization\"},\"potentialAction\":[{\"@type\":\"SearchAction\",\"target\":{\"@type\":\"EntryPoint\",\"urlTemplate\":\"https:\\\/\\\/canapando.net\\\/shop\\\/?s={search_term_string}\"},\"query-input\":{\"@type\":\"PropertyValueSpecification\",\"valueRequired\":true,\"valueName\":\"search_term_string\"}}],\"inLanguage\":\"it-IT\"},{\"@type\":\"Organization\",\"@id\":\"https:\\\/\\\/canapando.net\\\/shop\\\/#organization\",\"name\":\"Canapando\u00ae\",\"url\":\"https:\\\/\\\/canapando.net\\\/shop\\\/\",\"logo\":{\"@type\":\"ImageObject\",\"inLanguage\":\"it-IT\",\"@id\":\"https:\\\/\\\/canapando.net\\\/shop\\\/#\\\/schema\\\/logo\\\/image\\\/\",\"url\":\"https:\\\/\\\/canapando.net\\\/shop\\\/wp-content\\\/uploads\\\/2021\\\/01\\\/logocanapando.png\",\"contentUrl\":\"https:\\\/\\\/canapando.net\\\/shop\\\/wp-content\\\/uploads\\\/2021\\\/01\\\/logocanapando.png\",\"width\":197,\"height\":110,\"caption\":\"Canapando\u00ae\"},\"image\":{\"@id\":\"https:\\\/\\\/canapando.net\\\/shop\\\/#\\\/schema\\\/logo\\\/image\\\/\"},\"sameAs\":[\"https:\\\/\\\/it-it.facebook.com\\\/canapando.offical\\\/\"]}]}<\/script>\n<!-- \/ Yoast SEO plugin. -->","yoast_head_json":{"title":"Plagron Mega Worm Humus 1 lt - Canapando Shop","robots":{"index":"index","follow":"follow","max-snippet":"max-snippet:-1","max-image-preview":"max-image-preview:large","max-video-preview":"max-video-preview:-1"},"canonical":"https:\/\/canapando.net\/shop\/prodotto\/plagron-mega-worm-humus-1-lt\/","twitter_misc":{"Tempo di lettura stimato":"1 minuto"},"schema":{"@context":"https:\/\/schema.org","@graph":[{"@type":"WebPage","@id":"https:\/\/canapando.net\/shop\/prodotto\/plagron-mega-worm-humus-1-lt\/","url":"https:\/\/canapando.net\/shop\/prodotto\/plagron-mega-worm-humus-1-lt\/","name":"Plagron Mega Worm Humus 1 lt - Canapando Shop","isPartOf":{"@id":"https:\/\/canapando.net\/shop\/#website"},"primaryImageOfPage":{"@id":"https:\/\/canapando.net\/shop\/prodotto\/plagron-mega-worm-humus-1-lt\/#primaryimage"},"image":{"@id":"https:\/\/canapando.net\/shop\/prodotto\/plagron-mega-worm-humus-1-lt\/#primaryimage"},"thumbnailUrl":"https:\/\/canapando.net\/shop\/wp-content\/uploads\/2026\/03\/plagron-mega-worm-1-l.webp","datePublished":"2026-03-16T11:59:56+00:00","dateModified":"2026-03-16T15:25:03+00:00","breadcrumb":{"@id":"https:\/\/canapando.net\/shop\/prodotto\/plagron-mega-worm-humus-1-lt\/#breadcrumb"},"inLanguage":"it-IT","potentialAction":[{"@type":"ReadAction","target":["https:\/\/canapando.net\/shop\/prodotto\/plagron-mega-worm-humus-1-lt\/"]}]},{"@type":"ImageObject","inLanguage":"it-IT","@id":"https:\/\/canapando.net\/shop\/prodotto\/plagron-mega-worm-humus-1-lt\/#primaryimage","url":"https:\/\/canapando.net\/shop\/wp-content\/uploads\/2026\/03\/plagron-mega-worm-1-l.webp","contentUrl":"https:\/\/canapando.net\/shop\/wp-content\/uploads\/2026\/03\/plagron-mega-worm-1-l.webp","width":1600,"height":1600},{"@type":"BreadcrumbList","@id":"https:\/\/canapando.net\/shop\/prodotto\/plagron-mega-worm-humus-1-lt\/#breadcrumb","itemListElement":[{"@type":"ListItem","position":1,"name":"Home","item":"https:\/\/canapando.net\/shop\/"},{"@type":"ListItem","position":2,"name":"Shop","item":"https:\/\/canapando.net\/shop\/negozio\/"},{"@type":"ListItem","position":3,"name":"Plagron Mega Worm Humus 1 lt"}]},{"@type":"WebSite","@id":"https:\/\/canapando.net\/shop\/#website","url":"https:\/\/canapando.net\/shop\/","name":"Canapando Shop","description":"Hemp shop Roma","publisher":{"@id":"https:\/\/canapando.net\/shop\/#organization"},"potentialAction":[{"@type":"SearchAction","target":{"@type":"EntryPoint","urlTemplate":"https:\/\/canapando.net\/shop\/?s={search_term_string}"},"query-input":{"@type":"PropertyValueSpecification","valueRequired":true,"valueName":"search_term_string"}}],"inLanguage":"it-IT"},{"@type":"Organization","@id":"https:\/\/canapando.net\/shop\/#organization","name":"Canapando\u00ae","url":"https:\/\/canapando.net\/shop\/","logo":{"@type":"ImageObject","inLanguage":"it-IT","@id":"https:\/\/canapando.net\/shop\/#\/schema\/logo\/image\/","url":"https:\/\/canapando.net\/shop\/wp-content\/uploads\/2021\/01\/logocanapando.png","contentUrl":"https:\/\/canapando.net\/shop\/wp-content\/uploads\/2021\/01\/logocanapando.png","width":197,"height":110,"caption":"Canapando\u00ae"},"image":{"@id":"https:\/\/canapando.net\/shop\/#\/schema\/logo\/image\/"},"sameAs":["https:\/\/it-it.facebook.com\/canapando.offical\/"]}]}},"_links":{"self":[{"href":"https:\/\/canapando.net\/shop\/wp-json\/wp\/v2\/product\/18179","targetHints":{"allow":["GET"]}}],"collection":[{"href":"https:\/\/canapando.net\/shop\/wp-json\/wp\/v2\/product"}],"about":[{"href":"https:\/\/canapando.net\/shop\/wp-json\/wp\/v2\/types\/product"}],"replies":[{"embeddable":true,"href":"https:\/\/canapando.net\/shop\/wp-json\/wp\/v2\/comments?post=18179"}],"wp:featuredmedia":[{"embeddable":true,"href":"https:\/\/canapando.net\/shop\/wp-json\/wp\/v2\/media\/18209"}],"wp:attachment":[{"href":"https:\/\/canapando.net\/shop\/wp-json\/wp\/v2\/media?parent=18179"}],"wp:term":[{"taxonomy":"product_brand","embeddable":true,"href":"https:\/\/canapando.net\/shop\/wp-json\/wp\/v2\/product_brand?post=18179"},{"taxonomy":"product_cat","embeddable":true,"href":"https:\/\/canapando.net\/shop\/wp-json\/wp\/v2\/product_cat?post=18179"},{"taxonomy":"product_tag","embeddable":true,"href":"https:\/\/canapando.net\/shop\/wp-json\/wp\/v2\/product_tag?post=18179"}],"curies":[{"name":"wp","href":"https:\/\/api.w.org\/{rel}","templated":true}]}}