{"id":18348,"date":"2026-04-22T10:56:07","date_gmt":"2026-04-22T08:56:07","guid":{"rendered":"https:\/\/canapando.net\/shop\/?post_type=product&#038;p=18348"},"modified":"2026-05-05T18:07:51","modified_gmt":"2026-05-05T16:07:51","slug":"cbg-crystal","status":"publish","type":"product","link":"https:\/\/canapando.net\/shop\/prodotto\/cbg-crystal\/","title":{"rendered":"Crystal CBG"},"content":{"rendered":"<p class=\"p1\"><b>Perch\u00e9 acquistare i cristalli di CBG Canapando?<\/b><\/p>\n<p class=\"p2\"><i> \u2022 Cannabigerolo puro al 99%<\/i><\/p>\n<p class=\"p2\"><i> \u2022 Riduci gli sprechi, grazie al pratico cucchiaino dosatore<\/i><\/p>\n<p class=\"p2\"><i> \u2022 Da materia prima coltivata organicamente, senza pesticidi<\/i><\/p>\n<p class=\"p2\"><i> \u2022 Testato in laboratorio sulla quantit\u00e0 di fitocannabinoidi presenti ed assenza di metalli pesanti<\/i><\/p>\n<p class=\"p2\"><i> \u2022 Pi\u00f9 vicini all\u2019ambiente, grazie al packaging realizzato col 30% di fibre Post Consumer e con l\u201970% di fibre di pura cellulosa vergine ECF (Elemental Chlorine Free), proveniente da fonti gestite in maniera responsabile<\/i><\/p>\n<table class=\"tabella-specifiche\">\n<tbody>\n<tr>\n<td><strong>Percentuale di CBG<\/strong><\/td>\n<td>99%<\/td>\n<\/tr>\n<tr>\n<td><strong>Colore<\/strong><\/td>\n<td>Bianco<\/td>\n<\/tr>\n<tr>\n<td><strong>Metodo di assunzione\u00a0 \u00a0<\/strong><\/td>\n<td>Inalazione, orale, topico<\/td>\n<\/tr>\n<tr>\n<td><strong>Conservazione<\/strong><\/td>\n<td>Luogo fresco, buio e asciutto<\/td>\n<\/tr>\n<tr>\n<td><strong>Durata<\/strong><\/td>\n<td>6 mesi dopo l&#8217;apertura<\/td>\n<\/tr>\n<\/tbody>\n<\/table>\n<p>&nbsp;<\/p>\n<p class=\"p5\"><b>Modalit\u00e0 d\u2019uso: come utilizzare i cristalli di CBG<\/b><\/p>\n<p class=\"p3\">I cristalli di CBG si presentano come una polvere cristallina di colore bianco o giallo chiaro che ricorda il sale o lo zucchero di canna. Sapore e odore sono impercettibili, seppure l\u20191% di prodotto sia costituito da altri principi attivi: una selezione di terpeni, che in questo caso pi\u00f9 che conferire un aroma, potenzia le propriet\u00e0 benefiche del CBG.<\/p>\n<p class=\"p3\">I cristalli di CBG possono essere utilizzati in diversi modi:<\/p>\n<p class=\"p2\">\u2022Per inalazione, utilizzando un vaporizzatore: \u00e8 tra i migliori metodi di utilizzo. Usare un vaporizzatore per erbe permette di evitare la combustione, che oltre a danneggiare la nostra salute, brucia e disperde pi\u00f9 dell\u201980% del principio attivo di qualsiasi cannabinoide decidessimo di assumere.\u00a0Inoltre, la vaporizzazione permette di regolare la temperatura ed esaltare e potenziare quindi le propriet\u00e0 del cannabigerolo (CBG) ed in generale, di tutti gli altri cannabinoidi, ove presenti.<\/p>\n<p class=\"p5\"><b>Quali propriet\u00e0 deve avere il vaporizzatore?<\/b><\/p>\n<p class=\"p3\">1) deve avere la possibilit\u00e0 di impostare una temperatura specifica, compresa tra 160\u00b0 e 180\u00b0.<\/p>\n<p class=\"p3\">2) deve essere adatto anche a contenere liquidi: i cristalli, quando raggiungono i 160\/180 C\u00b0, si sciolgono, proprio come accade ai cristalli di zucchero ad un&#8217;elevata temperatura, formando quindi un liquido oleoso.<\/p>\n<p class=\"p2\"><b> \u2022 A tavola<\/b>: i cristalli di CBG possono essere aggiunti al t\u00e8, al caff\u00e8, ma anche ad impasti per torte, pizze e biscotti o ancora come condimento insieme al sale e al pepe. Il gusto dei nostri piatti non verr\u00e0 minimamente alterato, in compenso durante la digestione beneficeremo dei piacevoli effetti del principio attivo, proprio come accade con l\u2019olio di CBG.<\/p>\n<p class=\"p2\"><b> \u2022 Per via orale, tramite via sublinguale<\/b>: tramite via sublinguale: \u00e8 il metodo pi\u00f9 semplice e veloce per assumere cristalli di CBG, possono essere prelevati con l\u2019apposito cucchiaino e messi direttamente sotto la lingua. Bisogner\u00e0 poi aspettare circa un minuto perch\u00e9 i cristalli si sciolgano completamente.\u00a0Il contatto con le mucose accelera l\u2019arrivo dell\u2019effetto rilassante e distensivo del cannabigerolo. In alternativa \u00e8 possibile scioglierli con un po\u2019 d acqua. Il gusto neutro dei cristalli render\u00e0 facile e alla portata di tutti l\u2019operazione. Inoltre, una volta entrato in contatto con la lingua,\u00a0\u00a0il CBG entrer\u00e0 quasi immediatamente in circolo nel nostro organismo, con tempi di azione molto rapidi.<\/p>\n<p class=\"p6\"><b>Le straordinarie propriet\u00e0 dei cristalli di CBG<\/b><\/p>\n<p class=\"p3\">Il cannabigerolo o CBG non \u00e8 semplicemente uno dei numerosi componenti della cannabis.<br \/>\nSi tratta del primo fitocannabinoide che si sviluppa sulla pianta di canapa sativa, fu scoperto per la prima volta nel 1964 dallo scienziato Y. Gaoni.<br \/>\nIl CBG ha un compito molto importante: quello di sintetizzare e quindi creare tutti gli altri cannabinoidi durante la fase di crescita della pianta di canapa, cannabinoidi tra cui anche CBD e THC, che sono quelli che conosciamo meglio.<br \/>\nQuesto \u00e8 il motivo per cui viene chiamato il padre di tutti i cannabinoidi ed \u00e8 anche il motivo per cui la ricerca scientifica, che lo ha studiato a lungo, lo identifica come una base ideale per la creazione di nuovi farmaci, proprio come accade per il CBD.<\/p>\n<p class=\"p5\"><b>Le principali propriet\u00e0 terapeutiche del CBG sono:<\/b><\/p>\n<p class=\"p2\">\u2022Analgesiche<\/p>\n<p class=\"p2\">\u2022Ansiolitiche<\/p>\n<p class=\"p2\">\u2022Antibatteriche e Antimicotiche<\/p>\n<p class=\"p2\">\u2022Antinfiammatorie<\/p>\n<p class=\"p2\">\u2022Neuro protettive<\/p>\n<p class=\"p3\">Ha inoltre la capacit\u00e0 di<\/p>\n<p class=\"p2\">\u2022Limitare gli sbalzi d\u2019umore<\/p>\n<p class=\"p2\">\u2022Contrastare il glaucoma e i danni ad esso relativi<\/p>\n<p class=\"p2\">\u2022Stimolare l\u2019appetito<\/p>\n<p class=\"p2\">\u2022Contrastare la psoriasi<\/p>\n<p class=\"p2\">\u2022Agire contro le disfunzioni vescicali<\/p>\n<p class=\"p3\">I cristalli di CBG Canapando, puri al 99% ed estratti solo da piante organiche selezionate in conformit\u00e0 agli accordi della Farmacologia Europea, sono la possibilit\u00e0 pi\u00f9 pura ed efficace per assumere i principi attivi contenuti nel cannabigerolo e fruire delle sue propriet\u00e0 terapeutiche.<\/p>\n<p class=\"p6\"><b>Quanto CBG devo assumere?<\/b><\/p>\n<p class=\"p3\">Nonostante i cristalli di CBG non abbiano effetti collaterali, \u00e8 altamente consigliabile iniziare l\u2019assunzione del cannabigerolo e di tutti gli altri cannabinoidi con gradualit\u00e0, monitorando gli effetti benefici che ha sul nostro corpo per stabilire un dosaggio corretto, che varia da persona a persona ed \u00e8 assolutamente personale.<br \/>\nUn dosaggio giornaliero indicativo di partenza potrebbe essere 50 mg, il famoso chicco di riso: la misura perfetta.<\/p>\n<p class=\"p5\"><b>Cristalli Canapando: qualit\u00e0 certificata<\/b><\/p>\n<p class=\"p3\">Scegliamo la qualit\u00e0 dall\u2019inizio alla fine. A partire dal tipo di coltivazione delle piante da cui estraiamo i nostri prodotti: scegliamo solo un tipo di agricoltura che segua le Guidelines on Good Agricultural and Collection Practice (GACP) ed eseguita nei limiti della legge n. 242\/2016 \u201cDisposizioni per la promozione della coltivazione e della filiera agroindustriale della canapa\u201d.<br \/>\nLe piante da noi selezionate vengono coltivate in Italia secondo alti standard qualitativi e nel massimo rispetto del prodotto nonch\u00e9 della tutela dell\u2019ambiente.<br \/>\nIl processo di estrazione dei nostri cristalli viene monitorato in ogni passaggio e viene realizzato in accordo agli atti della Farmacologia Europea e successivamente testato da laboratori specializzati e certificati.<br \/>\nCanapando \u00e8 specializzata nella produzione di prodotti derivati dalla canapa e ha come obiettivo primario quello di fornire uno standard elevatissimo di qualit\u00e0, garantendo la massima sicurezza.<\/p>\n","protected":false},"excerpt":{"rendered":"<p class=\"p1\"><b>Cristalli di CBG 99% &#8211; Gc 500<\/b><\/p>\n<p class=\"p2\"><b>Cristalli al CBG: una novit\u00e0 imperdibile<\/b><\/p>\n<p class=\"p3\">Ottenuti dall\u2019estrazione di uno dei cannabinoidi non psicoattivi pi\u00f9 rivoluzionari presenti nelle piante di canapa sativa, i cristalli di CBG sono puri al 99%.\u00a0Il cannabigerolo \u00e8 un fitocannabinoide molto speciale, responsabile della sintesi di tutti gli altri cannabinoidi, compresi CBD e THC. A differenza di quest\u2019ultimo, non ha alcun effetto drogante o psicoattivo, ma solo effetti benefici.<\/p>\n<p class=\"p3\">Basteranno 50 mg di prodotto, che pu\u00f2 essere comodamente prelevato con il cucchiaino dosatore in dotazione, per godere delle numerose propriet\u00e0 del cannabigerolo.<\/p>\n<p class=\"p3\">I cristalli di CBG Canapando sono un prodotto naturale, estratto dalle migliori piante italiane provenienti solo da coltivazioni biologiche, che non utilizzano pesticidi e additivi chimici. Il processo di estrazione viene monitorato in ogni sua fase e il prodotto finale testato in laboratori specializzati che ne garantiscono la qualit\u00e0 e la sicurezza.<\/p>\n","protected":false},"featured_media":18572,"comment_status":"closed","ping_status":"closed","template":"","meta":{"_acf_changed":false,"_joinchat":[]},"product_brand":[],"product_cat":[85,23],"product_tag":[222],"class_list":{"0":"post-18348","1":"product","2":"type-product","3":"status-publish","4":"has-post-thumbnail","6":"product_cat-estratti-hash","7":"product_cat-canapando","8":"product_tag-promo-mese-maggio-26","10":"first","11":"instock","12":"sale","13":"taxable","14":"shipping-taxable","15":"purchasable","16":"product-type-variable","17":"has-default-attributes"},"acf":{"tipologia":["new","promo"],"campo_libero":""},"yoast_head":"<!-- This site is optimized with the Yoast SEO plugin v27.5 - https:\/\/yoast.com\/product\/yoast-seo-wordpress\/ -->\n<title>Crystal CBG - Canapando Shop<\/title>\n<meta name=\"robots\" content=\"index, follow, max-snippet:-1, max-image-preview:large, max-video-preview:-1\" \/>\n<link rel=\"canonical\" href=\"https:\/\/canapando.net\/shop\/prodotto\/cbg-crystal\/\" \/>\n<meta name=\"twitter:label1\" content=\"Tempo di lettura stimato\" \/>\n\t<meta name=\"twitter:data1\" content=\"4 minuti\" \/>\n<script type=\"application\/ld+json\" class=\"yoast-schema-graph\">{\"@context\":\"https:\\\/\\\/schema.org\",\"@graph\":[{\"@type\":\"WebPage\",\"@id\":\"https:\\\/\\\/canapando.net\\\/shop\\\/prodotto\\\/cbg-crystal\\\/\",\"url\":\"https:\\\/\\\/canapando.net\\\/shop\\\/prodotto\\\/cbg-crystal\\\/\",\"name\":\"Crystal CBG - Canapando Shop\",\"isPartOf\":{\"@id\":\"https:\\\/\\\/canapando.net\\\/shop\\\/#website\"},\"primaryImageOfPage\":{\"@id\":\"https:\\\/\\\/canapando.net\\\/shop\\\/prodotto\\\/cbg-crystal\\\/#primaryimage\"},\"image\":{\"@id\":\"https:\\\/\\\/canapando.net\\\/shop\\\/prodotto\\\/cbg-crystal\\\/#primaryimage\"},\"thumbnailUrl\":\"https:\\\/\\\/canapando.net\\\/shop\\\/wp-content\\\/uploads\\\/2026\\\/04\\\/crystal-cbg.webp\",\"datePublished\":\"2026-04-22T08:56:07+00:00\",\"dateModified\":\"2026-05-05T16:07:51+00:00\",\"breadcrumb\":{\"@id\":\"https:\\\/\\\/canapando.net\\\/shop\\\/prodotto\\\/cbg-crystal\\\/#breadcrumb\"},\"inLanguage\":\"it-IT\",\"potentialAction\":[{\"@type\":\"ReadAction\",\"target\":[\"https:\\\/\\\/canapando.net\\\/shop\\\/prodotto\\\/cbg-crystal\\\/\"]}]},{\"@type\":\"ImageObject\",\"inLanguage\":\"it-IT\",\"@id\":\"https:\\\/\\\/canapando.net\\\/shop\\\/prodotto\\\/cbg-crystal\\\/#primaryimage\",\"url\":\"https:\\\/\\\/canapando.net\\\/shop\\\/wp-content\\\/uploads\\\/2026\\\/04\\\/crystal-cbg.webp\",\"contentUrl\":\"https:\\\/\\\/canapando.net\\\/shop\\\/wp-content\\\/uploads\\\/2026\\\/04\\\/crystal-cbg.webp\",\"width\":600,\"height\":637},{\"@type\":\"BreadcrumbList\",\"@id\":\"https:\\\/\\\/canapando.net\\\/shop\\\/prodotto\\\/cbg-crystal\\\/#breadcrumb\",\"itemListElement\":[{\"@type\":\"ListItem\",\"position\":1,\"name\":\"Home\",\"item\":\"https:\\\/\\\/canapando.net\\\/shop\\\/\"},{\"@type\":\"ListItem\",\"position\":2,\"name\":\"Shop\",\"item\":\"https:\\\/\\\/canapando.net\\\/shop\\\/negozio\\\/\"},{\"@type\":\"ListItem\",\"position\":3,\"name\":\"Crystal CBG\"}]},{\"@type\":\"WebSite\",\"@id\":\"https:\\\/\\\/canapando.net\\\/shop\\\/#website\",\"url\":\"https:\\\/\\\/canapando.net\\\/shop\\\/\",\"name\":\"Canapando Shop\",\"description\":\"Hemp shop Roma\",\"publisher\":{\"@id\":\"https:\\\/\\\/canapando.net\\\/shop\\\/#organization\"},\"potentialAction\":[{\"@type\":\"SearchAction\",\"target\":{\"@type\":\"EntryPoint\",\"urlTemplate\":\"https:\\\/\\\/canapando.net\\\/shop\\\/?s={search_term_string}\"},\"query-input\":{\"@type\":\"PropertyValueSpecification\",\"valueRequired\":true,\"valueName\":\"search_term_string\"}}],\"inLanguage\":\"it-IT\"},{\"@type\":\"Organization\",\"@id\":\"https:\\\/\\\/canapando.net\\\/shop\\\/#organization\",\"name\":\"Canapando\u00ae\",\"url\":\"https:\\\/\\\/canapando.net\\\/shop\\\/\",\"logo\":{\"@type\":\"ImageObject\",\"inLanguage\":\"it-IT\",\"@id\":\"https:\\\/\\\/canapando.net\\\/shop\\\/#\\\/schema\\\/logo\\\/image\\\/\",\"url\":\"https:\\\/\\\/canapando.net\\\/shop\\\/wp-content\\\/uploads\\\/2021\\\/01\\\/logocanapando.png\",\"contentUrl\":\"https:\\\/\\\/canapando.net\\\/shop\\\/wp-content\\\/uploads\\\/2021\\\/01\\\/logocanapando.png\",\"width\":197,\"height\":110,\"caption\":\"Canapando\u00ae\"},\"image\":{\"@id\":\"https:\\\/\\\/canapando.net\\\/shop\\\/#\\\/schema\\\/logo\\\/image\\\/\"},\"sameAs\":[\"https:\\\/\\\/it-it.facebook.com\\\/canapando.offical\\\/\"]}]}<\/script>\n<!-- \/ Yoast SEO plugin. -->","yoast_head_json":{"title":"Crystal CBG - Canapando Shop","robots":{"index":"index","follow":"follow","max-snippet":"max-snippet:-1","max-image-preview":"max-image-preview:large","max-video-preview":"max-video-preview:-1"},"canonical":"https:\/\/canapando.net\/shop\/prodotto\/cbg-crystal\/","twitter_misc":{"Tempo di lettura stimato":"4 minuti"},"schema":{"@context":"https:\/\/schema.org","@graph":[{"@type":"WebPage","@id":"https:\/\/canapando.net\/shop\/prodotto\/cbg-crystal\/","url":"https:\/\/canapando.net\/shop\/prodotto\/cbg-crystal\/","name":"Crystal CBG - Canapando Shop","isPartOf":{"@id":"https:\/\/canapando.net\/shop\/#website"},"primaryImageOfPage":{"@id":"https:\/\/canapando.net\/shop\/prodotto\/cbg-crystal\/#primaryimage"},"image":{"@id":"https:\/\/canapando.net\/shop\/prodotto\/cbg-crystal\/#primaryimage"},"thumbnailUrl":"https:\/\/canapando.net\/shop\/wp-content\/uploads\/2026\/04\/crystal-cbg.webp","datePublished":"2026-04-22T08:56:07+00:00","dateModified":"2026-05-05T16:07:51+00:00","breadcrumb":{"@id":"https:\/\/canapando.net\/shop\/prodotto\/cbg-crystal\/#breadcrumb"},"inLanguage":"it-IT","potentialAction":[{"@type":"ReadAction","target":["https:\/\/canapando.net\/shop\/prodotto\/cbg-crystal\/"]}]},{"@type":"ImageObject","inLanguage":"it-IT","@id":"https:\/\/canapando.net\/shop\/prodotto\/cbg-crystal\/#primaryimage","url":"https:\/\/canapando.net\/shop\/wp-content\/uploads\/2026\/04\/crystal-cbg.webp","contentUrl":"https:\/\/canapando.net\/shop\/wp-content\/uploads\/2026\/04\/crystal-cbg.webp","width":600,"height":637},{"@type":"BreadcrumbList","@id":"https:\/\/canapando.net\/shop\/prodotto\/cbg-crystal\/#breadcrumb","itemListElement":[{"@type":"ListItem","position":1,"name":"Home","item":"https:\/\/canapando.net\/shop\/"},{"@type":"ListItem","position":2,"name":"Shop","item":"https:\/\/canapando.net\/shop\/negozio\/"},{"@type":"ListItem","position":3,"name":"Crystal CBG"}]},{"@type":"WebSite","@id":"https:\/\/canapando.net\/shop\/#website","url":"https:\/\/canapando.net\/shop\/","name":"Canapando Shop","description":"Hemp shop Roma","publisher":{"@id":"https:\/\/canapando.net\/shop\/#organization"},"potentialAction":[{"@type":"SearchAction","target":{"@type":"EntryPoint","urlTemplate":"https:\/\/canapando.net\/shop\/?s={search_term_string}"},"query-input":{"@type":"PropertyValueSpecification","valueRequired":true,"valueName":"search_term_string"}}],"inLanguage":"it-IT"},{"@type":"Organization","@id":"https:\/\/canapando.net\/shop\/#organization","name":"Canapando\u00ae","url":"https:\/\/canapando.net\/shop\/","logo":{"@type":"ImageObject","inLanguage":"it-IT","@id":"https:\/\/canapando.net\/shop\/#\/schema\/logo\/image\/","url":"https:\/\/canapando.net\/shop\/wp-content\/uploads\/2021\/01\/logocanapando.png","contentUrl":"https:\/\/canapando.net\/shop\/wp-content\/uploads\/2021\/01\/logocanapando.png","width":197,"height":110,"caption":"Canapando\u00ae"},"image":{"@id":"https:\/\/canapando.net\/shop\/#\/schema\/logo\/image\/"},"sameAs":["https:\/\/it-it.facebook.com\/canapando.offical\/"]}]}},"_links":{"self":[{"href":"https:\/\/canapando.net\/shop\/wp-json\/wp\/v2\/product\/18348","targetHints":{"allow":["GET"]}}],"collection":[{"href":"https:\/\/canapando.net\/shop\/wp-json\/wp\/v2\/product"}],"about":[{"href":"https:\/\/canapando.net\/shop\/wp-json\/wp\/v2\/types\/product"}],"replies":[{"embeddable":true,"href":"https:\/\/canapando.net\/shop\/wp-json\/wp\/v2\/comments?post=18348"}],"wp:featuredmedia":[{"embeddable":true,"href":"https:\/\/canapando.net\/shop\/wp-json\/wp\/v2\/media\/18572"}],"wp:attachment":[{"href":"https:\/\/canapando.net\/shop\/wp-json\/wp\/v2\/media?parent=18348"}],"wp:term":[{"taxonomy":"product_brand","embeddable":true,"href":"https:\/\/canapando.net\/shop\/wp-json\/wp\/v2\/product_brand?post=18348"},{"taxonomy":"product_cat","embeddable":true,"href":"https:\/\/canapando.net\/shop\/wp-json\/wp\/v2\/product_cat?post=18348"},{"taxonomy":"product_tag","embeddable":true,"href":"https:\/\/canapando.net\/shop\/wp-json\/wp\/v2\/product_tag?post=18348"}],"curies":[{"name":"wp","href":"https:\/\/api.w.org\/{rel}","templated":true}]}}