{"id":18349,"date":"2026-04-22T10:56:46","date_gmt":"2026-04-22T08:56:46","guid":{"rendered":"https:\/\/canapando.net\/shop\/?post_type=product&#038;p=18349"},"modified":"2026-05-05T18:08:25","modified_gmt":"2026-05-05T16:08:25","slug":"cristalli-cbd","status":"publish","type":"product","link":"https:\/\/canapando.net\/shop\/prodotto\/cristalli-cbd\/","title":{"rendered":"Crystal CBD"},"content":{"rendered":"<p class=\"p1\"><b>Cristalli di CBD Canapando: perch\u00e9 acquistarli?<\/b><\/p>\n<p class=\"p2\">\u2022Un prodotto per veri puristi: 99% di CBD di altissima qualit\u00e0, realizzato in Italia a partire da materia prima coltivata organicamente<\/p>\n<p class=\"p2\">\u2022con un pratico cucchiaino dosatore, per un consumo pi\u00f9 preciso<\/p>\n<p class=\"p2\">\u2022testato in laboratorio sulla quantit\u00e0 di fitocannabinoidi presenti ed assenza di metalli pesanti<\/p>\n<p class=\"p2\">\u2022pi\u00f9 vicini all\u2019ambiente, grazie al packaging realizzato col 30% di fibre Post Consumer e con l\u201970% di fibre di pura cellulosa vergine ECF (Elemental Chlorine Free), proveniente da fonti gestite in maniera responsabile<\/p>\n<p class=\"p3\">Ingredienti e formato<\/p>\n<p class=\"p4\">Cc1000:\u00a0confezione da 1 grammo di cristalli di CBD con 99% di puro CBD e 1% di terpeni naturali. \u00c8 un prodotto privo di glutine, allergeni e conservanti chimici.<\/p>\n<p class=\"p4\">Oltre al conveniente formato da 1 grammi,\u00a0\u00a0i cristalli di CBD possono essere acquistati anche nel\u00a0formato da 0,5 grammi.<\/p>\n<table class=\"tabella-info-prodotto\">\n<tbody>\n<tr>\n<td><strong>Percentuale di CBD<\/strong><\/td>\n<td>99%<\/td>\n<\/tr>\n<tr>\n<td><strong>Colore<\/strong><\/td>\n<td>Bianco<\/td>\n<\/tr>\n<tr>\n<td><strong>Metodo di assunzione\u00a0 \u00a0<\/strong><\/td>\n<td>Inalazione, orale, topico<\/td>\n<\/tr>\n<tr>\n<td><strong>Conservazione<\/strong><\/td>\n<td>Luogo fresco, buio e asciutto<\/td>\n<\/tr>\n<tr>\n<td><strong>Durata<\/strong><\/td>\n<td>6 mesi dopo l&#8217;apertura<\/td>\n<\/tr>\n<\/tbody>\n<\/table>\n<p>&nbsp;<\/p>\n<p class=\"p1\"><b>Cristalli di CBD: come si usano<\/b><\/p>\n<p class=\"p4\">I cristalli di CBD possono essere utilizzati in diversi modi. Si tratta di una polvere cristallina di colore bianco o leggermente giallo, che assomiglia allo zucchero o allo zucchero di canna sia per colore che per consistenza ed esattamente come lo zucchero pu\u00f2 essere ingerito. Questo, tuttavia non \u00e8 il solo modo per assumerli.<\/p>\n<p class=\"p4\">Ecco tre modi semplici ed efficaci per assumere il CBD puro:<\/p>\n<p class=\"p2\"><b> \u2022 Per inalazione<\/b>, utilizzando un vaporizzatore: \u00e8 tra i migliori metodi di utilizzo. Usare un vaporizzatore per erbe permette di evitare la combustione, che oltre a danneggiare la nostra salute, brucia e disperde pi\u00f9 dell\u201980% del principio attivo di qualsiasi cannabinoide decidessimo di assumere.\u00a0Inoltre, la vaporizzazione permette di regolare la temperatura ed esaltare e potenziare quindi le propriet\u00e0 del cannabidiolo (CBD) ed in generale, di tutti gli altri cannabinoidi, ove presenti.<\/p>\n<p class=\"p4\"><b>Quali propriet\u00e0 deve avere il vaporizzatore?<\/b><\/p>\n<p class=\"p6\">1) deve avere la possibilit\u00e0 di impostare una temperatura specifica, compresa tra 160\u00b0 e 180\u00b0.<\/p>\n<p class=\"p6\">2) deve essere adatto anche a contenere liquidi: i cristalli, quando raggiungono i 160\/180 C\u00b0, si sciolgono, proprio come accade ai cristalli di zucchero ad un&#8217;elevata temperatura, formando quindi un liquido oleoso.<\/p>\n<p class=\"p7\"><b> \u2022 A tavola<\/b>: i cristalli di CBD possono essere aggiunti al t\u00e8, al caff\u00e8, ma anche ad impasti per torte, pizze e biscotti o ancora come condimento insieme al sale e al pepe. Il gusto dei nostri piatti non verr\u00e0 minimamente alterato, in compenso durante la digestione beneficeremo dei piacevoli effetti del principio attivo, proprio come accade con l\u2019olio di CBD.<\/p>\n<p class=\"p7\"><b> \u2022 Per via orale<\/b>, tramite via sublinguale: \u00e8 il metodo pi\u00f9 semplice e veloce per assumere cristalli di CBD, possono essere prelevati con l\u2019apposito cucchiaino e messi direttamente sotto la lingua. Bisogner\u00e0 poi aspettare circa un minuto perch\u00e9 i cristalli si sciolgano completamente.\u00a0Il contatto con le mucose accelera l\u2019arrivo dell\u2019effetto rilassante e distensivo del cannabidiolo. In alternativa \u00e8 possibile scioglierli con un po\u2019 d acqua. Il gusto neutro dei cristalli render\u00e0 facile e alla portata di tutti l\u2019operazione. Inoltre, una volta entrato in contatto con la lingua,\u00a0\u00a0il CBD entrer\u00e0 quasi immediatamente in circolo nel nostro organismo, con tempi di azione molto rapidi.<\/p>\n<p class=\"p7\"><b> \u2022 Per via topica<\/b>, aggiungendolo come ingrediente a creme o unguenti. La pianta di cannabis \u00e8 da ormai diverso tempo utilizzata in cosmetica con ottimi risultati:<br \/>\ni prodotti a base di cannabidiolo sono numerosi e si presentano sotto varie forme tra cui:<br \/>\n&#8211; creme<br \/>\n&#8211; balsami<br \/>\n&#8211; pomate dopo sole<\/p>\n<p>In molti di questi casi il CBD non \u00e8 l\u2019ingrediente principale, ma \u00e8 finalizzato semplicemente ad integrare lo spettro di componenti del cosmetico. Quando parliamo per\u00f2 di utilizzo topico, intendiamo principalmente rivolgerci a chi ha desiderio o necessit\u00e0 di utilizzare il cbd come rimedio contro patologie o situazioni particolari.<\/p>\n<p>Le comprovate propriet\u00e0 antinfiammatorie del cannabidiolo (CBD), agiscono in maniera diretta sul sistema endocannabinoide e nello specifico sui recettori CB1 e CB2 in modo da mitigare gli stati infiammatori della cute e svolgendo allo stesso tempo un\u2019azione benefica sulle cellule della nostra pelle.<\/p>\n<p class=\"p4\"><b>Per quali patologie della cute si pu\u00f2 utilizzare il CBD in cristalli?<\/b><\/p>\n<p class=\"p6\">Una delle patologie pi\u00f9 comuni per cui viene utilizzato il CBD \u00e8 la\u00a0psoriasi.<\/p>\n<p>La Psoriasi altro non \u00e8 che un\u2019infiammazione delle pelle che porta ad avere le lesioni tipiche che caratterizzano la malattia, presentandosi sotto varie forme.<\/p>\n<p>In casi come questo, l\u2019utilizzo che possiamo fare dei cristalli \u00e8 di mescolarlo assieme ad una crema che verr\u00e0 poi applicata localmente sulla zona interessata.<\/p>\n<p class=\"p1\"><b>Propriet\u00e0 ed effetti dei cristalli di CBD<\/b><\/p>\n<p class=\"p4\">Il cannabidiolo o CBD \u00e8 uno dei numerosi fitocannabinoidi presenti nella pianta di canapa, ed uno di quelli con il maggior potenziale. \u00c8 da diversi anni oggetto di interesse e studio da parte della comunit\u00e0 scientifica che giorno dopo giorno ne ha validato gli effetti benefici su via via un numero sempre maggiore di condizioni.<\/p>\n<p class=\"p4\">Si tratta di un cannabinoide che, a differenza del THC, non ha nessun effetto psicoattivo, e che al contrario possiede propriet\u00e0 distensive e rilassanti e pu\u00f2 essere estremamente efficace nel trattamento di molti disturbi e patologie.<\/p>\n<p class=\"p4\">La sua interazione con il nostro sistema endocannabinoide e in particolare con un recettore chiamato cb1, fa s\u00ec che un prodotto al CBD si riveli utile nella regolazione di alcuni processi fisiologici fondamentali per il nostro organismo.<\/p>\n<p class=\"p4\">La ricerca scientifica ha rilevato che il cannabidiolo pu\u00f2 essere un valido e prezioso sostituto naturale di alcuni medicinali sintetici e invasivi e rivelarsi molto\u00a0\u00a0utile a contrastare ed alleviare diversi sintomi e problematiche, tra cui:<\/p>\n<p class=\"p2\">\u2022il dolore cronico, l\u2019emicrania e i dolori mestruali<\/p>\n<p class=\"p2\">\u2022la tensione muscolare<\/p>\n<p class=\"p2\">\u2022l\u2019ansia, gli sbalzi d\u2019umore, gli attacchi di panico, lo stress<\/p>\n<p class=\"p2\">\u2022la fibromialgia<\/p>\n<p class=\"p2\">\u2022la nausea<\/p>\n<p class=\"p2\">\u2022l\u2019inappetenza<\/p>\n<p class=\"p2\">\u2022l\u2019insonnia<\/p>\n<p class=\"p2\">\u2022i sintomi di astinenza da altre sostanze<\/p>\n<p class=\"p4\">I cristalli ci danno la preziosa possibilit\u00e0 di assumere CBD puro, al massimo del suo principio attivo, senza l\u2019aggiunta di altre sostanze per un effetto decisamente pi\u00f9 intenso.<\/p>\n<p class=\"p3\">Quanto CBD devo assumere?<\/p>\n<p class=\"p4\">\u00c8 importante precisare che questo prodotto al CBD non ha particolari effetti collaterali, tuttavia, il dosaggio di un fitocannabinoide andrebbe sempre personalizzato. Esattamente come per altre sostanze, \u00e8 importante iniziare con un utilizzo graduale per testare gli effetti sul proprio corpo e capire come agisce.<\/p>\n<p class=\"p4\">\u00c8 consigliabile utilizzare il pratico cucchiaino dosatore da 40 mg. Una buona dose media giornaliera per iniziare pu\u00f2 essere 20 mg (mezzo cucchiaino).<\/p>\n<p class=\"p3\">Cristalli Canapando: una garanzia di qualit\u00e0<\/p>\n<p class=\"p4\">La nostra azienda \u00e8 specializzata nello sviluppo di prodotti a base di cannabinodi.\u00a0Il nostro processo di estrazione viene realizzato in accordo agli atti della Farmacologia Europea.\u00a0Canapando sceglie di estrarre i suoi prodotti solo da piante selezionate e coltivate in Italia nel rispetto degli standard qualitativi e nella massima tutela dell\u2019ambiente e del prodotto stesso.<\/p>\n<p class=\"p4\">Ogni pianta di canapa da noi utilizzata durante il processo di estrazione, proviene da coltivazioni che non prevedono l\u2019utilizzo di pesticidi, metalli pesanti e additivi chimici.\u00a0Si tratta di un\u2019agricoltura che segue le linee guida\u00a0<i>GACP<\/i>\u00a0e che \u00e8 eseguita nei limiti di legge, ai sensi della n. 242\/2016 \u201cDisposizioni per la promozione della coltivazione e della filiera agroindustriale della canapa\u201d.<\/p>\n<p class=\"p4\">Canapando riesce cos\u00ec a raggiungere e ad assicurare elevati standard di qualit\u00e0 nella massima sicurezza.<\/p>\n","protected":false},"excerpt":{"rendered":"<p class=\"p1\"><b>Cristalli di CBD 99% &#8211; Linea Cc<\/b><\/p>\n<p class=\"p1\"><b>Cristalli CBD Canapando: un estratto di purezza<\/b><\/p>\n<p class=\"p2\">I cristalli di CBD puro Canapando, ottenuti tramite l\u2019estrazione naturale del principio attivo della pianta di canapa, sono la forma pi\u00f9 pura per\u00a0usare il cannabidiolo o CBD.<\/p>\n<p class=\"p2\">Con il 99% di CBD e il restante 1% di terpeni, i Cristalli Canapando possono essere dosati con il pratico cucchiaino in dotazione, che consente di scegliere la quantit\u00e0 di principio attivo senza nessuno spreco.<\/p>\n<p class=\"p2\">Dato il grado di purezza, basteranno gi\u00e0 50 mg di prodotto per sentirne i primi benefici..<\/p>\n<p class=\"p2\">Tutti i nostri prodotti rispettano rigorosi standard qualitativi e provengono solo da piante coltivate in maniera organica in Italia, senza uso di pesticidi.<\/p>\n<p class=\"p3\"><i>I prodotti Canapando non sono medicinali.<\/i>\u00a0Sono ottenuti da variet\u00e0 di canapa iscritte nel Registro Comune Europeo, nel rispetto dei requisiti previsti dalla Legge 242\/2016. Questo prodotto \u00e8 registrato come cosmetico ad uso esterno e\u00a0<i>non \u00e8 destinato all\u2019uso orale o a fini terapeutici<\/i>.<\/p>\n","protected":false},"featured_media":18571,"comment_status":"closed","ping_status":"closed","template":"","meta":{"_acf_changed":false,"_joinchat":[]},"product_brand":[],"product_cat":[85,23],"product_tag":[222],"class_list":{"0":"post-18349","1":"product","2":"type-product","3":"status-publish","4":"has-post-thumbnail","6":"product_cat-estratti-hash","7":"product_cat-canapando","8":"product_tag-promo-mese-maggio-26","10":"first","11":"instock","12":"sale","13":"taxable","14":"shipping-taxable","15":"purchasable","16":"product-type-variable","17":"has-default-attributes"},"acf":{"tipologia":["new","promo"],"campo_libero":""},"yoast_head":"<!-- This site is optimized with the Yoast SEO plugin v27.5 - https:\/\/yoast.com\/product\/yoast-seo-wordpress\/ -->\n<title>Crystal CBD - Canapando Shop<\/title>\n<meta name=\"robots\" content=\"index, follow, max-snippet:-1, max-image-preview:large, max-video-preview:-1\" \/>\n<link rel=\"canonical\" href=\"https:\/\/canapando.net\/shop\/prodotto\/cristalli-cbd\/\" \/>\n<meta name=\"twitter:label1\" content=\"Tempo di lettura stimato\" \/>\n\t<meta name=\"twitter:data1\" content=\"6 minuti\" \/>\n<script type=\"application\/ld+json\" class=\"yoast-schema-graph\">{\"@context\":\"https:\\\/\\\/schema.org\",\"@graph\":[{\"@type\":\"WebPage\",\"@id\":\"https:\\\/\\\/canapando.net\\\/shop\\\/prodotto\\\/cristalli-cbd\\\/\",\"url\":\"https:\\\/\\\/canapando.net\\\/shop\\\/prodotto\\\/cristalli-cbd\\\/\",\"name\":\"Crystal CBD - Canapando Shop\",\"isPartOf\":{\"@id\":\"https:\\\/\\\/canapando.net\\\/shop\\\/#website\"},\"primaryImageOfPage\":{\"@id\":\"https:\\\/\\\/canapando.net\\\/shop\\\/prodotto\\\/cristalli-cbd\\\/#primaryimage\"},\"image\":{\"@id\":\"https:\\\/\\\/canapando.net\\\/shop\\\/prodotto\\\/cristalli-cbd\\\/#primaryimage\"},\"thumbnailUrl\":\"https:\\\/\\\/canapando.net\\\/shop\\\/wp-content\\\/uploads\\\/2026\\\/04\\\/crystal-cbd.webp\",\"datePublished\":\"2026-04-22T08:56:46+00:00\",\"dateModified\":\"2026-05-05T16:08:25+00:00\",\"breadcrumb\":{\"@id\":\"https:\\\/\\\/canapando.net\\\/shop\\\/prodotto\\\/cristalli-cbd\\\/#breadcrumb\"},\"inLanguage\":\"it-IT\",\"potentialAction\":[{\"@type\":\"ReadAction\",\"target\":[\"https:\\\/\\\/canapando.net\\\/shop\\\/prodotto\\\/cristalli-cbd\\\/\"]}]},{\"@type\":\"ImageObject\",\"inLanguage\":\"it-IT\",\"@id\":\"https:\\\/\\\/canapando.net\\\/shop\\\/prodotto\\\/cristalli-cbd\\\/#primaryimage\",\"url\":\"https:\\\/\\\/canapando.net\\\/shop\\\/wp-content\\\/uploads\\\/2026\\\/04\\\/crystal-cbd.webp\",\"contentUrl\":\"https:\\\/\\\/canapando.net\\\/shop\\\/wp-content\\\/uploads\\\/2026\\\/04\\\/crystal-cbd.webp\",\"width\":600,\"height\":637},{\"@type\":\"BreadcrumbList\",\"@id\":\"https:\\\/\\\/canapando.net\\\/shop\\\/prodotto\\\/cristalli-cbd\\\/#breadcrumb\",\"itemListElement\":[{\"@type\":\"ListItem\",\"position\":1,\"name\":\"Home\",\"item\":\"https:\\\/\\\/canapando.net\\\/shop\\\/\"},{\"@type\":\"ListItem\",\"position\":2,\"name\":\"Shop\",\"item\":\"https:\\\/\\\/canapando.net\\\/shop\\\/negozio\\\/\"},{\"@type\":\"ListItem\",\"position\":3,\"name\":\"Crystal CBD\"}]},{\"@type\":\"WebSite\",\"@id\":\"https:\\\/\\\/canapando.net\\\/shop\\\/#website\",\"url\":\"https:\\\/\\\/canapando.net\\\/shop\\\/\",\"name\":\"Canapando Shop\",\"description\":\"Hemp shop Roma\",\"publisher\":{\"@id\":\"https:\\\/\\\/canapando.net\\\/shop\\\/#organization\"},\"potentialAction\":[{\"@type\":\"SearchAction\",\"target\":{\"@type\":\"EntryPoint\",\"urlTemplate\":\"https:\\\/\\\/canapando.net\\\/shop\\\/?s={search_term_string}\"},\"query-input\":{\"@type\":\"PropertyValueSpecification\",\"valueRequired\":true,\"valueName\":\"search_term_string\"}}],\"inLanguage\":\"it-IT\"},{\"@type\":\"Organization\",\"@id\":\"https:\\\/\\\/canapando.net\\\/shop\\\/#organization\",\"name\":\"Canapando\u00ae\",\"url\":\"https:\\\/\\\/canapando.net\\\/shop\\\/\",\"logo\":{\"@type\":\"ImageObject\",\"inLanguage\":\"it-IT\",\"@id\":\"https:\\\/\\\/canapando.net\\\/shop\\\/#\\\/schema\\\/logo\\\/image\\\/\",\"url\":\"https:\\\/\\\/canapando.net\\\/shop\\\/wp-content\\\/uploads\\\/2021\\\/01\\\/logocanapando.png\",\"contentUrl\":\"https:\\\/\\\/canapando.net\\\/shop\\\/wp-content\\\/uploads\\\/2021\\\/01\\\/logocanapando.png\",\"width\":197,\"height\":110,\"caption\":\"Canapando\u00ae\"},\"image\":{\"@id\":\"https:\\\/\\\/canapando.net\\\/shop\\\/#\\\/schema\\\/logo\\\/image\\\/\"},\"sameAs\":[\"https:\\\/\\\/it-it.facebook.com\\\/canapando.offical\\\/\"]}]}<\/script>\n<!-- \/ Yoast SEO plugin. -->","yoast_head_json":{"title":"Crystal CBD - Canapando Shop","robots":{"index":"index","follow":"follow","max-snippet":"max-snippet:-1","max-image-preview":"max-image-preview:large","max-video-preview":"max-video-preview:-1"},"canonical":"https:\/\/canapando.net\/shop\/prodotto\/cristalli-cbd\/","twitter_misc":{"Tempo di lettura stimato":"6 minuti"},"schema":{"@context":"https:\/\/schema.org","@graph":[{"@type":"WebPage","@id":"https:\/\/canapando.net\/shop\/prodotto\/cristalli-cbd\/","url":"https:\/\/canapando.net\/shop\/prodotto\/cristalli-cbd\/","name":"Crystal CBD - Canapando Shop","isPartOf":{"@id":"https:\/\/canapando.net\/shop\/#website"},"primaryImageOfPage":{"@id":"https:\/\/canapando.net\/shop\/prodotto\/cristalli-cbd\/#primaryimage"},"image":{"@id":"https:\/\/canapando.net\/shop\/prodotto\/cristalli-cbd\/#primaryimage"},"thumbnailUrl":"https:\/\/canapando.net\/shop\/wp-content\/uploads\/2026\/04\/crystal-cbd.webp","datePublished":"2026-04-22T08:56:46+00:00","dateModified":"2026-05-05T16:08:25+00:00","breadcrumb":{"@id":"https:\/\/canapando.net\/shop\/prodotto\/cristalli-cbd\/#breadcrumb"},"inLanguage":"it-IT","potentialAction":[{"@type":"ReadAction","target":["https:\/\/canapando.net\/shop\/prodotto\/cristalli-cbd\/"]}]},{"@type":"ImageObject","inLanguage":"it-IT","@id":"https:\/\/canapando.net\/shop\/prodotto\/cristalli-cbd\/#primaryimage","url":"https:\/\/canapando.net\/shop\/wp-content\/uploads\/2026\/04\/crystal-cbd.webp","contentUrl":"https:\/\/canapando.net\/shop\/wp-content\/uploads\/2026\/04\/crystal-cbd.webp","width":600,"height":637},{"@type":"BreadcrumbList","@id":"https:\/\/canapando.net\/shop\/prodotto\/cristalli-cbd\/#breadcrumb","itemListElement":[{"@type":"ListItem","position":1,"name":"Home","item":"https:\/\/canapando.net\/shop\/"},{"@type":"ListItem","position":2,"name":"Shop","item":"https:\/\/canapando.net\/shop\/negozio\/"},{"@type":"ListItem","position":3,"name":"Crystal CBD"}]},{"@type":"WebSite","@id":"https:\/\/canapando.net\/shop\/#website","url":"https:\/\/canapando.net\/shop\/","name":"Canapando Shop","description":"Hemp shop Roma","publisher":{"@id":"https:\/\/canapando.net\/shop\/#organization"},"potentialAction":[{"@type":"SearchAction","target":{"@type":"EntryPoint","urlTemplate":"https:\/\/canapando.net\/shop\/?s={search_term_string}"},"query-input":{"@type":"PropertyValueSpecification","valueRequired":true,"valueName":"search_term_string"}}],"inLanguage":"it-IT"},{"@type":"Organization","@id":"https:\/\/canapando.net\/shop\/#organization","name":"Canapando\u00ae","url":"https:\/\/canapando.net\/shop\/","logo":{"@type":"ImageObject","inLanguage":"it-IT","@id":"https:\/\/canapando.net\/shop\/#\/schema\/logo\/image\/","url":"https:\/\/canapando.net\/shop\/wp-content\/uploads\/2021\/01\/logocanapando.png","contentUrl":"https:\/\/canapando.net\/shop\/wp-content\/uploads\/2021\/01\/logocanapando.png","width":197,"height":110,"caption":"Canapando\u00ae"},"image":{"@id":"https:\/\/canapando.net\/shop\/#\/schema\/logo\/image\/"},"sameAs":["https:\/\/it-it.facebook.com\/canapando.offical\/"]}]}},"_links":{"self":[{"href":"https:\/\/canapando.net\/shop\/wp-json\/wp\/v2\/product\/18349","targetHints":{"allow":["GET"]}}],"collection":[{"href":"https:\/\/canapando.net\/shop\/wp-json\/wp\/v2\/product"}],"about":[{"href":"https:\/\/canapando.net\/shop\/wp-json\/wp\/v2\/types\/product"}],"replies":[{"embeddable":true,"href":"https:\/\/canapando.net\/shop\/wp-json\/wp\/v2\/comments?post=18349"}],"wp:featuredmedia":[{"embeddable":true,"href":"https:\/\/canapando.net\/shop\/wp-json\/wp\/v2\/media\/18571"}],"wp:attachment":[{"href":"https:\/\/canapando.net\/shop\/wp-json\/wp\/v2\/media?parent=18349"}],"wp:term":[{"taxonomy":"product_brand","embeddable":true,"href":"https:\/\/canapando.net\/shop\/wp-json\/wp\/v2\/product_brand?post=18349"},{"taxonomy":"product_cat","embeddable":true,"href":"https:\/\/canapando.net\/shop\/wp-json\/wp\/v2\/product_cat?post=18349"},{"taxonomy":"product_tag","embeddable":true,"href":"https:\/\/canapando.net\/shop\/wp-json\/wp\/v2\/product_tag?post=18349"}],"curies":[{"name":"wp","href":"https:\/\/api.w.org\/{rel}","templated":true}]}}