{"id":4835,"date":"2020-09-01T08:43:36","date_gmt":"2020-09-01T08:43:36","guid":{"rendered":"https:\/\/canapando.net\/shop\/?post_type=product&#038;p=4835"},"modified":"2025-11-21T10:30:51","modified_gmt":"2025-11-21T09:30:51","slug":"v5-0-pro-mini-flowermate","status":"publish","type":"product","link":"https:\/\/canapando.net\/shop\/prodotto\/v5-0-pro-mini-flowermate\/","title":{"rendered":"V5.0 PRO MINI FLOWERMATE"},"content":{"rendered":"","protected":false},"excerpt":{"rendered":"<p>Ecco il nuovo Vaporizzatore Portatile FLOWERMATE V5.0 s PRO nella fantastica versione MINI, pi\u00f9 piccolo e pi\u00f9 leggero, \u00e8 l\u2019unico vaporizzatore portatile a temperatura regolabile che davvero entra comodamente nelle tasche dei tuoi pantaloni.<\/p>\n<p>Questo maneggevole\u00a0 Vaporizzatore Portatile conserva le caratteristiche dei modelli precedenti ma offre nuove qualit\u00e0, come l\u2019innovativa funzione power bank, che d\u00e0 la possibilit\u00e0 di collegare smartphone e altri dispositivi elettronici, il percorso d\u2019aria isolato per un vapore completamente pulito, il boccaglio in vetro borosilicato che garantisce un sapore sempre eccellente, il riscaldatore ceramico che permette di vaporizzare i materiali in modo uniforme.<\/p>\n<p>La batteria al litio da 2600 mAh Samsung\/LG ha una durata di circa 8-10 sessioni di vaporizzazione.<\/p>\n","protected":false},"featured_media":14182,"comment_status":"open","ping_status":"closed","template":"","meta":{"_acf_changed":false,"_joinchat":[]},"product_brand":[],"product_cat":[26,73],"product_tag":[],"class_list":{"0":"post-4835","1":"product","2":"type-product","3":"status-publish","4":"has-post-thumbnail","6":"product_cat-vaporizzatori-dynavap","7":"product_cat-vaporizzatori-e-accessori","9":"first","10":"instock","11":"taxable","12":"shipping-taxable","13":"purchasable","14":"product-type-variable","15":"has-default-attributes"},"acf":{"tipologia":["sold_out"],"campo_libero":""},"yoast_head":"<!-- This site is optimized with the Yoast SEO plugin v27.4 - https:\/\/yoast.com\/product\/yoast-seo-wordpress\/ -->\n<title>V5.0 PRO MINI FLOWERMATE - Canapando Shop<\/title>\n<meta name=\"robots\" content=\"index, follow, max-snippet:-1, max-image-preview:large, max-video-preview:-1\" \/>\n<link rel=\"canonical\" href=\"https:\/\/canapando.net\/shop\/prodotto\/v5-0-pro-mini-flowermate\/\" \/>\n<script type=\"application\/ld+json\" class=\"yoast-schema-graph\">{\"@context\":\"https:\\\/\\\/schema.org\",\"@graph\":[{\"@type\":\"WebPage\",\"@id\":\"https:\\\/\\\/canapando.net\\\/shop\\\/prodotto\\\/v5-0-pro-mini-flowermate\\\/\",\"url\":\"https:\\\/\\\/canapando.net\\\/shop\\\/prodotto\\\/v5-0-pro-mini-flowermate\\\/\",\"name\":\"V5.0 PRO MINI FLOWERMATE - Canapando Shop\",\"isPartOf\":{\"@id\":\"https:\\\/\\\/canapando.net\\\/shop\\\/#website\"},\"primaryImageOfPage\":{\"@id\":\"https:\\\/\\\/canapando.net\\\/shop\\\/prodotto\\\/v5-0-pro-mini-flowermate\\\/#primaryimage\"},\"image\":{\"@id\":\"https:\\\/\\\/canapando.net\\\/shop\\\/prodotto\\\/v5-0-pro-mini-flowermate\\\/#primaryimage\"},\"thumbnailUrl\":\"https:\\\/\\\/canapando.net\\\/shop\\\/wp-content\\\/uploads\\\/2024\\\/07\\\/20.jpg\",\"datePublished\":\"2020-09-01T08:43:36+00:00\",\"dateModified\":\"2025-11-21T09:30:51+00:00\",\"breadcrumb\":{\"@id\":\"https:\\\/\\\/canapando.net\\\/shop\\\/prodotto\\\/v5-0-pro-mini-flowermate\\\/#breadcrumb\"},\"inLanguage\":\"it-IT\",\"potentialAction\":[{\"@type\":\"ReadAction\",\"target\":[\"https:\\\/\\\/canapando.net\\\/shop\\\/prodotto\\\/v5-0-pro-mini-flowermate\\\/\"]}]},{\"@type\":\"ImageObject\",\"inLanguage\":\"it-IT\",\"@id\":\"https:\\\/\\\/canapando.net\\\/shop\\\/prodotto\\\/v5-0-pro-mini-flowermate\\\/#primaryimage\",\"url\":\"https:\\\/\\\/canapando.net\\\/shop\\\/wp-content\\\/uploads\\\/2024\\\/07\\\/20.jpg\",\"contentUrl\":\"https:\\\/\\\/canapando.net\\\/shop\\\/wp-content\\\/uploads\\\/2024\\\/07\\\/20.jpg\",\"width\":600,\"height\":600},{\"@type\":\"BreadcrumbList\",\"@id\":\"https:\\\/\\\/canapando.net\\\/shop\\\/prodotto\\\/v5-0-pro-mini-flowermate\\\/#breadcrumb\",\"itemListElement\":[{\"@type\":\"ListItem\",\"position\":1,\"name\":\"Home\",\"item\":\"https:\\\/\\\/canapando.net\\\/shop\\\/\"},{\"@type\":\"ListItem\",\"position\":2,\"name\":\"Shop\",\"item\":\"https:\\\/\\\/canapando.net\\\/shop\\\/negozio\\\/\"},{\"@type\":\"ListItem\",\"position\":3,\"name\":\"V5.0 PRO MINI FLOWERMATE\"}]},{\"@type\":\"WebSite\",\"@id\":\"https:\\\/\\\/canapando.net\\\/shop\\\/#website\",\"url\":\"https:\\\/\\\/canapando.net\\\/shop\\\/\",\"name\":\"Canapando Shop\",\"description\":\"Hemp shop Roma\",\"publisher\":{\"@id\":\"https:\\\/\\\/canapando.net\\\/shop\\\/#organization\"},\"potentialAction\":[{\"@type\":\"SearchAction\",\"target\":{\"@type\":\"EntryPoint\",\"urlTemplate\":\"https:\\\/\\\/canapando.net\\\/shop\\\/?s={search_term_string}\"},\"query-input\":{\"@type\":\"PropertyValueSpecification\",\"valueRequired\":true,\"valueName\":\"search_term_string\"}}],\"inLanguage\":\"it-IT\"},{\"@type\":\"Organization\",\"@id\":\"https:\\\/\\\/canapando.net\\\/shop\\\/#organization\",\"name\":\"Canapando\u00ae\",\"url\":\"https:\\\/\\\/canapando.net\\\/shop\\\/\",\"logo\":{\"@type\":\"ImageObject\",\"inLanguage\":\"it-IT\",\"@id\":\"https:\\\/\\\/canapando.net\\\/shop\\\/#\\\/schema\\\/logo\\\/image\\\/\",\"url\":\"https:\\\/\\\/canapando.net\\\/shop\\\/wp-content\\\/uploads\\\/2021\\\/01\\\/logocanapando.png\",\"contentUrl\":\"https:\\\/\\\/canapando.net\\\/shop\\\/wp-content\\\/uploads\\\/2021\\\/01\\\/logocanapando.png\",\"width\":197,\"height\":110,\"caption\":\"Canapando\u00ae\"},\"image\":{\"@id\":\"https:\\\/\\\/canapando.net\\\/shop\\\/#\\\/schema\\\/logo\\\/image\\\/\"},\"sameAs\":[\"https:\\\/\\\/it-it.facebook.com\\\/canapando.offical\\\/\"]}]}<\/script>\n<!-- \/ Yoast SEO plugin. -->","yoast_head_json":{"title":"V5.0 PRO MINI FLOWERMATE - Canapando Shop","robots":{"index":"index","follow":"follow","max-snippet":"max-snippet:-1","max-image-preview":"max-image-preview:large","max-video-preview":"max-video-preview:-1"},"canonical":"https:\/\/canapando.net\/shop\/prodotto\/v5-0-pro-mini-flowermate\/","schema":{"@context":"https:\/\/schema.org","@graph":[{"@type":"WebPage","@id":"https:\/\/canapando.net\/shop\/prodotto\/v5-0-pro-mini-flowermate\/","url":"https:\/\/canapando.net\/shop\/prodotto\/v5-0-pro-mini-flowermate\/","name":"V5.0 PRO MINI FLOWERMATE - Canapando Shop","isPartOf":{"@id":"https:\/\/canapando.net\/shop\/#website"},"primaryImageOfPage":{"@id":"https:\/\/canapando.net\/shop\/prodotto\/v5-0-pro-mini-flowermate\/#primaryimage"},"image":{"@id":"https:\/\/canapando.net\/shop\/prodotto\/v5-0-pro-mini-flowermate\/#primaryimage"},"thumbnailUrl":"https:\/\/canapando.net\/shop\/wp-content\/uploads\/2024\/07\/20.jpg","datePublished":"2020-09-01T08:43:36+00:00","dateModified":"2025-11-21T09:30:51+00:00","breadcrumb":{"@id":"https:\/\/canapando.net\/shop\/prodotto\/v5-0-pro-mini-flowermate\/#breadcrumb"},"inLanguage":"it-IT","potentialAction":[{"@type":"ReadAction","target":["https:\/\/canapando.net\/shop\/prodotto\/v5-0-pro-mini-flowermate\/"]}]},{"@type":"ImageObject","inLanguage":"it-IT","@id":"https:\/\/canapando.net\/shop\/prodotto\/v5-0-pro-mini-flowermate\/#primaryimage","url":"https:\/\/canapando.net\/shop\/wp-content\/uploads\/2024\/07\/20.jpg","contentUrl":"https:\/\/canapando.net\/shop\/wp-content\/uploads\/2024\/07\/20.jpg","width":600,"height":600},{"@type":"BreadcrumbList","@id":"https:\/\/canapando.net\/shop\/prodotto\/v5-0-pro-mini-flowermate\/#breadcrumb","itemListElement":[{"@type":"ListItem","position":1,"name":"Home","item":"https:\/\/canapando.net\/shop\/"},{"@type":"ListItem","position":2,"name":"Shop","item":"https:\/\/canapando.net\/shop\/negozio\/"},{"@type":"ListItem","position":3,"name":"V5.0 PRO MINI FLOWERMATE"}]},{"@type":"WebSite","@id":"https:\/\/canapando.net\/shop\/#website","url":"https:\/\/canapando.net\/shop\/","name":"Canapando Shop","description":"Hemp shop Roma","publisher":{"@id":"https:\/\/canapando.net\/shop\/#organization"},"potentialAction":[{"@type":"SearchAction","target":{"@type":"EntryPoint","urlTemplate":"https:\/\/canapando.net\/shop\/?s={search_term_string}"},"query-input":{"@type":"PropertyValueSpecification","valueRequired":true,"valueName":"search_term_string"}}],"inLanguage":"it-IT"},{"@type":"Organization","@id":"https:\/\/canapando.net\/shop\/#organization","name":"Canapando\u00ae","url":"https:\/\/canapando.net\/shop\/","logo":{"@type":"ImageObject","inLanguage":"it-IT","@id":"https:\/\/canapando.net\/shop\/#\/schema\/logo\/image\/","url":"https:\/\/canapando.net\/shop\/wp-content\/uploads\/2021\/01\/logocanapando.png","contentUrl":"https:\/\/canapando.net\/shop\/wp-content\/uploads\/2021\/01\/logocanapando.png","width":197,"height":110,"caption":"Canapando\u00ae"},"image":{"@id":"https:\/\/canapando.net\/shop\/#\/schema\/logo\/image\/"},"sameAs":["https:\/\/it-it.facebook.com\/canapando.offical\/"]}]}},"_links":{"self":[{"href":"https:\/\/canapando.net\/shop\/wp-json\/wp\/v2\/product\/4835","targetHints":{"allow":["GET"]}}],"collection":[{"href":"https:\/\/canapando.net\/shop\/wp-json\/wp\/v2\/product"}],"about":[{"href":"https:\/\/canapando.net\/shop\/wp-json\/wp\/v2\/types\/product"}],"replies":[{"embeddable":true,"href":"https:\/\/canapando.net\/shop\/wp-json\/wp\/v2\/comments?post=4835"}],"wp:featuredmedia":[{"embeddable":true,"href":"https:\/\/canapando.net\/shop\/wp-json\/wp\/v2\/media\/14182"}],"wp:attachment":[{"href":"https:\/\/canapando.net\/shop\/wp-json\/wp\/v2\/media?parent=4835"}],"wp:term":[{"taxonomy":"product_brand","embeddable":true,"href":"https:\/\/canapando.net\/shop\/wp-json\/wp\/v2\/product_brand?post=4835"},{"taxonomy":"product_cat","embeddable":true,"href":"https:\/\/canapando.net\/shop\/wp-json\/wp\/v2\/product_cat?post=4835"},{"taxonomy":"product_tag","embeddable":true,"href":"https:\/\/canapando.net\/shop\/wp-json\/wp\/v2\/product_tag?post=4835"}],"curies":[{"name":"wp","href":"https:\/\/api.w.org\/{rel}","templated":true}]}}