{"id":5470,"date":"2020-11-14T10:14:03","date_gmt":"2020-11-14T09:14:03","guid":{"rendered":"https:\/\/canapando.net\/shop\/?post_type=product&#038;p=5470"},"modified":"2026-05-01T00:29:56","modified_gmt":"2026-04-30T22:29:56","slug":"cannabigelato","status":"publish","type":"product","link":"https:\/\/canapando.net\/shop\/prodotto\/cannabigelato\/","title":{"rendered":"L.A. Cannabigelato CBG"},"content":{"rendered":"<p align=\"justify\">C\u2019\u00e8 un nuovo cannabinoide in citt\u00e0!<\/p>\n<p align=\"justify\">La Cannabigelato \u00e8 il nostro prodotto a carattere fortemente terapeutico a base di Cannabigerolo. Il CBG \u00e8 un cannabinoide non psicotropo che la cannabis sviluppa in piccole quantit\u00e0 soprattutto prima della completa maturazione. Dalle enormi potenzialit\u00e0 mediche non ancora scoperte, ha benefici su ansia e stress, infiammazioni intestinali e stimola l\u2019appetito. Ma non solo, \u00e8 uno di quei composti che, insieme ai terpeni, alleviano effetti indesiderati del THC come la paranoia. Dopo un\u2019intensa e lunga attivit\u00e0 di breeding, volta a ridurre il pi\u00f9 possibile lo sviluppo di THC, lavorando con le talee, siamo riusciti a ottenere un prodotto purissimo dalle importanti propriet\u00e0 terapeutiche. I nostri nuovi fenotipi del 2024 sono infatti assolutamente 0% THC. Nonostante ci\u00f2, il polline non manca, che regala un\u2019esperienza soave dai piacevoli sentori di t\u00e8. La nuova Cannabigelato \u00e8 per chi cerca il lato pi\u00f9 officinale delle infiorescenze di cannabis light.<\/p>\n","protected":false},"excerpt":{"rendered":"<p>La Cannabigelato \u00e8 il nostro nuovo prodotto a carattere fortemente terapeutico a base di Cannabigerolo.<\/p>\n","protected":false},"featured_media":5545,"comment_status":"open","ping_status":"closed","template":"","meta":{"_acf_changed":false,"_joinchat":[]},"product_brand":[],"product_cat":[159,217,23],"product_tag":[135,215,190],"class_list":{"0":"post-5470","1":"product","2":"type-product","3":"status-publish","4":"has-post-thumbnail","6":"product_cat-articoli-a-marchio-canapando","7":"product_cat-infiorescenze","8":"product_cat-canapando","9":"product_tag-articoli-canapando","10":"product_tag-promo-4-26","11":"product_tag-promo-2-26","13":"first","14":"instock","15":"taxable","16":"shipping-taxable","17":"purchasable","18":"product-type-variable","19":"has-default-attributes"},"acf":{"tipologia":"","campo_libero":""},"yoast_head":"<!-- This site is optimized with the Yoast SEO plugin v27.5 - https:\/\/yoast.com\/product\/yoast-seo-wordpress\/ -->\n<title>L.A. Cannabigelato CBG - Canapando Shop<\/title>\n<meta name=\"robots\" content=\"index, follow, max-snippet:-1, max-image-preview:large, max-video-preview:-1\" \/>\n<link rel=\"canonical\" href=\"https:\/\/canapando.net\/shop\/prodotto\/cannabigelato\/\" \/>\n<meta name=\"twitter:label1\" content=\"Tempo di lettura stimato\" \/>\n\t<meta name=\"twitter:data1\" content=\"1 minuto\" \/>\n<script type=\"application\/ld+json\" class=\"yoast-schema-graph\">{\"@context\":\"https:\\\/\\\/schema.org\",\"@graph\":[{\"@type\":\"WebPage\",\"@id\":\"https:\\\/\\\/canapando.net\\\/shop\\\/prodotto\\\/cannabigelato\\\/\",\"url\":\"https:\\\/\\\/canapando.net\\\/shop\\\/prodotto\\\/cannabigelato\\\/\",\"name\":\"L.A. Cannabigelato CBG - Canapando Shop\",\"isPartOf\":{\"@id\":\"https:\\\/\\\/canapando.net\\\/shop\\\/#website\"},\"primaryImageOfPage\":{\"@id\":\"https:\\\/\\\/canapando.net\\\/shop\\\/prodotto\\\/cannabigelato\\\/#primaryimage\"},\"image\":{\"@id\":\"https:\\\/\\\/canapando.net\\\/shop\\\/prodotto\\\/cannabigelato\\\/#primaryimage\"},\"thumbnailUrl\":\"https:\\\/\\\/canapando.net\\\/shop\\\/wp-content\\\/uploads\\\/2020\\\/12\\\/cannabigelato-1.jpg\",\"datePublished\":\"2020-11-14T09:14:03+00:00\",\"dateModified\":\"2026-04-30T22:29:56+00:00\",\"breadcrumb\":{\"@id\":\"https:\\\/\\\/canapando.net\\\/shop\\\/prodotto\\\/cannabigelato\\\/#breadcrumb\"},\"inLanguage\":\"it-IT\",\"potentialAction\":[{\"@type\":\"ReadAction\",\"target\":[\"https:\\\/\\\/canapando.net\\\/shop\\\/prodotto\\\/cannabigelato\\\/\"]}]},{\"@type\":\"ImageObject\",\"inLanguage\":\"it-IT\",\"@id\":\"https:\\\/\\\/canapando.net\\\/shop\\\/prodotto\\\/cannabigelato\\\/#primaryimage\",\"url\":\"https:\\\/\\\/canapando.net\\\/shop\\\/wp-content\\\/uploads\\\/2020\\\/12\\\/cannabigelato-1.jpg\",\"contentUrl\":\"https:\\\/\\\/canapando.net\\\/shop\\\/wp-content\\\/uploads\\\/2020\\\/12\\\/cannabigelato-1.jpg\",\"width\":700,\"height\":700},{\"@type\":\"BreadcrumbList\",\"@id\":\"https:\\\/\\\/canapando.net\\\/shop\\\/prodotto\\\/cannabigelato\\\/#breadcrumb\",\"itemListElement\":[{\"@type\":\"ListItem\",\"position\":1,\"name\":\"Home\",\"item\":\"https:\\\/\\\/canapando.net\\\/shop\\\/\"},{\"@type\":\"ListItem\",\"position\":2,\"name\":\"Shop\",\"item\":\"https:\\\/\\\/canapando.net\\\/shop\\\/negozio\\\/\"},{\"@type\":\"ListItem\",\"position\":3,\"name\":\"L.A. Cannabigelato CBG\"}]},{\"@type\":\"WebSite\",\"@id\":\"https:\\\/\\\/canapando.net\\\/shop\\\/#website\",\"url\":\"https:\\\/\\\/canapando.net\\\/shop\\\/\",\"name\":\"Canapando Shop\",\"description\":\"Hemp shop Roma\",\"publisher\":{\"@id\":\"https:\\\/\\\/canapando.net\\\/shop\\\/#organization\"},\"potentialAction\":[{\"@type\":\"SearchAction\",\"target\":{\"@type\":\"EntryPoint\",\"urlTemplate\":\"https:\\\/\\\/canapando.net\\\/shop\\\/?s={search_term_string}\"},\"query-input\":{\"@type\":\"PropertyValueSpecification\",\"valueRequired\":true,\"valueName\":\"search_term_string\"}}],\"inLanguage\":\"it-IT\"},{\"@type\":\"Organization\",\"@id\":\"https:\\\/\\\/canapando.net\\\/shop\\\/#organization\",\"name\":\"Canapando\u00ae\",\"url\":\"https:\\\/\\\/canapando.net\\\/shop\\\/\",\"logo\":{\"@type\":\"ImageObject\",\"inLanguage\":\"it-IT\",\"@id\":\"https:\\\/\\\/canapando.net\\\/shop\\\/#\\\/schema\\\/logo\\\/image\\\/\",\"url\":\"https:\\\/\\\/canapando.net\\\/shop\\\/wp-content\\\/uploads\\\/2021\\\/01\\\/logocanapando.png\",\"contentUrl\":\"https:\\\/\\\/canapando.net\\\/shop\\\/wp-content\\\/uploads\\\/2021\\\/01\\\/logocanapando.png\",\"width\":197,\"height\":110,\"caption\":\"Canapando\u00ae\"},\"image\":{\"@id\":\"https:\\\/\\\/canapando.net\\\/shop\\\/#\\\/schema\\\/logo\\\/image\\\/\"},\"sameAs\":[\"https:\\\/\\\/it-it.facebook.com\\\/canapando.offical\\\/\"]}]}<\/script>\n<!-- \/ Yoast SEO plugin. -->","yoast_head_json":{"title":"L.A. Cannabigelato CBG - Canapando Shop","robots":{"index":"index","follow":"follow","max-snippet":"max-snippet:-1","max-image-preview":"max-image-preview:large","max-video-preview":"max-video-preview:-1"},"canonical":"https:\/\/canapando.net\/shop\/prodotto\/cannabigelato\/","twitter_misc":{"Tempo di lettura stimato":"1 minuto"},"schema":{"@context":"https:\/\/schema.org","@graph":[{"@type":"WebPage","@id":"https:\/\/canapando.net\/shop\/prodotto\/cannabigelato\/","url":"https:\/\/canapando.net\/shop\/prodotto\/cannabigelato\/","name":"L.A. Cannabigelato CBG - Canapando Shop","isPartOf":{"@id":"https:\/\/canapando.net\/shop\/#website"},"primaryImageOfPage":{"@id":"https:\/\/canapando.net\/shop\/prodotto\/cannabigelato\/#primaryimage"},"image":{"@id":"https:\/\/canapando.net\/shop\/prodotto\/cannabigelato\/#primaryimage"},"thumbnailUrl":"https:\/\/canapando.net\/shop\/wp-content\/uploads\/2020\/12\/cannabigelato-1.jpg","datePublished":"2020-11-14T09:14:03+00:00","dateModified":"2026-04-30T22:29:56+00:00","breadcrumb":{"@id":"https:\/\/canapando.net\/shop\/prodotto\/cannabigelato\/#breadcrumb"},"inLanguage":"it-IT","potentialAction":[{"@type":"ReadAction","target":["https:\/\/canapando.net\/shop\/prodotto\/cannabigelato\/"]}]},{"@type":"ImageObject","inLanguage":"it-IT","@id":"https:\/\/canapando.net\/shop\/prodotto\/cannabigelato\/#primaryimage","url":"https:\/\/canapando.net\/shop\/wp-content\/uploads\/2020\/12\/cannabigelato-1.jpg","contentUrl":"https:\/\/canapando.net\/shop\/wp-content\/uploads\/2020\/12\/cannabigelato-1.jpg","width":700,"height":700},{"@type":"BreadcrumbList","@id":"https:\/\/canapando.net\/shop\/prodotto\/cannabigelato\/#breadcrumb","itemListElement":[{"@type":"ListItem","position":1,"name":"Home","item":"https:\/\/canapando.net\/shop\/"},{"@type":"ListItem","position":2,"name":"Shop","item":"https:\/\/canapando.net\/shop\/negozio\/"},{"@type":"ListItem","position":3,"name":"L.A. Cannabigelato CBG"}]},{"@type":"WebSite","@id":"https:\/\/canapando.net\/shop\/#website","url":"https:\/\/canapando.net\/shop\/","name":"Canapando Shop","description":"Hemp shop Roma","publisher":{"@id":"https:\/\/canapando.net\/shop\/#organization"},"potentialAction":[{"@type":"SearchAction","target":{"@type":"EntryPoint","urlTemplate":"https:\/\/canapando.net\/shop\/?s={search_term_string}"},"query-input":{"@type":"PropertyValueSpecification","valueRequired":true,"valueName":"search_term_string"}}],"inLanguage":"it-IT"},{"@type":"Organization","@id":"https:\/\/canapando.net\/shop\/#organization","name":"Canapando\u00ae","url":"https:\/\/canapando.net\/shop\/","logo":{"@type":"ImageObject","inLanguage":"it-IT","@id":"https:\/\/canapando.net\/shop\/#\/schema\/logo\/image\/","url":"https:\/\/canapando.net\/shop\/wp-content\/uploads\/2021\/01\/logocanapando.png","contentUrl":"https:\/\/canapando.net\/shop\/wp-content\/uploads\/2021\/01\/logocanapando.png","width":197,"height":110,"caption":"Canapando\u00ae"},"image":{"@id":"https:\/\/canapando.net\/shop\/#\/schema\/logo\/image\/"},"sameAs":["https:\/\/it-it.facebook.com\/canapando.offical\/"]}]}},"_links":{"self":[{"href":"https:\/\/canapando.net\/shop\/wp-json\/wp\/v2\/product\/5470","targetHints":{"allow":["GET"]}}],"collection":[{"href":"https:\/\/canapando.net\/shop\/wp-json\/wp\/v2\/product"}],"about":[{"href":"https:\/\/canapando.net\/shop\/wp-json\/wp\/v2\/types\/product"}],"replies":[{"embeddable":true,"href":"https:\/\/canapando.net\/shop\/wp-json\/wp\/v2\/comments?post=5470"}],"wp:featuredmedia":[{"embeddable":true,"href":"https:\/\/canapando.net\/shop\/wp-json\/wp\/v2\/media\/5545"}],"wp:attachment":[{"href":"https:\/\/canapando.net\/shop\/wp-json\/wp\/v2\/media?parent=5470"}],"wp:term":[{"taxonomy":"product_brand","embeddable":true,"href":"https:\/\/canapando.net\/shop\/wp-json\/wp\/v2\/product_brand?post=5470"},{"taxonomy":"product_cat","embeddable":true,"href":"https:\/\/canapando.net\/shop\/wp-json\/wp\/v2\/product_cat?post=5470"},{"taxonomy":"product_tag","embeddable":true,"href":"https:\/\/canapando.net\/shop\/wp-json\/wp\/v2\/product_tag?post=5470"}],"curies":[{"name":"wp","href":"https:\/\/api.w.org\/{rel}","templated":true}]}}