{"id":5598,"date":"2021-01-01T16:39:29","date_gmt":"2021-01-01T16:39:29","guid":{"rendered":"https:\/\/canapando.net\/shop\/?post_type=product&#038;p=5598"},"modified":"2026-05-01T00:29:50","modified_gmt":"2026-04-30T22:29:50","slug":"olio-di-semi-di-canapa","status":"publish","type":"product","link":"https:\/\/canapando.net\/shop\/prodotto\/olio-di-semi-di-canapa\/","title":{"rendered":"Olio di Semi di Canapa &#8211; 250ml"},"content":{"rendered":"<p>Un prodotto che racchiude perfettamente due tra le pi\u00f9 importanti propriet\u00e0 della cannabis: quella alimentare e quella terapeutica. Le piante vengono coltivate secondo metodi biologici e portate a impollinazione e maturazione fino a che i fiori non producono numerosi semi rotondeggianti. Ne deriva un olio dal colore verde chiaro brillante, che al gusto si esalta in piacevoli sentori vegetali accompagnati da leggere note di nocciola. Questo tipo di condimento spicca per la quantit\u00e0 benefiche.<br \/>\n<!--inizio--><\/p>\n<p class=\"p1\">In collaborazione con la Canaperia Italiana, Canapando \u00e8 felice di presentare il suo olio di semi di canapa. Un prodotto che racchiude perfettamente due tra le pi\u00f9 importanti propriet\u00e0 della cannabis: quella alimentare e quella terapeutica. Le piante vengono coltivate secondo metodi biologici e portate a impollinazione e maturazione fino a che i fiori non producano numerosi semi rotondeggianti. Quest\u2019ultimi vengono poi raccolti e moliti con spremitura a freddo che ne conserva le preziosissime e delicate qualit\u00e0 organolettiche. Ne deriva un olio di un bel verde chiaro brillante che al gusto si esalta in piacevoli sentori vegetali accompagnati da leggere note di nocciola.<span class=\"Apple-converted-space\">\u00a0<\/span><\/p>\n<p class=\"p1\">Questo tipo di condimento spicca per la quantit\u00e0 acidi grassi essenziali: i pregiati alfalinoleici (Omega 3 e Omega 6) raggiungono picchi dell\u201980 % sul totale della massa del prodotto. Nessun altro alimento naturale possiede questa propriet\u00e0 cos\u00ec preziosa ed importante per l\u2019organismo. Basti pensare che ne basta un cucchiaino per ottenere la razione giornaliera raccomandata di Omega 3. Non solo, \u00e8 anche ricco di vitamina A, B ed E, oltre che di aminoacidi.<\/p>\n<p class=\"p1\">Questo prezioso bagaglio organolettico lo rende un valido antiossidante e antinfiammatorio. Il suo punto di forza \u00e8 sicuramente la sua capacit\u00e0 di regolare i livelli di colesterolo nel sangue. L\u2019uso quotidiano di olio di canapa viene infatti spesso prescritto per ridurre i livelli di<b>\u00a0<\/b>trigliceridi\u00a0nel sangue e le eventuali complicazioni cardiovascolari che ne derivano. Non solo, ma aiuta anche il nostro sistema immunitario, stimolandolo e rafforzandolo.<\/p>\n<p class=\"p1\">Insomma ci sono validissimi motivi per dare un tocco esotico a insalate, humus e molti altri piatti. Sempre rigorosamente a crudo per conservare e proteggere le sue uniche e straordinarie propriet\u00e0.<\/p>\n<p>Scopri tutti i nostri prodotti, visita il nostro sito. <a href=\"https:\/\/canapando.net\/shop\/\">Clicca qui.<\/a><\/p>\n<p>Scopri di pi\u00f9 sul mondo di Canapando. <a href=\"https:\/\/www.canapando.net\/\">Clicca qui.<\/a><\/p>\n","protected":false},"excerpt":{"rendered":"<p>Un prodotto che racchiude perfettamente due tra le pi\u00f9 importanti [&hellip;]<\/p>\n","protected":false},"featured_media":15157,"comment_status":"open","ping_status":"closed","template":"","meta":{"_acf_changed":false,"_joinchat":[]},"product_brand":[],"product_cat":[159,197,45],"product_tag":[135,139],"class_list":{"0":"post-5598","1":"product","2":"type-product","3":"status-publish","4":"has-post-thumbnail","6":"product_cat-articoli-a-marchio-canapando","7":"product_cat-derivati-della-canapa","8":"product_cat-prodotti-alimentari","9":"product_tag-articoli-canapando","10":"product_tag-derivati-della-canapa","12":"first","13":"instock","14":"taxable","15":"shipping-taxable","16":"purchasable","17":"product-type-simple"},"acf":{"tipologia":"","campo_libero":""},"yoast_head":"<!-- This site is optimized with the Yoast SEO plugin v27.6 - https:\/\/yoast.com\/product\/yoast-seo-wordpress\/ -->\n<title>Olio di Semi di Canapa - 250ml - Canapando Shop<\/title>\n<meta name=\"description\" content=\"Olio di Semi di Canapa - un prodotto che racchiude perfettamente due tra le pi\u00f9 importanti propriet\u00e0 della cannabis - Acquista ora\" \/>\n<meta name=\"robots\" content=\"index, follow, max-snippet:-1, max-image-preview:large, max-video-preview:-1\" \/>\n<link rel=\"canonical\" href=\"https:\/\/canapando.net\/shop\/prodotto\/olio-di-semi-di-canapa\/\" \/>\n<meta name=\"twitter:label1\" content=\"Tempo di lettura stimato\" \/>\n\t<meta name=\"twitter:data1\" content=\"2 minuti\" \/>\n<script type=\"application\/ld+json\" class=\"yoast-schema-graph\">{\"@context\":\"https:\\\/\\\/schema.org\",\"@graph\":[{\"@type\":\"WebPage\",\"@id\":\"https:\\\/\\\/canapando.net\\\/shop\\\/prodotto\\\/olio-di-semi-di-canapa\\\/\",\"url\":\"https:\\\/\\\/canapando.net\\\/shop\\\/prodotto\\\/olio-di-semi-di-canapa\\\/\",\"name\":\"Olio di Semi di Canapa - 250ml - Canapando Shop\",\"isPartOf\":{\"@id\":\"https:\\\/\\\/canapando.net\\\/shop\\\/#website\"},\"primaryImageOfPage\":{\"@id\":\"https:\\\/\\\/canapando.net\\\/shop\\\/prodotto\\\/olio-di-semi-di-canapa\\\/#primaryimage\"},\"image\":{\"@id\":\"https:\\\/\\\/canapando.net\\\/shop\\\/prodotto\\\/olio-di-semi-di-canapa\\\/#primaryimage\"},\"thumbnailUrl\":\"https:\\\/\\\/canapando.net\\\/shop\\\/wp-content\\\/uploads\\\/2021\\\/01\\\/Olio.jpg\",\"datePublished\":\"2021-01-01T16:39:29+00:00\",\"dateModified\":\"2026-04-30T22:29:50+00:00\",\"description\":\"Olio di Semi di Canapa - un prodotto che racchiude perfettamente due tra le pi\u00f9 importanti propriet\u00e0 della cannabis - Acquista ora\",\"breadcrumb\":{\"@id\":\"https:\\\/\\\/canapando.net\\\/shop\\\/prodotto\\\/olio-di-semi-di-canapa\\\/#breadcrumb\"},\"inLanguage\":\"it-IT\",\"potentialAction\":[{\"@type\":\"ReadAction\",\"target\":[\"https:\\\/\\\/canapando.net\\\/shop\\\/prodotto\\\/olio-di-semi-di-canapa\\\/\"]}]},{\"@type\":\"ImageObject\",\"inLanguage\":\"it-IT\",\"@id\":\"https:\\\/\\\/canapando.net\\\/shop\\\/prodotto\\\/olio-di-semi-di-canapa\\\/#primaryimage\",\"url\":\"https:\\\/\\\/canapando.net\\\/shop\\\/wp-content\\\/uploads\\\/2021\\\/01\\\/Olio.jpg\",\"contentUrl\":\"https:\\\/\\\/canapando.net\\\/shop\\\/wp-content\\\/uploads\\\/2021\\\/01\\\/Olio.jpg\",\"width\":1080,\"height\":1080},{\"@type\":\"BreadcrumbList\",\"@id\":\"https:\\\/\\\/canapando.net\\\/shop\\\/prodotto\\\/olio-di-semi-di-canapa\\\/#breadcrumb\",\"itemListElement\":[{\"@type\":\"ListItem\",\"position\":1,\"name\":\"Home\",\"item\":\"https:\\\/\\\/canapando.net\\\/shop\\\/\"},{\"@type\":\"ListItem\",\"position\":2,\"name\":\"Shop\",\"item\":\"https:\\\/\\\/canapando.net\\\/shop\\\/negozio\\\/\"},{\"@type\":\"ListItem\",\"position\":3,\"name\":\"Olio di Semi di Canapa &#8211; 250ml\"}]},{\"@type\":\"WebSite\",\"@id\":\"https:\\\/\\\/canapando.net\\\/shop\\\/#website\",\"url\":\"https:\\\/\\\/canapando.net\\\/shop\\\/\",\"name\":\"Canapando Shop\",\"description\":\"Hemp shop Roma\",\"publisher\":{\"@id\":\"https:\\\/\\\/canapando.net\\\/shop\\\/#organization\"},\"potentialAction\":[{\"@type\":\"SearchAction\",\"target\":{\"@type\":\"EntryPoint\",\"urlTemplate\":\"https:\\\/\\\/canapando.net\\\/shop\\\/?s={search_term_string}\"},\"query-input\":{\"@type\":\"PropertyValueSpecification\",\"valueRequired\":true,\"valueName\":\"search_term_string\"}}],\"inLanguage\":\"it-IT\"},{\"@type\":\"Organization\",\"@id\":\"https:\\\/\\\/canapando.net\\\/shop\\\/#organization\",\"name\":\"Canapando\u00ae\",\"url\":\"https:\\\/\\\/canapando.net\\\/shop\\\/\",\"logo\":{\"@type\":\"ImageObject\",\"inLanguage\":\"it-IT\",\"@id\":\"https:\\\/\\\/canapando.net\\\/shop\\\/#\\\/schema\\\/logo\\\/image\\\/\",\"url\":\"https:\\\/\\\/canapando.net\\\/shop\\\/wp-content\\\/uploads\\\/2021\\\/01\\\/logocanapando.png\",\"contentUrl\":\"https:\\\/\\\/canapando.net\\\/shop\\\/wp-content\\\/uploads\\\/2021\\\/01\\\/logocanapando.png\",\"width\":197,\"height\":110,\"caption\":\"Canapando\u00ae\"},\"image\":{\"@id\":\"https:\\\/\\\/canapando.net\\\/shop\\\/#\\\/schema\\\/logo\\\/image\\\/\"},\"sameAs\":[\"https:\\\/\\\/it-it.facebook.com\\\/canapando.offical\\\/\"]}]}<\/script>\n<!-- \/ Yoast SEO plugin. -->","yoast_head_json":{"title":"Olio di Semi di Canapa - 250ml - Canapando Shop","description":"Olio di Semi di Canapa - un prodotto che racchiude perfettamente due tra le pi\u00f9 importanti propriet\u00e0 della cannabis - Acquista ora","robots":{"index":"index","follow":"follow","max-snippet":"max-snippet:-1","max-image-preview":"max-image-preview:large","max-video-preview":"max-video-preview:-1"},"canonical":"https:\/\/canapando.net\/shop\/prodotto\/olio-di-semi-di-canapa\/","twitter_misc":{"Tempo di lettura stimato":"2 minuti"},"schema":{"@context":"https:\/\/schema.org","@graph":[{"@type":"WebPage","@id":"https:\/\/canapando.net\/shop\/prodotto\/olio-di-semi-di-canapa\/","url":"https:\/\/canapando.net\/shop\/prodotto\/olio-di-semi-di-canapa\/","name":"Olio di Semi di Canapa - 250ml - Canapando Shop","isPartOf":{"@id":"https:\/\/canapando.net\/shop\/#website"},"primaryImageOfPage":{"@id":"https:\/\/canapando.net\/shop\/prodotto\/olio-di-semi-di-canapa\/#primaryimage"},"image":{"@id":"https:\/\/canapando.net\/shop\/prodotto\/olio-di-semi-di-canapa\/#primaryimage"},"thumbnailUrl":"https:\/\/canapando.net\/shop\/wp-content\/uploads\/2021\/01\/Olio.jpg","datePublished":"2021-01-01T16:39:29+00:00","dateModified":"2026-04-30T22:29:50+00:00","description":"Olio di Semi di Canapa - un prodotto che racchiude perfettamente due tra le pi\u00f9 importanti propriet\u00e0 della cannabis - Acquista ora","breadcrumb":{"@id":"https:\/\/canapando.net\/shop\/prodotto\/olio-di-semi-di-canapa\/#breadcrumb"},"inLanguage":"it-IT","potentialAction":[{"@type":"ReadAction","target":["https:\/\/canapando.net\/shop\/prodotto\/olio-di-semi-di-canapa\/"]}]},{"@type":"ImageObject","inLanguage":"it-IT","@id":"https:\/\/canapando.net\/shop\/prodotto\/olio-di-semi-di-canapa\/#primaryimage","url":"https:\/\/canapando.net\/shop\/wp-content\/uploads\/2021\/01\/Olio.jpg","contentUrl":"https:\/\/canapando.net\/shop\/wp-content\/uploads\/2021\/01\/Olio.jpg","width":1080,"height":1080},{"@type":"BreadcrumbList","@id":"https:\/\/canapando.net\/shop\/prodotto\/olio-di-semi-di-canapa\/#breadcrumb","itemListElement":[{"@type":"ListItem","position":1,"name":"Home","item":"https:\/\/canapando.net\/shop\/"},{"@type":"ListItem","position":2,"name":"Shop","item":"https:\/\/canapando.net\/shop\/negozio\/"},{"@type":"ListItem","position":3,"name":"Olio di Semi di Canapa &#8211; 250ml"}]},{"@type":"WebSite","@id":"https:\/\/canapando.net\/shop\/#website","url":"https:\/\/canapando.net\/shop\/","name":"Canapando Shop","description":"Hemp shop Roma","publisher":{"@id":"https:\/\/canapando.net\/shop\/#organization"},"potentialAction":[{"@type":"SearchAction","target":{"@type":"EntryPoint","urlTemplate":"https:\/\/canapando.net\/shop\/?s={search_term_string}"},"query-input":{"@type":"PropertyValueSpecification","valueRequired":true,"valueName":"search_term_string"}}],"inLanguage":"it-IT"},{"@type":"Organization","@id":"https:\/\/canapando.net\/shop\/#organization","name":"Canapando\u00ae","url":"https:\/\/canapando.net\/shop\/","logo":{"@type":"ImageObject","inLanguage":"it-IT","@id":"https:\/\/canapando.net\/shop\/#\/schema\/logo\/image\/","url":"https:\/\/canapando.net\/shop\/wp-content\/uploads\/2021\/01\/logocanapando.png","contentUrl":"https:\/\/canapando.net\/shop\/wp-content\/uploads\/2021\/01\/logocanapando.png","width":197,"height":110,"caption":"Canapando\u00ae"},"image":{"@id":"https:\/\/canapando.net\/shop\/#\/schema\/logo\/image\/"},"sameAs":["https:\/\/it-it.facebook.com\/canapando.offical\/"]}]}},"_links":{"self":[{"href":"https:\/\/canapando.net\/shop\/wp-json\/wp\/v2\/product\/5598","targetHints":{"allow":["GET"]}}],"collection":[{"href":"https:\/\/canapando.net\/shop\/wp-json\/wp\/v2\/product"}],"about":[{"href":"https:\/\/canapando.net\/shop\/wp-json\/wp\/v2\/types\/product"}],"replies":[{"embeddable":true,"href":"https:\/\/canapando.net\/shop\/wp-json\/wp\/v2\/comments?post=5598"}],"wp:featuredmedia":[{"embeddable":true,"href":"https:\/\/canapando.net\/shop\/wp-json\/wp\/v2\/media\/15157"}],"wp:attachment":[{"href":"https:\/\/canapando.net\/shop\/wp-json\/wp\/v2\/media?parent=5598"}],"wp:term":[{"taxonomy":"product_brand","embeddable":true,"href":"https:\/\/canapando.net\/shop\/wp-json\/wp\/v2\/product_brand?post=5598"},{"taxonomy":"product_cat","embeddable":true,"href":"https:\/\/canapando.net\/shop\/wp-json\/wp\/v2\/product_cat?post=5598"},{"taxonomy":"product_tag","embeddable":true,"href":"https:\/\/canapando.net\/shop\/wp-json\/wp\/v2\/product_tag?post=5598"}],"curies":[{"name":"wp","href":"https:\/\/api.w.org\/{rel}","templated":true}]}}