{"id":7764,"date":"2021-10-08T14:40:42","date_gmt":"2021-10-08T14:40:42","guid":{"rendered":"https:\/\/canapando.net\/shop\/?post_type=product&#038;p=7764"},"modified":"2026-03-09T17:26:34","modified_gmt":"2026-03-09T16:26:34","slug":"stick-per-omura-serie-x","status":"publish","type":"product","link":"https:\/\/canapando.net\/shop\/prodotto\/stick-per-omura-serie-x\/","title":{"rendered":"Stick per Omura Serie X"},"content":{"rendered":"<p><strong>D: Quando uso il mio gadget, diventa caldo.<\/strong><br \/>\nR: Poich\u00e9 l&#8217;Omura Series X \u00e8 un forno a convezione, \u00e8 naturale che il dispositivo si riscaldi durante il funzionamento. Il gadget ha sensori integrati per evitare il surriscaldamento.<\/p>\n<p><strong>D: Come puoi smaltire il tuo Flower stick?<\/strong><br \/>\nR: Quando togli il Flower stick dal forno, la base sar\u00e0 calda. Al termine della sessione, evita di toccare la base del bastoncino Flower.<\/p>\n<p><strong>D: \u00c8 normale che il mio Flower stick all&#8217;inizio si scaldi?<\/strong><br \/>\nA: Qualsiasi calore generato dal tuo Flower stick \u00e8 causato dal vapore che stai inalando.<br \/>\nI primi sbuffi possono essere i pi\u00f9 caldi perch\u00e9 l&#8217;acqua evapora dal fiore, risultando in un &#8220;sbuffo caldo&#8221;.<\/p>\n<p><strong>D: Quanto dura una sessione?<\/strong><br \/>\nR: I LED sul gadget mostrano che ogni sessione dura 3 minuti. Per sessione, dovrebbe essere usato solo un bastoncino. Il bastone non \u00e8 pi\u00f9 utile al termine di ogni sessione.<\/p>\n<p><strong>D: \u00c8 possibile riutilizzare uno stick dopo una sessione?<\/strong><br \/>\nR: I bastoncini di fiori non possono essere riutilizzati. Ad ogni sessione successiva, dovrebbe essere usato un bastoncino di fiori freschi.<\/p>\n<p><strong>D: Quanti fiori ci sono in ogni bastoncino di fiori?<\/strong><br \/>\nR: Ogni bastoncino di CBD contiene circa 0,125 grammi di fiori interi di CBD, per un totale di 1,5 g per confezione.<\/p>\n<p><strong>D: Come posso controllare il livello di carica della batteria?<\/strong><br \/>\nR: Per controllare il livello della batteria, premere momentaneamente il pulsante. I LED lampegheranno per mostrare quanta carica \u00e8 rimasta.<\/p>\n<p><strong>D: Per quanto tempo pu\u00f2 essere caricata la batteria?<\/strong><br \/>\nR: La batteria dovrebbe durare tra le 6 e le 8 sessioni. Ricarica lo smartphone utilizzando il cavo USB-C in dotazione. Le luci a LED mostreranno il livello della batteria durante la ricarica.<\/p>\n<p><strong>D: Quanto tempo deve caricare la batteria prima di poter essere utilizzata?<\/strong><br \/>\nR: Ci vogliono circa 2 ore.<\/p>\n<p><strong>D: C&#8217;\u00e8 un modo per regolare la temperatura?<\/strong><br \/>\nR: La loro esclusiva tecnologia della curva di calore genera un profilo di temperatura ottimale per tutta la sessione.<\/p>\n","protected":false},"excerpt":{"rendered":"<p>Omura \u00e8 il primo gadget di questo tipo che non riscalda e non brucia, rivoluzionando l&#8217;utilizzo di fiori interi con bastoncini di fiori interi predosati.\u00a0 Omura \u00e8 stato creato principalmente per fornire un&#8217;euforia sociale, una che ti tiene cosciente senza ferirti.<br \/>\nLa possibilit\u00e0 di impilare i bastoncini di fiori, iniziando da uno e aggiungendone altri secondo necessit\u00e0, consente di ottenere il ronzio ideale senza impazzire.<\/p>\n","protected":false},"featured_media":14178,"comment_status":"open","ping_status":"closed","template":"","meta":{"_acf_changed":false,"_joinchat":[]},"product_brand":[],"product_cat":[61,26,73,74],"product_tag":[],"class_list":{"0":"post-7764","1":"product","2":"type-product","3":"status-publish","4":"has-post-thumbnail","6":"product_cat-senza-categoria","7":"product_cat-vaporizzatori-dynavap","8":"product_cat-vaporizzatori-e-accessori","9":"product_cat-accessori-vaporizzatori","11":"first","12":"instock","13":"taxable","14":"shipping-taxable","15":"purchasable","16":"product-type-simple"},"acf":{"tipologia":"","campo_libero":""},"yoast_head":"<!-- This site is optimized with the Yoast SEO plugin v27.4 - https:\/\/yoast.com\/product\/yoast-seo-wordpress\/ -->\n<title>Stick per Omura Serie X - Canapando Shop<\/title>\n<meta name=\"robots\" content=\"index, follow, max-snippet:-1, max-image-preview:large, max-video-preview:-1\" \/>\n<link rel=\"canonical\" href=\"https:\/\/canapando.net\/shop\/prodotto\/stick-per-omura-serie-x\/\" \/>\n<meta name=\"twitter:label1\" content=\"Tempo di lettura stimato\" \/>\n\t<meta name=\"twitter:data1\" content=\"2 minuti\" \/>\n<script type=\"application\/ld+json\" class=\"yoast-schema-graph\">{\"@context\":\"https:\\\/\\\/schema.org\",\"@graph\":[{\"@type\":\"WebPage\",\"@id\":\"https:\\\/\\\/canapando.net\\\/shop\\\/prodotto\\\/stick-per-omura-serie-x\\\/\",\"url\":\"https:\\\/\\\/canapando.net\\\/shop\\\/prodotto\\\/stick-per-omura-serie-x\\\/\",\"name\":\"Stick per Omura Serie X - Canapando Shop\",\"isPartOf\":{\"@id\":\"https:\\\/\\\/canapando.net\\\/shop\\\/#website\"},\"primaryImageOfPage\":{\"@id\":\"https:\\\/\\\/canapando.net\\\/shop\\\/prodotto\\\/stick-per-omura-serie-x\\\/#primaryimage\"},\"image\":{\"@id\":\"https:\\\/\\\/canapando.net\\\/shop\\\/prodotto\\\/stick-per-omura-serie-x\\\/#primaryimage\"},\"thumbnailUrl\":\"https:\\\/\\\/canapando.net\\\/shop\\\/wp-content\\\/uploads\\\/2024\\\/07\\\/3.jpg\",\"datePublished\":\"2021-10-08T14:40:42+00:00\",\"dateModified\":\"2026-03-09T16:26:34+00:00\",\"breadcrumb\":{\"@id\":\"https:\\\/\\\/canapando.net\\\/shop\\\/prodotto\\\/stick-per-omura-serie-x\\\/#breadcrumb\"},\"inLanguage\":\"it-IT\",\"potentialAction\":[{\"@type\":\"ReadAction\",\"target\":[\"https:\\\/\\\/canapando.net\\\/shop\\\/prodotto\\\/stick-per-omura-serie-x\\\/\"]}]},{\"@type\":\"ImageObject\",\"inLanguage\":\"it-IT\",\"@id\":\"https:\\\/\\\/canapando.net\\\/shop\\\/prodotto\\\/stick-per-omura-serie-x\\\/#primaryimage\",\"url\":\"https:\\\/\\\/canapando.net\\\/shop\\\/wp-content\\\/uploads\\\/2024\\\/07\\\/3.jpg\",\"contentUrl\":\"https:\\\/\\\/canapando.net\\\/shop\\\/wp-content\\\/uploads\\\/2024\\\/07\\\/3.jpg\",\"width\":600,\"height\":600},{\"@type\":\"BreadcrumbList\",\"@id\":\"https:\\\/\\\/canapando.net\\\/shop\\\/prodotto\\\/stick-per-omura-serie-x\\\/#breadcrumb\",\"itemListElement\":[{\"@type\":\"ListItem\",\"position\":1,\"name\":\"Home\",\"item\":\"https:\\\/\\\/canapando.net\\\/shop\\\/\"},{\"@type\":\"ListItem\",\"position\":2,\"name\":\"Shop\",\"item\":\"https:\\\/\\\/canapando.net\\\/shop\\\/negozio\\\/\"},{\"@type\":\"ListItem\",\"position\":3,\"name\":\"Stick per Omura Serie X\"}]},{\"@type\":\"WebSite\",\"@id\":\"https:\\\/\\\/canapando.net\\\/shop\\\/#website\",\"url\":\"https:\\\/\\\/canapando.net\\\/shop\\\/\",\"name\":\"Canapando Shop\",\"description\":\"Hemp shop Roma\",\"publisher\":{\"@id\":\"https:\\\/\\\/canapando.net\\\/shop\\\/#organization\"},\"potentialAction\":[{\"@type\":\"SearchAction\",\"target\":{\"@type\":\"EntryPoint\",\"urlTemplate\":\"https:\\\/\\\/canapando.net\\\/shop\\\/?s={search_term_string}\"},\"query-input\":{\"@type\":\"PropertyValueSpecification\",\"valueRequired\":true,\"valueName\":\"search_term_string\"}}],\"inLanguage\":\"it-IT\"},{\"@type\":\"Organization\",\"@id\":\"https:\\\/\\\/canapando.net\\\/shop\\\/#organization\",\"name\":\"Canapando\u00ae\",\"url\":\"https:\\\/\\\/canapando.net\\\/shop\\\/\",\"logo\":{\"@type\":\"ImageObject\",\"inLanguage\":\"it-IT\",\"@id\":\"https:\\\/\\\/canapando.net\\\/shop\\\/#\\\/schema\\\/logo\\\/image\\\/\",\"url\":\"https:\\\/\\\/canapando.net\\\/shop\\\/wp-content\\\/uploads\\\/2021\\\/01\\\/logocanapando.png\",\"contentUrl\":\"https:\\\/\\\/canapando.net\\\/shop\\\/wp-content\\\/uploads\\\/2021\\\/01\\\/logocanapando.png\",\"width\":197,\"height\":110,\"caption\":\"Canapando\u00ae\"},\"image\":{\"@id\":\"https:\\\/\\\/canapando.net\\\/shop\\\/#\\\/schema\\\/logo\\\/image\\\/\"},\"sameAs\":[\"https:\\\/\\\/it-it.facebook.com\\\/canapando.offical\\\/\"]}]}<\/script>\n<!-- \/ Yoast SEO plugin. -->","yoast_head_json":{"title":"Stick per Omura Serie X - Canapando Shop","robots":{"index":"index","follow":"follow","max-snippet":"max-snippet:-1","max-image-preview":"max-image-preview:large","max-video-preview":"max-video-preview:-1"},"canonical":"https:\/\/canapando.net\/shop\/prodotto\/stick-per-omura-serie-x\/","twitter_misc":{"Tempo di lettura stimato":"2 minuti"},"schema":{"@context":"https:\/\/schema.org","@graph":[{"@type":"WebPage","@id":"https:\/\/canapando.net\/shop\/prodotto\/stick-per-omura-serie-x\/","url":"https:\/\/canapando.net\/shop\/prodotto\/stick-per-omura-serie-x\/","name":"Stick per Omura Serie X - Canapando Shop","isPartOf":{"@id":"https:\/\/canapando.net\/shop\/#website"},"primaryImageOfPage":{"@id":"https:\/\/canapando.net\/shop\/prodotto\/stick-per-omura-serie-x\/#primaryimage"},"image":{"@id":"https:\/\/canapando.net\/shop\/prodotto\/stick-per-omura-serie-x\/#primaryimage"},"thumbnailUrl":"https:\/\/canapando.net\/shop\/wp-content\/uploads\/2024\/07\/3.jpg","datePublished":"2021-10-08T14:40:42+00:00","dateModified":"2026-03-09T16:26:34+00:00","breadcrumb":{"@id":"https:\/\/canapando.net\/shop\/prodotto\/stick-per-omura-serie-x\/#breadcrumb"},"inLanguage":"it-IT","potentialAction":[{"@type":"ReadAction","target":["https:\/\/canapando.net\/shop\/prodotto\/stick-per-omura-serie-x\/"]}]},{"@type":"ImageObject","inLanguage":"it-IT","@id":"https:\/\/canapando.net\/shop\/prodotto\/stick-per-omura-serie-x\/#primaryimage","url":"https:\/\/canapando.net\/shop\/wp-content\/uploads\/2024\/07\/3.jpg","contentUrl":"https:\/\/canapando.net\/shop\/wp-content\/uploads\/2024\/07\/3.jpg","width":600,"height":600},{"@type":"BreadcrumbList","@id":"https:\/\/canapando.net\/shop\/prodotto\/stick-per-omura-serie-x\/#breadcrumb","itemListElement":[{"@type":"ListItem","position":1,"name":"Home","item":"https:\/\/canapando.net\/shop\/"},{"@type":"ListItem","position":2,"name":"Shop","item":"https:\/\/canapando.net\/shop\/negozio\/"},{"@type":"ListItem","position":3,"name":"Stick per Omura Serie X"}]},{"@type":"WebSite","@id":"https:\/\/canapando.net\/shop\/#website","url":"https:\/\/canapando.net\/shop\/","name":"Canapando Shop","description":"Hemp shop Roma","publisher":{"@id":"https:\/\/canapando.net\/shop\/#organization"},"potentialAction":[{"@type":"SearchAction","target":{"@type":"EntryPoint","urlTemplate":"https:\/\/canapando.net\/shop\/?s={search_term_string}"},"query-input":{"@type":"PropertyValueSpecification","valueRequired":true,"valueName":"search_term_string"}}],"inLanguage":"it-IT"},{"@type":"Organization","@id":"https:\/\/canapando.net\/shop\/#organization","name":"Canapando\u00ae","url":"https:\/\/canapando.net\/shop\/","logo":{"@type":"ImageObject","inLanguage":"it-IT","@id":"https:\/\/canapando.net\/shop\/#\/schema\/logo\/image\/","url":"https:\/\/canapando.net\/shop\/wp-content\/uploads\/2021\/01\/logocanapando.png","contentUrl":"https:\/\/canapando.net\/shop\/wp-content\/uploads\/2021\/01\/logocanapando.png","width":197,"height":110,"caption":"Canapando\u00ae"},"image":{"@id":"https:\/\/canapando.net\/shop\/#\/schema\/logo\/image\/"},"sameAs":["https:\/\/it-it.facebook.com\/canapando.offical\/"]}]}},"_links":{"self":[{"href":"https:\/\/canapando.net\/shop\/wp-json\/wp\/v2\/product\/7764","targetHints":{"allow":["GET"]}}],"collection":[{"href":"https:\/\/canapando.net\/shop\/wp-json\/wp\/v2\/product"}],"about":[{"href":"https:\/\/canapando.net\/shop\/wp-json\/wp\/v2\/types\/product"}],"replies":[{"embeddable":true,"href":"https:\/\/canapando.net\/shop\/wp-json\/wp\/v2\/comments?post=7764"}],"wp:featuredmedia":[{"embeddable":true,"href":"https:\/\/canapando.net\/shop\/wp-json\/wp\/v2\/media\/14178"}],"wp:attachment":[{"href":"https:\/\/canapando.net\/shop\/wp-json\/wp\/v2\/media?parent=7764"}],"wp:term":[{"taxonomy":"product_brand","embeddable":true,"href":"https:\/\/canapando.net\/shop\/wp-json\/wp\/v2\/product_brand?post=7764"},{"taxonomy":"product_cat","embeddable":true,"href":"https:\/\/canapando.net\/shop\/wp-json\/wp\/v2\/product_cat?post=7764"},{"taxonomy":"product_tag","embeddable":true,"href":"https:\/\/canapando.net\/shop\/wp-json\/wp\/v2\/product_tag?post=7764"}],"curies":[{"name":"wp","href":"https:\/\/api.w.org\/{rel}","templated":true}]}}