{"id":8527,"date":"2022-02-01T17:25:25","date_gmt":"2022-02-01T17:25:25","guid":{"rendered":"https:\/\/canapando.net\/shop\/?post_type=product&#038;p=8527"},"modified":"2025-11-21T10:30:51","modified_gmt":"2025-11-21T09:30:51","slug":"boundless-cfx","status":"publish","type":"product","link":"https:\/\/canapando.net\/shop\/prodotto\/boundless-cfx\/","title":{"rendered":"Boundless CFX"},"content":{"rendered":"<h2><strong>CARATTERISTICHE:<\/strong><\/h2>\n<ul>\n<li>Design robusto con scanalature texturizzate per un comodo posizionamento della mano<\/li>\n<li>Costruito con materiali medici e alimentari<\/li>\n<li>Controllo della temperatura da 38\u00b0 fino a 221\u00b0<\/li>\n<li>Batteria completamente ricaricabile in 30 minuti<\/li>\n<li>Sistema di sicurezza \u201csonno\u201d che spegne il dispositivo dopo l&#8217;inutilizzo<\/li>\n<\/ul>\n<h2><strong>SPECIFICHE TECNICHE:<\/strong><\/h2>\n<ul>\n<li>&#8211; Display TFT a colori da 1,7\u201d<\/li>\n<li>Peso: 340gr<\/li>\n<li>Dimensioni: 12cm x 7cm x 3cm<\/li>\n<li>Intervallo di temperatura 38\u00b0c &#8211; 221\u00b0c (100\u00b0F-430\u00b0F)<\/li>\n<li>Capacit\u00e0 della batteria: 2500mAh<\/li>\n<li>Numero di sessioni a batteria piena: 10 \u2013 15<\/li>\n<li>Camera di riscaldamento in ceramica<\/li>\n<li>Sistema di riscaldamento: Ibrido convezione\/conduzione<\/li>\n<\/ul>\n","protected":false},"excerpt":{"rendered":"<p><strong>Boundless CFX porta l&#8217;innovazione della vaporizzazione ad un livello superior<\/strong>e. Con un tempo di riscaldamento di 20 secondi o meno, uno schermo TFT da 1,7 pollici, un robusto involucro esterno e 80w di potenza, il CFX \u00e8 uno dei dispositivi portatili pi\u00f9 veloci, efficienti e potenti del settore.<\/p>\n<p>La sua semplicit\u00e0 d\u2019uso e la sua efficienza nel vaporizzare alla perfezione sia erbe che estratti\/concentrati (nella confezione \u00e8 compresa anche una capsula in cotone per gli oli) lo rendono ideale sia per chi si \u00e8 appena avvicinato al mondo della vaporizzazione sia per utenti gi\u00e0 esperti.<\/p>\n<p>Il sistema a doppio riscaldamento (ibrido), che prende il meglio da entrambi i sistemi a conduzione e convezione, fornisce una qualit\u00e0 del vapore uniforme e impressionante, ideale per sessioni di gruppo o micro-dosaggi durante il giorno.<\/p>\n<p><strong>Come funziona:<\/strong> la camera di riscaldamento in ceramica il percorso dell&#8217;aria completamente isolato sono riscaldati da due riscaldatori indipendenti. L&#8217;aria aspirata nel dispositivo viene riscaldata da un riscaldatore a convezione e nel frattempo un riscaldatore a conduzione secondario integrato nella camera in ceramica lavora per vaporizzare uniformemente i materiali alla temperatura scelta. Questo sistema di riscaldamento ibrido offre un&#8217;impressionante qualit\u00e0 del vapore.<\/p>\n<p>Una caratteristica ancora pi\u00f9 interessante del Boundless CFX \u00e8 la possibilit\u00e0 di impostare esattamente la temperatura desiderata, in base al tipo di materiale che si vuole vaporizzare e ai propri gusti. Variando la temperatura ad esempio si pu\u00f2 decidere se porre l\u2019enfasi sul sapore o sulla quantit\u00e0 di vapore. Quando viene raggiunta la temperatura desiderata, in massimo 20 secondi, oltre che segnalarlo sullo schermo, il dispositivo emette una vibrazione.<\/p>\n<p><em><strong>A quel punto puoi cominciare la tua sessione di vaporizzazione, la temperatura impostata rimarr\u00e0 costante per 5 minuti.<\/strong><\/em><\/p>\n<p>&nbsp;<\/p>\n<div class=\"videoresponsive\"><iframe title=\"Boundless CFX Vaporizer\" src=\"https:\/\/www.youtube.com\/embed\/PQBdIEPMAG0\" width=\"420\" height=\"315\" frameborder=\"0\" allowfullscreen=\"allowfullscreen\"><\/iframe><\/div>\n","protected":false},"featured_media":14184,"comment_status":"open","ping_status":"closed","template":"","meta":{"_acf_changed":false,"_joinchat":[]},"product_brand":[],"product_cat":[73],"product_tag":[],"class_list":{"0":"post-8527","1":"product","2":"type-product","3":"status-publish","4":"has-post-thumbnail","6":"product_cat-vaporizzatori-e-accessori","8":"first","9":"outofstock","10":"taxable","11":"shipping-taxable","12":"purchasable","13":"product-type-simple"},"acf":{"tipologia":["sold_out"],"campo_libero":""},"yoast_head":"<!-- This site is optimized with the Yoast SEO plugin v27.4 - https:\/\/yoast.com\/product\/yoast-seo-wordpress\/ -->\n<title>Boundless CFX - Canapando Shop<\/title>\n<meta name=\"robots\" content=\"index, follow, max-snippet:-1, max-image-preview:large, max-video-preview:-1\" \/>\n<link rel=\"canonical\" href=\"https:\/\/canapando.net\/shop\/prodotto\/boundless-cfx\/\" \/>\n<meta name=\"twitter:label1\" content=\"Tempo di lettura stimato\" \/>\n\t<meta name=\"twitter:data1\" content=\"2 minuti\" \/>\n<script type=\"application\/ld+json\" class=\"yoast-schema-graph\">{\"@context\":\"https:\\\/\\\/schema.org\",\"@graph\":[{\"@type\":\"WebPage\",\"@id\":\"https:\\\/\\\/canapando.net\\\/shop\\\/prodotto\\\/boundless-cfx\\\/\",\"url\":\"https:\\\/\\\/canapando.net\\\/shop\\\/prodotto\\\/boundless-cfx\\\/\",\"name\":\"Boundless CFX - Canapando Shop\",\"isPartOf\":{\"@id\":\"https:\\\/\\\/canapando.net\\\/shop\\\/#website\"},\"primaryImageOfPage\":{\"@id\":\"https:\\\/\\\/canapando.net\\\/shop\\\/prodotto\\\/boundless-cfx\\\/#primaryimage\"},\"image\":{\"@id\":\"https:\\\/\\\/canapando.net\\\/shop\\\/prodotto\\\/boundless-cfx\\\/#primaryimage\"},\"thumbnailUrl\":\"https:\\\/\\\/canapando.net\\\/shop\\\/wp-content\\\/uploads\\\/2024\\\/07\\\/19.jpg\",\"datePublished\":\"2022-02-01T17:25:25+00:00\",\"dateModified\":\"2025-11-21T09:30:51+00:00\",\"breadcrumb\":{\"@id\":\"https:\\\/\\\/canapando.net\\\/shop\\\/prodotto\\\/boundless-cfx\\\/#breadcrumb\"},\"inLanguage\":\"it-IT\",\"potentialAction\":[{\"@type\":\"ReadAction\",\"target\":[\"https:\\\/\\\/canapando.net\\\/shop\\\/prodotto\\\/boundless-cfx\\\/\"]}]},{\"@type\":\"ImageObject\",\"inLanguage\":\"it-IT\",\"@id\":\"https:\\\/\\\/canapando.net\\\/shop\\\/prodotto\\\/boundless-cfx\\\/#primaryimage\",\"url\":\"https:\\\/\\\/canapando.net\\\/shop\\\/wp-content\\\/uploads\\\/2024\\\/07\\\/19.jpg\",\"contentUrl\":\"https:\\\/\\\/canapando.net\\\/shop\\\/wp-content\\\/uploads\\\/2024\\\/07\\\/19.jpg\",\"width\":600,\"height\":600},{\"@type\":\"BreadcrumbList\",\"@id\":\"https:\\\/\\\/canapando.net\\\/shop\\\/prodotto\\\/boundless-cfx\\\/#breadcrumb\",\"itemListElement\":[{\"@type\":\"ListItem\",\"position\":1,\"name\":\"Home\",\"item\":\"https:\\\/\\\/canapando.net\\\/shop\\\/\"},{\"@type\":\"ListItem\",\"position\":2,\"name\":\"Shop\",\"item\":\"https:\\\/\\\/canapando.net\\\/shop\\\/negozio\\\/\"},{\"@type\":\"ListItem\",\"position\":3,\"name\":\"Boundless CFX\"}]},{\"@type\":\"WebSite\",\"@id\":\"https:\\\/\\\/canapando.net\\\/shop\\\/#website\",\"url\":\"https:\\\/\\\/canapando.net\\\/shop\\\/\",\"name\":\"Canapando Shop\",\"description\":\"Hemp shop Roma\",\"publisher\":{\"@id\":\"https:\\\/\\\/canapando.net\\\/shop\\\/#organization\"},\"potentialAction\":[{\"@type\":\"SearchAction\",\"target\":{\"@type\":\"EntryPoint\",\"urlTemplate\":\"https:\\\/\\\/canapando.net\\\/shop\\\/?s={search_term_string}\"},\"query-input\":{\"@type\":\"PropertyValueSpecification\",\"valueRequired\":true,\"valueName\":\"search_term_string\"}}],\"inLanguage\":\"it-IT\"},{\"@type\":\"Organization\",\"@id\":\"https:\\\/\\\/canapando.net\\\/shop\\\/#organization\",\"name\":\"Canapando\u00ae\",\"url\":\"https:\\\/\\\/canapando.net\\\/shop\\\/\",\"logo\":{\"@type\":\"ImageObject\",\"inLanguage\":\"it-IT\",\"@id\":\"https:\\\/\\\/canapando.net\\\/shop\\\/#\\\/schema\\\/logo\\\/image\\\/\",\"url\":\"https:\\\/\\\/canapando.net\\\/shop\\\/wp-content\\\/uploads\\\/2021\\\/01\\\/logocanapando.png\",\"contentUrl\":\"https:\\\/\\\/canapando.net\\\/shop\\\/wp-content\\\/uploads\\\/2021\\\/01\\\/logocanapando.png\",\"width\":197,\"height\":110,\"caption\":\"Canapando\u00ae\"},\"image\":{\"@id\":\"https:\\\/\\\/canapando.net\\\/shop\\\/#\\\/schema\\\/logo\\\/image\\\/\"},\"sameAs\":[\"https:\\\/\\\/it-it.facebook.com\\\/canapando.offical\\\/\"]}]}<\/script>\n<!-- \/ Yoast SEO plugin. -->","yoast_head_json":{"title":"Boundless CFX - Canapando Shop","robots":{"index":"index","follow":"follow","max-snippet":"max-snippet:-1","max-image-preview":"max-image-preview:large","max-video-preview":"max-video-preview:-1"},"canonical":"https:\/\/canapando.net\/shop\/prodotto\/boundless-cfx\/","twitter_misc":{"Tempo di lettura stimato":"2 minuti"},"schema":{"@context":"https:\/\/schema.org","@graph":[{"@type":"WebPage","@id":"https:\/\/canapando.net\/shop\/prodotto\/boundless-cfx\/","url":"https:\/\/canapando.net\/shop\/prodotto\/boundless-cfx\/","name":"Boundless CFX - Canapando Shop","isPartOf":{"@id":"https:\/\/canapando.net\/shop\/#website"},"primaryImageOfPage":{"@id":"https:\/\/canapando.net\/shop\/prodotto\/boundless-cfx\/#primaryimage"},"image":{"@id":"https:\/\/canapando.net\/shop\/prodotto\/boundless-cfx\/#primaryimage"},"thumbnailUrl":"https:\/\/canapando.net\/shop\/wp-content\/uploads\/2024\/07\/19.jpg","datePublished":"2022-02-01T17:25:25+00:00","dateModified":"2025-11-21T09:30:51+00:00","breadcrumb":{"@id":"https:\/\/canapando.net\/shop\/prodotto\/boundless-cfx\/#breadcrumb"},"inLanguage":"it-IT","potentialAction":[{"@type":"ReadAction","target":["https:\/\/canapando.net\/shop\/prodotto\/boundless-cfx\/"]}]},{"@type":"ImageObject","inLanguage":"it-IT","@id":"https:\/\/canapando.net\/shop\/prodotto\/boundless-cfx\/#primaryimage","url":"https:\/\/canapando.net\/shop\/wp-content\/uploads\/2024\/07\/19.jpg","contentUrl":"https:\/\/canapando.net\/shop\/wp-content\/uploads\/2024\/07\/19.jpg","width":600,"height":600},{"@type":"BreadcrumbList","@id":"https:\/\/canapando.net\/shop\/prodotto\/boundless-cfx\/#breadcrumb","itemListElement":[{"@type":"ListItem","position":1,"name":"Home","item":"https:\/\/canapando.net\/shop\/"},{"@type":"ListItem","position":2,"name":"Shop","item":"https:\/\/canapando.net\/shop\/negozio\/"},{"@type":"ListItem","position":3,"name":"Boundless CFX"}]},{"@type":"WebSite","@id":"https:\/\/canapando.net\/shop\/#website","url":"https:\/\/canapando.net\/shop\/","name":"Canapando Shop","description":"Hemp shop Roma","publisher":{"@id":"https:\/\/canapando.net\/shop\/#organization"},"potentialAction":[{"@type":"SearchAction","target":{"@type":"EntryPoint","urlTemplate":"https:\/\/canapando.net\/shop\/?s={search_term_string}"},"query-input":{"@type":"PropertyValueSpecification","valueRequired":true,"valueName":"search_term_string"}}],"inLanguage":"it-IT"},{"@type":"Organization","@id":"https:\/\/canapando.net\/shop\/#organization","name":"Canapando\u00ae","url":"https:\/\/canapando.net\/shop\/","logo":{"@type":"ImageObject","inLanguage":"it-IT","@id":"https:\/\/canapando.net\/shop\/#\/schema\/logo\/image\/","url":"https:\/\/canapando.net\/shop\/wp-content\/uploads\/2021\/01\/logocanapando.png","contentUrl":"https:\/\/canapando.net\/shop\/wp-content\/uploads\/2021\/01\/logocanapando.png","width":197,"height":110,"caption":"Canapando\u00ae"},"image":{"@id":"https:\/\/canapando.net\/shop\/#\/schema\/logo\/image\/"},"sameAs":["https:\/\/it-it.facebook.com\/canapando.offical\/"]}]}},"_links":{"self":[{"href":"https:\/\/canapando.net\/shop\/wp-json\/wp\/v2\/product\/8527","targetHints":{"allow":["GET"]}}],"collection":[{"href":"https:\/\/canapando.net\/shop\/wp-json\/wp\/v2\/product"}],"about":[{"href":"https:\/\/canapando.net\/shop\/wp-json\/wp\/v2\/types\/product"}],"replies":[{"embeddable":true,"href":"https:\/\/canapando.net\/shop\/wp-json\/wp\/v2\/comments?post=8527"}],"wp:featuredmedia":[{"embeddable":true,"href":"https:\/\/canapando.net\/shop\/wp-json\/wp\/v2\/media\/14184"}],"wp:attachment":[{"href":"https:\/\/canapando.net\/shop\/wp-json\/wp\/v2\/media?parent=8527"}],"wp:term":[{"taxonomy":"product_brand","embeddable":true,"href":"https:\/\/canapando.net\/shop\/wp-json\/wp\/v2\/product_brand?post=8527"},{"taxonomy":"product_cat","embeddable":true,"href":"https:\/\/canapando.net\/shop\/wp-json\/wp\/v2\/product_cat?post=8527"},{"taxonomy":"product_tag","embeddable":true,"href":"https:\/\/canapando.net\/shop\/wp-json\/wp\/v2\/product_tag?post=8527"}],"curies":[{"name":"wp","href":"https:\/\/api.w.org\/{rel}","templated":true}]}}