{"id":8528,"date":"2022-02-01T17:25:24","date_gmt":"2022-02-01T17:25:24","guid":{"rendered":"https:\/\/canapando.net\/shop\/?post_type=product&#038;p=8528"},"modified":"2025-11-21T10:29:23","modified_gmt":"2025-11-21T09:29:23","slug":"arizer-solo-ii","status":"publish","type":"product","link":"https:\/\/canapando.net\/shop\/prodotto\/arizer-solo-ii\/","title":{"rendered":"Arizer Solo II"},"content":{"rendered":"<h2><b>Vaporizzatore\u00a0<\/b><b>Arizer Solo 2<\/b><\/h2>\n<p><b>Il vaporizzatore Arizer Solo 2, il successore dell\u2019iconico modello Solo, consente fino a 3 ore di vaporizzazione continua con una singola ricarica, offre un controllo preciso della temperatura con precisione al singolo grado, il riscaldamento rapido e un gusto e una densit\u00e0 del vapore sorprendenti.<br \/>\nLa potenza del riscaldatore \u00e8 maggiore rispetto al vecchio modello, grazie alla quale anche con inalazioni pi\u00f9 intense o con le inalazioni di gruppo non deluder\u00e0, ma soprattutto sar\u00e0 un dispositivo estremamente efficiente. Ha anche un display OLED incorporato che facilita notevolmente il funzionamento.<br \/>\nSenza dubbio, Arizer Solo 2 \u00e8 uno dei vaporizzatori con il miglior rapporto qualit\u00e0 prezzo di tutti i tempi!<\/b><\/p>\n<p>&nbsp;<\/p>\n<h2><b>Struttura decisamente migliorata<\/b><\/h2>\n<p>Il\u00a0<strong>vaporizzatore Arizer Solo<\/strong>\u00a0<strong>2<\/strong>\u00a0\u00e8 il successore del vaporizzatore Arizer Solo, un modello presentato per la prima volta nel 2011. Solo 2 si rif\u00e0 chiaramente allo stile del suo predecessore ma \u00e8 significativamente pi\u00f9 sottile. Come nei modelli Solo e Air, nel caso del vaporizzatore Arizer Solo 2 le erbe non vengono vaporizzate nella camera di riscaldamento ma dall\u2019estremit\u00e0 del bocchino di vetro.<\/p>\n<p>Le erbe sono in contatto solo con il vetro da cui viene ricavato anche il resto del percorso del vapore. Ci\u00f2 si traduce in un gusto del vapore estremamente puro che non pu\u00f2 essere raggiunto con altri materiali. Vale anche la pena aggiungere che i bocchini in vetro dei modelli precedenti sono pienamente compatibili con Arizer Solo 2, un vantaggio per i proprietari dei vaporizzatori Arizer Solo e Arizer Air.<\/p>\n<h2><b>Riscaldatore pi\u00f9 potente, riscaldamento pi\u00f9 veloce, vapore incredibile!<\/b><\/h2>\n<p>Arizer Solo 2 utilizza un sistema di riscaldamento ibrido, ovvero riscalda le erbe sia attraverso un flusso di aria calda, sia attraverso il contatto diretto con le pareti riscaldate dalla camera di riscaldamento. Questa soluzione offre un\u2019eccellente efficienza di inalazione combinata con una produzione di vapore molto grande,\u00a0<strong>Arizer Solo 2 consente il rilascio di nuvole di vapore grandi e dense!<\/strong><\/p>\n<p>Arizer Solo 2 consente una gestione efficace delle erbe vaporizzate dando la possibilit\u00e0 di rimuovere il bocchino insieme alla camera delle erbe per consentire di interrompere l\u2019inalazione in qualsiasi momento senza che il materiale continui a consumarsi. La camera di vetro per le erbe \u00e8 piccola, contiene un massimo di 0,15-0,2 g di erbe macinate, ma funzioner\u00e0 altrettanto bene con 0,1 g. Anche la potenza del riscaldatore \u00e8 stata notevolmente aumentata, per questo Solo 2 si presta ad essere usato anche da gruppi di persone.<\/p>\n<p>Una maggiore potenza del riscaldatore consente anche un riscaldamento pi\u00f9 rapido, ora invece di 2 minuti raggiunge la temperatura in solo 40 secondi! La qualit\u00e0 del vapore \u00e8 eccellente, ha un gusto straordinario ed \u00e8 molto soddisfacente, quindi \u00e8 sicuramente un buon dispositivo per gli amanti delle nuvole di vapore grandi e di buona qualit\u00e0.<\/p>\n<p>&nbsp;<\/p>\n<h2><b>Vaporizzatore Arizer Solo 2, la batteria pi\u00f9 potente sul mercato!<\/b><\/h2>\n<p>La batteria\u00a0<strong>Arizer Solo 2<\/strong>\u00a0merita una medaglia, consente fino a 3 ore di vaporizzazione continua distaccando molto gli attuali leader in questo campo come il PAX 3 o il Mighty. Un tempo di lavoro cos\u00ec lungo con una sola carica consente fino a 20 sessioni di inalazione complete senza collegare il caricabatterie!<\/p>\n<p>Questo rende Arizer Solo 2 la soluzione perfetta per le persone che rimangono molto tempo fuori casa. La ricarica richiede fino a 3 ore e viene eseguita utilizzando un caricabatterie da parete dedicato che permette di vaporizzare anche mentre il dispositivo \u00e8 in carica.<\/p>\n<h2><b>Massima qualit\u00e0 di lavorazione e un r<\/b><b>icco set di accessori<\/b><\/h2>\n<p>Arizer Solo 2 \u00e8 un dispositivo estremamente curato, i materiali utilizzati per la sua produzione sono della massima qualit\u00e0 possibile e sicurissimi per la nostra salute. Oltre ad\u00a0<strong>Arizer Solo 2 ,\u00a0<\/strong>nella confezione troverai due tipi di bocchino in vetro (uno pi\u00f9 corto e uno pi\u00f9 lungo) e 2 tappi in silicone che impediscono l\u2019eventuale perdita di materiale quando si porta il vaporizzatore in tasca.<\/p>\n<p>Il kit include anche una custodia con una clip per il fissaggio alla cintura e una custodia per aromi, ottima per mascherare gli odori in ambienti chiusi. Tutto ci\u00f2 di cui hai bisogno saranno alcune gocce del tuo olio essenziale preferito e nessuno si immaginer\u00e0 che tu abbia appena vaporizzato.<\/p>\n<h2><b>Arizer Solo 2, il vaporizzatore perfetto?<\/b><\/h2>\n<p>Arizer Solo 2 \u00e8 un nuovo candidato per il titolo di miglior vaporizzatore portatile. Prestazioni eccellenti, ottima qualit\u00e0, gusto ed efficienza del vapore, facilit\u00e0 d\u2019uso e la batteria pi\u00f9 potente sul mercato rendono Arizer Solo 2 un vaporizzatore davvero difficile con cui competere. Consigliato!<\/p>\n","protected":false},"excerpt":{"rendered":"<h2><b>Vaporizzatore\u00a0<\/b><b>Arizer Solo 2<\/b><\/h2>\n<p><b>Il vaporizzatore Arizer Solo 2, il successore dell\u2019iconico modello Solo, consente fino a 3 ore di vaporizzazione continua con una singola ricarica, offre un controllo preciso della temperatura con precisione al singolo grado, il riscaldamento rapido e un gusto e una densit\u00e0 del vapore sorprendenti.<\/b><\/p>\n","protected":false},"featured_media":14186,"comment_status":"open","ping_status":"closed","template":"","meta":{"_acf_changed":false,"_joinchat":[]},"product_brand":[],"product_cat":[73],"product_tag":[],"class_list":{"0":"post-8528","1":"product","2":"type-product","3":"status-publish","4":"has-post-thumbnail","6":"product_cat-vaporizzatori-e-accessori","8":"first","9":"instock","10":"taxable","11":"shipping-taxable","12":"purchasable","13":"product-type-simple"},"acf":{"tipologia":"","campo_libero":""},"yoast_head":"<!-- This site is optimized with the Yoast SEO plugin v27.4 - https:\/\/yoast.com\/product\/yoast-seo-wordpress\/ -->\n<title>Arizer Solo II - Canapando Shop<\/title>\n<meta name=\"robots\" content=\"index, follow, max-snippet:-1, max-image-preview:large, max-video-preview:-1\" \/>\n<link rel=\"canonical\" href=\"https:\/\/canapando.net\/shop\/prodotto\/arizer-solo-ii\/\" \/>\n<meta name=\"twitter:label1\" content=\"Tempo di lettura stimato\" \/>\n\t<meta name=\"twitter:data1\" content=\"1 minuto\" \/>\n<script type=\"application\/ld+json\" class=\"yoast-schema-graph\">{\"@context\":\"https:\\\/\\\/schema.org\",\"@graph\":[{\"@type\":\"WebPage\",\"@id\":\"https:\\\/\\\/canapando.net\\\/shop\\\/prodotto\\\/arizer-solo-ii\\\/\",\"url\":\"https:\\\/\\\/canapando.net\\\/shop\\\/prodotto\\\/arizer-solo-ii\\\/\",\"name\":\"Arizer Solo II - Canapando Shop\",\"isPartOf\":{\"@id\":\"https:\\\/\\\/canapando.net\\\/shop\\\/#website\"},\"primaryImageOfPage\":{\"@id\":\"https:\\\/\\\/canapando.net\\\/shop\\\/prodotto\\\/arizer-solo-ii\\\/#primaryimage\"},\"image\":{\"@id\":\"https:\\\/\\\/canapando.net\\\/shop\\\/prodotto\\\/arizer-solo-ii\\\/#primaryimage\"},\"thumbnailUrl\":\"https:\\\/\\\/canapando.net\\\/shop\\\/wp-content\\\/uploads\\\/2024\\\/07\\\/17.jpg\",\"datePublished\":\"2022-02-01T17:25:24+00:00\",\"dateModified\":\"2025-11-21T09:29:23+00:00\",\"breadcrumb\":{\"@id\":\"https:\\\/\\\/canapando.net\\\/shop\\\/prodotto\\\/arizer-solo-ii\\\/#breadcrumb\"},\"inLanguage\":\"it-IT\",\"potentialAction\":[{\"@type\":\"ReadAction\",\"target\":[\"https:\\\/\\\/canapando.net\\\/shop\\\/prodotto\\\/arizer-solo-ii\\\/\"]}]},{\"@type\":\"ImageObject\",\"inLanguage\":\"it-IT\",\"@id\":\"https:\\\/\\\/canapando.net\\\/shop\\\/prodotto\\\/arizer-solo-ii\\\/#primaryimage\",\"url\":\"https:\\\/\\\/canapando.net\\\/shop\\\/wp-content\\\/uploads\\\/2024\\\/07\\\/17.jpg\",\"contentUrl\":\"https:\\\/\\\/canapando.net\\\/shop\\\/wp-content\\\/uploads\\\/2024\\\/07\\\/17.jpg\",\"width\":600,\"height\":600},{\"@type\":\"BreadcrumbList\",\"@id\":\"https:\\\/\\\/canapando.net\\\/shop\\\/prodotto\\\/arizer-solo-ii\\\/#breadcrumb\",\"itemListElement\":[{\"@type\":\"ListItem\",\"position\":1,\"name\":\"Home\",\"item\":\"https:\\\/\\\/canapando.net\\\/shop\\\/\"},{\"@type\":\"ListItem\",\"position\":2,\"name\":\"Shop\",\"item\":\"https:\\\/\\\/canapando.net\\\/shop\\\/negozio\\\/\"},{\"@type\":\"ListItem\",\"position\":3,\"name\":\"Arizer Solo II\"}]},{\"@type\":\"WebSite\",\"@id\":\"https:\\\/\\\/canapando.net\\\/shop\\\/#website\",\"url\":\"https:\\\/\\\/canapando.net\\\/shop\\\/\",\"name\":\"Canapando Shop\",\"description\":\"Hemp shop Roma\",\"publisher\":{\"@id\":\"https:\\\/\\\/canapando.net\\\/shop\\\/#organization\"},\"potentialAction\":[{\"@type\":\"SearchAction\",\"target\":{\"@type\":\"EntryPoint\",\"urlTemplate\":\"https:\\\/\\\/canapando.net\\\/shop\\\/?s={search_term_string}\"},\"query-input\":{\"@type\":\"PropertyValueSpecification\",\"valueRequired\":true,\"valueName\":\"search_term_string\"}}],\"inLanguage\":\"it-IT\"},{\"@type\":\"Organization\",\"@id\":\"https:\\\/\\\/canapando.net\\\/shop\\\/#organization\",\"name\":\"Canapando\u00ae\",\"url\":\"https:\\\/\\\/canapando.net\\\/shop\\\/\",\"logo\":{\"@type\":\"ImageObject\",\"inLanguage\":\"it-IT\",\"@id\":\"https:\\\/\\\/canapando.net\\\/shop\\\/#\\\/schema\\\/logo\\\/image\\\/\",\"url\":\"https:\\\/\\\/canapando.net\\\/shop\\\/wp-content\\\/uploads\\\/2021\\\/01\\\/logocanapando.png\",\"contentUrl\":\"https:\\\/\\\/canapando.net\\\/shop\\\/wp-content\\\/uploads\\\/2021\\\/01\\\/logocanapando.png\",\"width\":197,\"height\":110,\"caption\":\"Canapando\u00ae\"},\"image\":{\"@id\":\"https:\\\/\\\/canapando.net\\\/shop\\\/#\\\/schema\\\/logo\\\/image\\\/\"},\"sameAs\":[\"https:\\\/\\\/it-it.facebook.com\\\/canapando.offical\\\/\"]}]}<\/script>\n<!-- \/ Yoast SEO plugin. -->","yoast_head_json":{"title":"Arizer Solo II - Canapando Shop","robots":{"index":"index","follow":"follow","max-snippet":"max-snippet:-1","max-image-preview":"max-image-preview:large","max-video-preview":"max-video-preview:-1"},"canonical":"https:\/\/canapando.net\/shop\/prodotto\/arizer-solo-ii\/","twitter_misc":{"Tempo di lettura stimato":"1 minuto"},"schema":{"@context":"https:\/\/schema.org","@graph":[{"@type":"WebPage","@id":"https:\/\/canapando.net\/shop\/prodotto\/arizer-solo-ii\/","url":"https:\/\/canapando.net\/shop\/prodotto\/arizer-solo-ii\/","name":"Arizer Solo II - Canapando Shop","isPartOf":{"@id":"https:\/\/canapando.net\/shop\/#website"},"primaryImageOfPage":{"@id":"https:\/\/canapando.net\/shop\/prodotto\/arizer-solo-ii\/#primaryimage"},"image":{"@id":"https:\/\/canapando.net\/shop\/prodotto\/arizer-solo-ii\/#primaryimage"},"thumbnailUrl":"https:\/\/canapando.net\/shop\/wp-content\/uploads\/2024\/07\/17.jpg","datePublished":"2022-02-01T17:25:24+00:00","dateModified":"2025-11-21T09:29:23+00:00","breadcrumb":{"@id":"https:\/\/canapando.net\/shop\/prodotto\/arizer-solo-ii\/#breadcrumb"},"inLanguage":"it-IT","potentialAction":[{"@type":"ReadAction","target":["https:\/\/canapando.net\/shop\/prodotto\/arizer-solo-ii\/"]}]},{"@type":"ImageObject","inLanguage":"it-IT","@id":"https:\/\/canapando.net\/shop\/prodotto\/arizer-solo-ii\/#primaryimage","url":"https:\/\/canapando.net\/shop\/wp-content\/uploads\/2024\/07\/17.jpg","contentUrl":"https:\/\/canapando.net\/shop\/wp-content\/uploads\/2024\/07\/17.jpg","width":600,"height":600},{"@type":"BreadcrumbList","@id":"https:\/\/canapando.net\/shop\/prodotto\/arizer-solo-ii\/#breadcrumb","itemListElement":[{"@type":"ListItem","position":1,"name":"Home","item":"https:\/\/canapando.net\/shop\/"},{"@type":"ListItem","position":2,"name":"Shop","item":"https:\/\/canapando.net\/shop\/negozio\/"},{"@type":"ListItem","position":3,"name":"Arizer Solo II"}]},{"@type":"WebSite","@id":"https:\/\/canapando.net\/shop\/#website","url":"https:\/\/canapando.net\/shop\/","name":"Canapando Shop","description":"Hemp shop Roma","publisher":{"@id":"https:\/\/canapando.net\/shop\/#organization"},"potentialAction":[{"@type":"SearchAction","target":{"@type":"EntryPoint","urlTemplate":"https:\/\/canapando.net\/shop\/?s={search_term_string}"},"query-input":{"@type":"PropertyValueSpecification","valueRequired":true,"valueName":"search_term_string"}}],"inLanguage":"it-IT"},{"@type":"Organization","@id":"https:\/\/canapando.net\/shop\/#organization","name":"Canapando\u00ae","url":"https:\/\/canapando.net\/shop\/","logo":{"@type":"ImageObject","inLanguage":"it-IT","@id":"https:\/\/canapando.net\/shop\/#\/schema\/logo\/image\/","url":"https:\/\/canapando.net\/shop\/wp-content\/uploads\/2021\/01\/logocanapando.png","contentUrl":"https:\/\/canapando.net\/shop\/wp-content\/uploads\/2021\/01\/logocanapando.png","width":197,"height":110,"caption":"Canapando\u00ae"},"image":{"@id":"https:\/\/canapando.net\/shop\/#\/schema\/logo\/image\/"},"sameAs":["https:\/\/it-it.facebook.com\/canapando.offical\/"]}]}},"_links":{"self":[{"href":"https:\/\/canapando.net\/shop\/wp-json\/wp\/v2\/product\/8528","targetHints":{"allow":["GET"]}}],"collection":[{"href":"https:\/\/canapando.net\/shop\/wp-json\/wp\/v2\/product"}],"about":[{"href":"https:\/\/canapando.net\/shop\/wp-json\/wp\/v2\/types\/product"}],"replies":[{"embeddable":true,"href":"https:\/\/canapando.net\/shop\/wp-json\/wp\/v2\/comments?post=8528"}],"wp:featuredmedia":[{"embeddable":true,"href":"https:\/\/canapando.net\/shop\/wp-json\/wp\/v2\/media\/14186"}],"wp:attachment":[{"href":"https:\/\/canapando.net\/shop\/wp-json\/wp\/v2\/media?parent=8528"}],"wp:term":[{"taxonomy":"product_brand","embeddable":true,"href":"https:\/\/canapando.net\/shop\/wp-json\/wp\/v2\/product_brand?post=8528"},{"taxonomy":"product_cat","embeddable":true,"href":"https:\/\/canapando.net\/shop\/wp-json\/wp\/v2\/product_cat?post=8528"},{"taxonomy":"product_tag","embeddable":true,"href":"https:\/\/canapando.net\/shop\/wp-json\/wp\/v2\/product_tag?post=8528"}],"curies":[{"name":"wp","href":"https:\/\/api.w.org\/{rel}","templated":true}]}}