{"id":9154,"date":"2022-03-21T14:10:37","date_gmt":"2022-03-21T14:10:37","guid":{"rendered":"https:\/\/canapando.net\/shop\/?post_type=product&#038;p=9154"},"modified":"2026-02-01T00:00:07","modified_gmt":"2026-01-31T23:00:07","slug":"birra-alla-canapa-canapando","status":"publish","type":"product","link":"https:\/\/canapando.net\/shop\/prodotto\/birra-alla-canapa-canapando\/","title":{"rendered":"Birra Sorbet &#8211; American Pale Ale &#8211; lattina 33cl (in collaborazione con Rebel&#8217;s)"},"content":{"rendered":"<p><strong>SORBET AMERICAN PALE ALE<\/strong><\/p>\n<p>La Sorbet \u00e8 una birra in pieno stile American Pale Ale, nata per essere bevuta a grossi sorsi. La scelta di concentrarci su questo stile non \u00e8 casuale: il nostro focus era esaltare la gamma aromatica sviluppata dalla nostra genetica californiana.<\/p>\n<p>Creata in collaborazione con Birrificio Rebel\u2019s, si presenta di un colore giallo carico, pulito e limpido, con una schiuma compatta e abbastanza persistente. I malti utilizzati, leggermente tostati, creano un ottimo bilanciamento con l\u2019amaro dei luppoli americani utilizzati e vengono arricchiti e potenziati da un <em>boost<\/em> di infuso di foglie di Canapa, aggiunto esclusivamente nella fase di <em>dry hopping<\/em>. Evitando di cuocere le cime siamo quindi riusciti a mantenere gli aromi primari del fiore, salvaguardando i suoi preziosi oli essenziali.<\/p>\n<p>Il naso \u00e8 decisamente dominato dal luppolo, fruttato con sentori di pesca, mango ed altra frutta gialla come l\u2019albicocca. Presente il tipico sentore erbaceo e, di sottofondo, un aroma di cereale dato dal malto, che ricorda il pane ma che fa venire in mente anche qualcosa di dolce. In bocca grazie allo speciale connubio di oli essenziali di luppolo e cannabis regala un\u2019esplosione di sapore, in cui ci si perde tra il mango, ma anche l\u2019erbaceo, sentori agrumati e resinosi. Ritroviamo la Sorbet nelle prorompenti note d&#8217;agrume e di t\u00e8 nero, dolci, calde ed invitanti grazie alla sua infusione a seguito della fermentazione primaria. Il tutto \u00e8 chiuso da un amaro elegante, non invadente che per\u00f2 permane a lungo e richiama subito un altro sorso.<\/p>\n<p>Perfetta per tute le occasioni: per sgrassare piatti grassi o piccanti ma anche per essere bevuta in un pomeriggio assolato. Una birra che va ad aggiungersi alla nostra linea food a base di canapa biologica e che unisce ed esalta pregiati ingredienti: grazie a ben 2 grammi per litro di infiorescenze aggiunte nella produzione, in un solo sorso sembrer\u00e0 di bere la nostra Sorbetto!<\/p>\n<h2>INGREDIENTI<\/h2>\n<p>Acqua, malto d\u2019orzo, luppolo, lievito, infuso in acqua di foglie di Canapa (derivate da coltivazione di Canapa Sativa l. certificata E.U.)<\/p>\n<p><strong>Contiene glutine<\/strong><\/p>\n<p>IBU 35 \u2013 EBC 11 \u2013 OG12.6 PLATO<br \/>\nALCOL ABV 5,6%<\/p>\n","protected":false},"excerpt":{"rendered":"<p>SORBET AMERICAN PALE ALE La Sorbet \u00e8 una birra in [&hellip;]<\/p>\n","protected":false},"featured_media":15316,"comment_status":"open","ping_status":"closed","template":"","meta":{"_acf_changed":false,"_joinchat":[]},"product_brand":[],"product_cat":[159,45],"product_tag":[135,138],"class_list":{"0":"post-9154","1":"product","2":"type-product","3":"status-publish","4":"has-post-thumbnail","6":"product_cat-articoli-a-marchio-canapando","7":"product_cat-prodotti-alimentari","8":"product_tag-articoli-canapando","9":"product_tag-birre-e-liquori","11":"first","12":"instock","13":"taxable","14":"shipping-taxable","15":"purchasable","16":"product-type-simple"},"acf":{"tipologia":"","campo_libero":""},"yoast_head":"<!-- This site is optimized with the Yoast SEO plugin v27.5 - https:\/\/yoast.com\/product\/yoast-seo-wordpress\/ -->\n<title>Birra Grower&#039;s Passion Sorbet Edition<\/title>\n<meta name=\"description\" content=\"Birra alla Canapa - in collaborazione con In Bocca al Luppolo - Vol 5,6%, Ibu 35, Ebc 14.- Acquista ora - Canapando\u00ae\" \/>\n<meta name=\"robots\" content=\"index, follow, max-snippet:-1, max-image-preview:large, max-video-preview:-1\" \/>\n<link rel=\"canonical\" href=\"https:\/\/canapando.net\/shop\/prodotto\/birra-alla-canapa-canapando\/\" \/>\n<meta name=\"twitter:label1\" content=\"Tempo di lettura stimato\" \/>\n\t<meta name=\"twitter:data1\" content=\"1 minuto\" \/>\n<script type=\"application\/ld+json\" class=\"yoast-schema-graph\">{\"@context\":\"https:\\\/\\\/schema.org\",\"@graph\":[{\"@type\":\"WebPage\",\"@id\":\"https:\\\/\\\/canapando.net\\\/shop\\\/prodotto\\\/birra-alla-canapa-canapando\\\/\",\"url\":\"https:\\\/\\\/canapando.net\\\/shop\\\/prodotto\\\/birra-alla-canapa-canapando\\\/\",\"name\":\"Birra Grower's Passion Sorbet Edition\",\"isPartOf\":{\"@id\":\"https:\\\/\\\/canapando.net\\\/shop\\\/#website\"},\"primaryImageOfPage\":{\"@id\":\"https:\\\/\\\/canapando.net\\\/shop\\\/prodotto\\\/birra-alla-canapa-canapando\\\/#primaryimage\"},\"image\":{\"@id\":\"https:\\\/\\\/canapando.net\\\/shop\\\/prodotto\\\/birra-alla-canapa-canapando\\\/#primaryimage\"},\"thumbnailUrl\":\"https:\\\/\\\/canapando.net\\\/shop\\\/wp-content\\\/uploads\\\/2022\\\/03\\\/4-SORBET.png\",\"datePublished\":\"2022-03-21T14:10:37+00:00\",\"dateModified\":\"2026-01-31T23:00:07+00:00\",\"description\":\"Birra alla Canapa - in collaborazione con In Bocca al Luppolo - Vol 5,6%, Ibu 35, Ebc 14.- Acquista ora - Canapando\u00ae\",\"breadcrumb\":{\"@id\":\"https:\\\/\\\/canapando.net\\\/shop\\\/prodotto\\\/birra-alla-canapa-canapando\\\/#breadcrumb\"},\"inLanguage\":\"it-IT\",\"potentialAction\":[{\"@type\":\"ReadAction\",\"target\":[\"https:\\\/\\\/canapando.net\\\/shop\\\/prodotto\\\/birra-alla-canapa-canapando\\\/\"]}]},{\"@type\":\"ImageObject\",\"inLanguage\":\"it-IT\",\"@id\":\"https:\\\/\\\/canapando.net\\\/shop\\\/prodotto\\\/birra-alla-canapa-canapando\\\/#primaryimage\",\"url\":\"https:\\\/\\\/canapando.net\\\/shop\\\/wp-content\\\/uploads\\\/2022\\\/03\\\/4-SORBET.png\",\"contentUrl\":\"https:\\\/\\\/canapando.net\\\/shop\\\/wp-content\\\/uploads\\\/2022\\\/03\\\/4-SORBET.png\",\"width\":1080,\"height\":1080},{\"@type\":\"BreadcrumbList\",\"@id\":\"https:\\\/\\\/canapando.net\\\/shop\\\/prodotto\\\/birra-alla-canapa-canapando\\\/#breadcrumb\",\"itemListElement\":[{\"@type\":\"ListItem\",\"position\":1,\"name\":\"Home\",\"item\":\"https:\\\/\\\/canapando.net\\\/shop\\\/\"},{\"@type\":\"ListItem\",\"position\":2,\"name\":\"Shop\",\"item\":\"https:\\\/\\\/canapando.net\\\/shop\\\/negozio\\\/\"},{\"@type\":\"ListItem\",\"position\":3,\"name\":\"Birra Sorbet &#8211; American Pale Ale &#8211; lattina 33cl (in collaborazione con Rebel&#8217;s)\"}]},{\"@type\":\"WebSite\",\"@id\":\"https:\\\/\\\/canapando.net\\\/shop\\\/#website\",\"url\":\"https:\\\/\\\/canapando.net\\\/shop\\\/\",\"name\":\"Canapando Shop\",\"description\":\"Hemp shop Roma\",\"publisher\":{\"@id\":\"https:\\\/\\\/canapando.net\\\/shop\\\/#organization\"},\"potentialAction\":[{\"@type\":\"SearchAction\",\"target\":{\"@type\":\"EntryPoint\",\"urlTemplate\":\"https:\\\/\\\/canapando.net\\\/shop\\\/?s={search_term_string}\"},\"query-input\":{\"@type\":\"PropertyValueSpecification\",\"valueRequired\":true,\"valueName\":\"search_term_string\"}}],\"inLanguage\":\"it-IT\"},{\"@type\":\"Organization\",\"@id\":\"https:\\\/\\\/canapando.net\\\/shop\\\/#organization\",\"name\":\"Canapando\u00ae\",\"url\":\"https:\\\/\\\/canapando.net\\\/shop\\\/\",\"logo\":{\"@type\":\"ImageObject\",\"inLanguage\":\"it-IT\",\"@id\":\"https:\\\/\\\/canapando.net\\\/shop\\\/#\\\/schema\\\/logo\\\/image\\\/\",\"url\":\"https:\\\/\\\/canapando.net\\\/shop\\\/wp-content\\\/uploads\\\/2021\\\/01\\\/logocanapando.png\",\"contentUrl\":\"https:\\\/\\\/canapando.net\\\/shop\\\/wp-content\\\/uploads\\\/2021\\\/01\\\/logocanapando.png\",\"width\":197,\"height\":110,\"caption\":\"Canapando\u00ae\"},\"image\":{\"@id\":\"https:\\\/\\\/canapando.net\\\/shop\\\/#\\\/schema\\\/logo\\\/image\\\/\"},\"sameAs\":[\"https:\\\/\\\/it-it.facebook.com\\\/canapando.offical\\\/\"]}]}<\/script>\n<!-- \/ Yoast SEO plugin. -->","yoast_head_json":{"title":"Birra Grower's Passion Sorbet Edition","description":"Birra alla Canapa - in collaborazione con In Bocca al Luppolo - Vol 5,6%, Ibu 35, Ebc 14.- Acquista ora - Canapando\u00ae","robots":{"index":"index","follow":"follow","max-snippet":"max-snippet:-1","max-image-preview":"max-image-preview:large","max-video-preview":"max-video-preview:-1"},"canonical":"https:\/\/canapando.net\/shop\/prodotto\/birra-alla-canapa-canapando\/","twitter_misc":{"Tempo di lettura stimato":"1 minuto"},"schema":{"@context":"https:\/\/schema.org","@graph":[{"@type":"WebPage","@id":"https:\/\/canapando.net\/shop\/prodotto\/birra-alla-canapa-canapando\/","url":"https:\/\/canapando.net\/shop\/prodotto\/birra-alla-canapa-canapando\/","name":"Birra Grower's Passion Sorbet Edition","isPartOf":{"@id":"https:\/\/canapando.net\/shop\/#website"},"primaryImageOfPage":{"@id":"https:\/\/canapando.net\/shop\/prodotto\/birra-alla-canapa-canapando\/#primaryimage"},"image":{"@id":"https:\/\/canapando.net\/shop\/prodotto\/birra-alla-canapa-canapando\/#primaryimage"},"thumbnailUrl":"https:\/\/canapando.net\/shop\/wp-content\/uploads\/2022\/03\/4-SORBET.png","datePublished":"2022-03-21T14:10:37+00:00","dateModified":"2026-01-31T23:00:07+00:00","description":"Birra alla Canapa - in collaborazione con In Bocca al Luppolo - Vol 5,6%, Ibu 35, Ebc 14.- Acquista ora - Canapando\u00ae","breadcrumb":{"@id":"https:\/\/canapando.net\/shop\/prodotto\/birra-alla-canapa-canapando\/#breadcrumb"},"inLanguage":"it-IT","potentialAction":[{"@type":"ReadAction","target":["https:\/\/canapando.net\/shop\/prodotto\/birra-alla-canapa-canapando\/"]}]},{"@type":"ImageObject","inLanguage":"it-IT","@id":"https:\/\/canapando.net\/shop\/prodotto\/birra-alla-canapa-canapando\/#primaryimage","url":"https:\/\/canapando.net\/shop\/wp-content\/uploads\/2022\/03\/4-SORBET.png","contentUrl":"https:\/\/canapando.net\/shop\/wp-content\/uploads\/2022\/03\/4-SORBET.png","width":1080,"height":1080},{"@type":"BreadcrumbList","@id":"https:\/\/canapando.net\/shop\/prodotto\/birra-alla-canapa-canapando\/#breadcrumb","itemListElement":[{"@type":"ListItem","position":1,"name":"Home","item":"https:\/\/canapando.net\/shop\/"},{"@type":"ListItem","position":2,"name":"Shop","item":"https:\/\/canapando.net\/shop\/negozio\/"},{"@type":"ListItem","position":3,"name":"Birra Sorbet &#8211; American Pale Ale &#8211; lattina 33cl (in collaborazione con Rebel&#8217;s)"}]},{"@type":"WebSite","@id":"https:\/\/canapando.net\/shop\/#website","url":"https:\/\/canapando.net\/shop\/","name":"Canapando Shop","description":"Hemp shop Roma","publisher":{"@id":"https:\/\/canapando.net\/shop\/#organization"},"potentialAction":[{"@type":"SearchAction","target":{"@type":"EntryPoint","urlTemplate":"https:\/\/canapando.net\/shop\/?s={search_term_string}"},"query-input":{"@type":"PropertyValueSpecification","valueRequired":true,"valueName":"search_term_string"}}],"inLanguage":"it-IT"},{"@type":"Organization","@id":"https:\/\/canapando.net\/shop\/#organization","name":"Canapando\u00ae","url":"https:\/\/canapando.net\/shop\/","logo":{"@type":"ImageObject","inLanguage":"it-IT","@id":"https:\/\/canapando.net\/shop\/#\/schema\/logo\/image\/","url":"https:\/\/canapando.net\/shop\/wp-content\/uploads\/2021\/01\/logocanapando.png","contentUrl":"https:\/\/canapando.net\/shop\/wp-content\/uploads\/2021\/01\/logocanapando.png","width":197,"height":110,"caption":"Canapando\u00ae"},"image":{"@id":"https:\/\/canapando.net\/shop\/#\/schema\/logo\/image\/"},"sameAs":["https:\/\/it-it.facebook.com\/canapando.offical\/"]}]}},"_links":{"self":[{"href":"https:\/\/canapando.net\/shop\/wp-json\/wp\/v2\/product\/9154","targetHints":{"allow":["GET"]}}],"collection":[{"href":"https:\/\/canapando.net\/shop\/wp-json\/wp\/v2\/product"}],"about":[{"href":"https:\/\/canapando.net\/shop\/wp-json\/wp\/v2\/types\/product"}],"replies":[{"embeddable":true,"href":"https:\/\/canapando.net\/shop\/wp-json\/wp\/v2\/comments?post=9154"}],"wp:featuredmedia":[{"embeddable":true,"href":"https:\/\/canapando.net\/shop\/wp-json\/wp\/v2\/media\/15316"}],"wp:attachment":[{"href":"https:\/\/canapando.net\/shop\/wp-json\/wp\/v2\/media?parent=9154"}],"wp:term":[{"taxonomy":"product_brand","embeddable":true,"href":"https:\/\/canapando.net\/shop\/wp-json\/wp\/v2\/product_brand?post=9154"},{"taxonomy":"product_cat","embeddable":true,"href":"https:\/\/canapando.net\/shop\/wp-json\/wp\/v2\/product_cat?post=9154"},{"taxonomy":"product_tag","embeddable":true,"href":"https:\/\/canapando.net\/shop\/wp-json\/wp\/v2\/product_tag?post=9154"}],"curies":[{"name":"wp","href":"https:\/\/api.w.org\/{rel}","templated":true}]}}