{"id":9846,"date":"2022-05-25T08:26:19","date_gmt":"2022-05-25T08:26:19","guid":{"rendered":"https:\/\/canapando.net\/shop\/?post_type=product&#038;p=9846"},"modified":"2026-01-01T00:00:27","modified_gmt":"2025-12-31T23:00:27","slug":"sigaretta-da-svapo-monouso-zkittles","status":"publish","type":"product","link":"https:\/\/canapando.net\/shop\/prodotto\/sigaretta-da-svapo-monouso-zkittles\/","title":{"rendered":"CBD Kush Zkittles"},"content":{"rendered":"<h4>Zkittles Kush CBD<\/h4>\n<h4>200mg CBD \u2022 40% CBD \u2022 1mg per boccata<\/h4>\n<h4>Le penne usa e getta sono eleganti, discrete, efficienti e sono pronte per l&#8217;uso. Utilizzando la tecnologia del flusso d&#8217;aria pi\u00f9 affidabile e all&#8217;avanguardia le penne Kush Vape CBD sono realizzate per resistere a perdite e intasamenti, con tutto il sapore delle tue variet\u00e0 preferite e tutto il sorprendente sollievo del CBD.<\/h4>\n<p>Scopri tutta la gamma di sigarette da svapo Canapando\u00ae. <a href=\"https:\/\/canapando.net\/shop\/categoria-prodotto\/vaporizzatori-e-accessori\/\">Clicca qui.<\/a><\/p>\n<p>Vuoi saperne di pi\u00f9 sul\u00a0 mondo Canapando\u00ae? <a href=\"https:\/\/www.canapando.net\/\">Clicca qui<\/a><\/p>\n","protected":false},"excerpt":{"rendered":"<p>Il nuovissimo Zkittles Kush CBD Vape \u00e8 il CBD al gusto di caramella pi\u00f9 gustoso che tu abbia mai provato. Creata con i terpeni naturali della pluripremiata variet\u00e0 a predominanza indica Zkittles. Questa variet\u00e0 col retrogusto di caramelle alla frutta tropicale ha arricchito la nostra ultima penna con un soddisfacente sapore di fruttato. Con un massimo di 200 boccate in un solo vaporizzatore a<br \/>\npenna usa e getta, Kush CBD Vape \u00e8 il modo pi\u00f9 divertente per inserire un po&#8217; di CBD nel tuo stile di vita frenetico.<\/p>\n<h3>Le penne usa e getta sono eleganti, discrete, efficienti e sono pronte per l&#8217;uso. Utilizzando la tecnologia del flusso d&#8217;aria pi\u00f9 affidabile e all&#8217;avanguardia le penne Kush Vape CBD sono realizzate per resistere a perdite e intasamenti, con tutto il sapore delle tue variet\u00e0 preferite e tutto il sorprendente sollievo del CBD.<\/h3>\n<h3>200mg CBD \u00a0\u2022 \u00a040% CBD \u00a0\u2022 \u00a01mg Per Puff<\/h3>\n","protected":false},"featured_media":13759,"comment_status":"open","ping_status":"closed","template":"","meta":{"_acf_changed":false,"_joinchat":[]},"product_brand":[],"product_cat":[150,151],"product_tag":[],"class_list":{"0":"post-9846","1":"product","2":"type-product","3":"status-publish","4":"has-post-thumbnail","6":"product_cat-cbd-kush-vape","7":"product_cat-kush-cbd","9":"first","10":"instock","11":"taxable","12":"shipping-taxable","13":"purchasable","14":"product-type-simple"},"acf":{"tipologia":["solo_estero"],"campo_libero":""},"yoast_head":"<!-- This site is optimized with the Yoast SEO plugin v27.5 - https:\/\/yoast.com\/product\/yoast-seo-wordpress\/ -->\n<title>CBD Kush Zkittles - Canapando Shop<\/title>\n<meta name=\"description\" content=\"Sigaretta da svapo monouso Zkittles - creata con i terpeni naturali della pluripremiata variet\u00e0 a predominanza indica - Acquista ora - Canapando\u00ae\" \/>\n<meta name=\"robots\" content=\"index, follow, max-snippet:-1, max-image-preview:large, max-video-preview:-1\" \/>\n<link rel=\"canonical\" href=\"https:\/\/canapando.net\/shop\/prodotto\/sigaretta-da-svapo-monouso-zkittles\/\" \/>\n<meta name=\"twitter:label1\" content=\"Tempo di lettura stimato\" \/>\n\t<meta name=\"twitter:data1\" content=\"1 minuto\" \/>\n<script type=\"application\/ld+json\" class=\"yoast-schema-graph\">{\"@context\":\"https:\\\/\\\/schema.org\",\"@graph\":[{\"@type\":\"WebPage\",\"@id\":\"https:\\\/\\\/canapando.net\\\/shop\\\/prodotto\\\/sigaretta-da-svapo-monouso-zkittles\\\/\",\"url\":\"https:\\\/\\\/canapando.net\\\/shop\\\/prodotto\\\/sigaretta-da-svapo-monouso-zkittles\\\/\",\"name\":\"CBD Kush Zkittles - Canapando Shop\",\"isPartOf\":{\"@id\":\"https:\\\/\\\/canapando.net\\\/shop\\\/#website\"},\"primaryImageOfPage\":{\"@id\":\"https:\\\/\\\/canapando.net\\\/shop\\\/prodotto\\\/sigaretta-da-svapo-monouso-zkittles\\\/#primaryimage\"},\"image\":{\"@id\":\"https:\\\/\\\/canapando.net\\\/shop\\\/prodotto\\\/sigaretta-da-svapo-monouso-zkittles\\\/#primaryimage\"},\"thumbnailUrl\":\"https:\\\/\\\/canapando.net\\\/shop\\\/wp-content\\\/uploads\\\/2023\\\/05\\\/Zkittles-T-300x300-1.png\",\"datePublished\":\"2022-05-25T08:26:19+00:00\",\"dateModified\":\"2025-12-31T23:00:27+00:00\",\"description\":\"Sigaretta da svapo monouso Zkittles - creata con i terpeni naturali della pluripremiata variet\u00e0 a predominanza indica - Acquista ora - Canapando\u00ae\",\"breadcrumb\":{\"@id\":\"https:\\\/\\\/canapando.net\\\/shop\\\/prodotto\\\/sigaretta-da-svapo-monouso-zkittles\\\/#breadcrumb\"},\"inLanguage\":\"it-IT\",\"potentialAction\":[{\"@type\":\"ReadAction\",\"target\":[\"https:\\\/\\\/canapando.net\\\/shop\\\/prodotto\\\/sigaretta-da-svapo-monouso-zkittles\\\/\"]}]},{\"@type\":\"ImageObject\",\"inLanguage\":\"it-IT\",\"@id\":\"https:\\\/\\\/canapando.net\\\/shop\\\/prodotto\\\/sigaretta-da-svapo-monouso-zkittles\\\/#primaryimage\",\"url\":\"https:\\\/\\\/canapando.net\\\/shop\\\/wp-content\\\/uploads\\\/2023\\\/05\\\/Zkittles-T-300x300-1.png\",\"contentUrl\":\"https:\\\/\\\/canapando.net\\\/shop\\\/wp-content\\\/uploads\\\/2023\\\/05\\\/Zkittles-T-300x300-1.png\",\"width\":300,\"height\":300},{\"@type\":\"BreadcrumbList\",\"@id\":\"https:\\\/\\\/canapando.net\\\/shop\\\/prodotto\\\/sigaretta-da-svapo-monouso-zkittles\\\/#breadcrumb\",\"itemListElement\":[{\"@type\":\"ListItem\",\"position\":1,\"name\":\"Home\",\"item\":\"https:\\\/\\\/canapando.net\\\/shop\\\/\"},{\"@type\":\"ListItem\",\"position\":2,\"name\":\"Shop\",\"item\":\"https:\\\/\\\/canapando.net\\\/shop\\\/negozio\\\/\"},{\"@type\":\"ListItem\",\"position\":3,\"name\":\"CBD Kush Zkittles\"}]},{\"@type\":\"WebSite\",\"@id\":\"https:\\\/\\\/canapando.net\\\/shop\\\/#website\",\"url\":\"https:\\\/\\\/canapando.net\\\/shop\\\/\",\"name\":\"Canapando Shop\",\"description\":\"Hemp shop Roma\",\"publisher\":{\"@id\":\"https:\\\/\\\/canapando.net\\\/shop\\\/#organization\"},\"potentialAction\":[{\"@type\":\"SearchAction\",\"target\":{\"@type\":\"EntryPoint\",\"urlTemplate\":\"https:\\\/\\\/canapando.net\\\/shop\\\/?s={search_term_string}\"},\"query-input\":{\"@type\":\"PropertyValueSpecification\",\"valueRequired\":true,\"valueName\":\"search_term_string\"}}],\"inLanguage\":\"it-IT\"},{\"@type\":\"Organization\",\"@id\":\"https:\\\/\\\/canapando.net\\\/shop\\\/#organization\",\"name\":\"Canapando\u00ae\",\"url\":\"https:\\\/\\\/canapando.net\\\/shop\\\/\",\"logo\":{\"@type\":\"ImageObject\",\"inLanguage\":\"it-IT\",\"@id\":\"https:\\\/\\\/canapando.net\\\/shop\\\/#\\\/schema\\\/logo\\\/image\\\/\",\"url\":\"https:\\\/\\\/canapando.net\\\/shop\\\/wp-content\\\/uploads\\\/2021\\\/01\\\/logocanapando.png\",\"contentUrl\":\"https:\\\/\\\/canapando.net\\\/shop\\\/wp-content\\\/uploads\\\/2021\\\/01\\\/logocanapando.png\",\"width\":197,\"height\":110,\"caption\":\"Canapando\u00ae\"},\"image\":{\"@id\":\"https:\\\/\\\/canapando.net\\\/shop\\\/#\\\/schema\\\/logo\\\/image\\\/\"},\"sameAs\":[\"https:\\\/\\\/it-it.facebook.com\\\/canapando.offical\\\/\"]}]}<\/script>\n<!-- \/ Yoast SEO plugin. -->","yoast_head_json":{"title":"CBD Kush Zkittles - Canapando Shop","description":"Sigaretta da svapo monouso Zkittles - creata con i terpeni naturali della pluripremiata variet\u00e0 a predominanza indica - Acquista ora - Canapando\u00ae","robots":{"index":"index","follow":"follow","max-snippet":"max-snippet:-1","max-image-preview":"max-image-preview:large","max-video-preview":"max-video-preview:-1"},"canonical":"https:\/\/canapando.net\/shop\/prodotto\/sigaretta-da-svapo-monouso-zkittles\/","twitter_misc":{"Tempo di lettura stimato":"1 minuto"},"schema":{"@context":"https:\/\/schema.org","@graph":[{"@type":"WebPage","@id":"https:\/\/canapando.net\/shop\/prodotto\/sigaretta-da-svapo-monouso-zkittles\/","url":"https:\/\/canapando.net\/shop\/prodotto\/sigaretta-da-svapo-monouso-zkittles\/","name":"CBD Kush Zkittles - Canapando Shop","isPartOf":{"@id":"https:\/\/canapando.net\/shop\/#website"},"primaryImageOfPage":{"@id":"https:\/\/canapando.net\/shop\/prodotto\/sigaretta-da-svapo-monouso-zkittles\/#primaryimage"},"image":{"@id":"https:\/\/canapando.net\/shop\/prodotto\/sigaretta-da-svapo-monouso-zkittles\/#primaryimage"},"thumbnailUrl":"https:\/\/canapando.net\/shop\/wp-content\/uploads\/2023\/05\/Zkittles-T-300x300-1.png","datePublished":"2022-05-25T08:26:19+00:00","dateModified":"2025-12-31T23:00:27+00:00","description":"Sigaretta da svapo monouso Zkittles - creata con i terpeni naturali della pluripremiata variet\u00e0 a predominanza indica - Acquista ora - Canapando\u00ae","breadcrumb":{"@id":"https:\/\/canapando.net\/shop\/prodotto\/sigaretta-da-svapo-monouso-zkittles\/#breadcrumb"},"inLanguage":"it-IT","potentialAction":[{"@type":"ReadAction","target":["https:\/\/canapando.net\/shop\/prodotto\/sigaretta-da-svapo-monouso-zkittles\/"]}]},{"@type":"ImageObject","inLanguage":"it-IT","@id":"https:\/\/canapando.net\/shop\/prodotto\/sigaretta-da-svapo-monouso-zkittles\/#primaryimage","url":"https:\/\/canapando.net\/shop\/wp-content\/uploads\/2023\/05\/Zkittles-T-300x300-1.png","contentUrl":"https:\/\/canapando.net\/shop\/wp-content\/uploads\/2023\/05\/Zkittles-T-300x300-1.png","width":300,"height":300},{"@type":"BreadcrumbList","@id":"https:\/\/canapando.net\/shop\/prodotto\/sigaretta-da-svapo-monouso-zkittles\/#breadcrumb","itemListElement":[{"@type":"ListItem","position":1,"name":"Home","item":"https:\/\/canapando.net\/shop\/"},{"@type":"ListItem","position":2,"name":"Shop","item":"https:\/\/canapando.net\/shop\/negozio\/"},{"@type":"ListItem","position":3,"name":"CBD Kush Zkittles"}]},{"@type":"WebSite","@id":"https:\/\/canapando.net\/shop\/#website","url":"https:\/\/canapando.net\/shop\/","name":"Canapando Shop","description":"Hemp shop Roma","publisher":{"@id":"https:\/\/canapando.net\/shop\/#organization"},"potentialAction":[{"@type":"SearchAction","target":{"@type":"EntryPoint","urlTemplate":"https:\/\/canapando.net\/shop\/?s={search_term_string}"},"query-input":{"@type":"PropertyValueSpecification","valueRequired":true,"valueName":"search_term_string"}}],"inLanguage":"it-IT"},{"@type":"Organization","@id":"https:\/\/canapando.net\/shop\/#organization","name":"Canapando\u00ae","url":"https:\/\/canapando.net\/shop\/","logo":{"@type":"ImageObject","inLanguage":"it-IT","@id":"https:\/\/canapando.net\/shop\/#\/schema\/logo\/image\/","url":"https:\/\/canapando.net\/shop\/wp-content\/uploads\/2021\/01\/logocanapando.png","contentUrl":"https:\/\/canapando.net\/shop\/wp-content\/uploads\/2021\/01\/logocanapando.png","width":197,"height":110,"caption":"Canapando\u00ae"},"image":{"@id":"https:\/\/canapando.net\/shop\/#\/schema\/logo\/image\/"},"sameAs":["https:\/\/it-it.facebook.com\/canapando.offical\/"]}]}},"_links":{"self":[{"href":"https:\/\/canapando.net\/shop\/wp-json\/wp\/v2\/product\/9846","targetHints":{"allow":["GET"]}}],"collection":[{"href":"https:\/\/canapando.net\/shop\/wp-json\/wp\/v2\/product"}],"about":[{"href":"https:\/\/canapando.net\/shop\/wp-json\/wp\/v2\/types\/product"}],"replies":[{"embeddable":true,"href":"https:\/\/canapando.net\/shop\/wp-json\/wp\/v2\/comments?post=9846"}],"wp:featuredmedia":[{"embeddable":true,"href":"https:\/\/canapando.net\/shop\/wp-json\/wp\/v2\/media\/13759"}],"wp:attachment":[{"href":"https:\/\/canapando.net\/shop\/wp-json\/wp\/v2\/media?parent=9846"}],"wp:term":[{"taxonomy":"product_brand","embeddable":true,"href":"https:\/\/canapando.net\/shop\/wp-json\/wp\/v2\/product_brand?post=9846"},{"taxonomy":"product_cat","embeddable":true,"href":"https:\/\/canapando.net\/shop\/wp-json\/wp\/v2\/product_cat?post=9846"},{"taxonomy":"product_tag","embeddable":true,"href":"https:\/\/canapando.net\/shop\/wp-json\/wp\/v2\/product_tag?post=9846"}],"curies":[{"name":"wp","href":"https:\/\/api.w.org\/{rel}","templated":true}]}}